{"id":2176,"date":"2025-06-28T12:06:03","date_gmt":"2025-06-28T10:06:03","guid":{"rendered":"https:\/\/uj.adatbank.ro\/lexikon\/termek\/banffy-ferenc-losonczi-banffi-ferenc\/"},"modified":"2025-06-28T12:06:03","modified_gmt":"2025-06-28T10:06:03","slug":"banffy-ferenc-losonczi-banffi-ferenc","status":"publish","type":"product","link":"https:\/\/uj.adatbank.ro\/lexikon\/termek\/banffy-ferenc-losonczi-banffi-ferenc\/","title":{"rendered":"B\u00c1NFFY Ferenc, losonczi., B\u00e1nffi Ferenc"},"content":{"rendered":"<p>? \u2020\u00a0? : kegy\u00far. \u2013 Testv\u00e9re: Albert. \u2013 Sz\u00e1szr\u00e9gen h\u00e1romnegyed r\u00e9sz\u00e9t birtokolta, negyed r\u00e9sze az Albert testv\u00e9r\u00e9\u00e9 volt. A kegyuras\u00e1ga al\u00e1 tartoz\u00f3 templom r\u00e9sz\u00e9re \u00e9s a birtok\u00e1n \u00e9p\u00fcl\u0151 \u00faj templomok r\u00e9sz\u00e9re b\u00facs\u00fakat eszk\u00f6z\u00f6lt R\u00f3m\u00e1ban (1453 k.). <br \/><strong>Irod.:<\/strong> Marton J\u00f3zsef<\/br><\/p>\n","protected":false},"excerpt":{"rendered":"<p>? \u2020\u00a0? : kegy\u00far. \u2013 Testv\u00e9re: Albert. \u2013 Sz\u00e1szr\u00e9gen h\u00e1romnegyed r\u00e9sz\u00e9t birtokolta, negyed r\u00e9sze az Albert testv\u00e9r\u00e9\u00e9 volt. A kegyuras\u00e1ga al\u00e1 tartoz\u00f3 templom r\u00e9sz\u00e9re \u00e9s a birtok\u00e1n \u00e9p\u00fcl\u0151 \u00faj templomok r\u00e9sz\u00e9re b\u00facs\u00fakat eszk\u00f6z\u00f6lt R\u00f3m\u00e1ban (1453 k.). Irod.: Marton J\u00f3zsef<\/p>\n","protected":false},"featured_media":0,"comment_status":"open","ping_status":"closed","template":"","meta":[],"product_brand":[],"product_cat":[137],"product_tag":[],"class_list":{"0":"post-2176","1":"product","2":"type-product","3":"status-publish","5":"product_cat-maros-megyei-eletrajzi-lexikon","7":"first","8":"instock","9":"shipping-taxable","10":"product-type-simple"},"_links":{"self":[{"href":"https:\/\/uj.adatbank.ro\/lexikon\/wp-json\/wp\/v2\/product\/2176","targetHints":{"allow":["GET"]}}],"collection":[{"href":"https:\/\/uj.adatbank.ro\/lexikon\/wp-json\/wp\/v2\/product"}],"about":[{"href":"https:\/\/uj.adatbank.ro\/lexikon\/wp-json\/wp\/v2\/types\/product"}],"replies":[{"embeddable":true,"href":"https:\/\/uj.adatbank.ro\/lexikon\/wp-json\/wp\/v2\/comments?post=2176"}],"wp:attachment":[{"href":"https:\/\/uj.adatbank.ro\/lexikon\/wp-json\/wp\/v2\/media?parent=2176"}],"wp:term":[{"taxonomy":"product_brand","embeddable":true,"href":"https:\/\/uj.adatbank.ro\/lexikon\/wp-json\/wp\/v2\/product_brand?post=2176"},{"taxonomy":"product_cat","embeddable":true,"href":"https:\/\/uj.adatbank.ro\/lexikon\/wp-json\/wp\/v2\/product_cat?post=2176"},{"taxonomy":"product_tag","embeddable":true,"href":"https:\/\/uj.adatbank.ro\/lexikon\/wp-json\/wp\/v2\/product_tag?post=2176"}],"curies":[{"name":"wp","href":"https:\/\/api.w.org\/{rel}","templated":true}]}}