{"id":21762,"date":"2025-07-22T19:36:41","date_gmt":"2025-07-22T17:36:41","guid":{"rendered":"https:\/\/uj.adatbank.ro\/lexikon\/termek\/szekely-gyorgy-3\/"},"modified":"2025-07-22T19:36:41","modified_gmt":"2025-07-22T17:36:41","slug":"szekely-gyorgy-3","status":"publish","type":"product","link":"https:\/\/uj.adatbank.ro\/lexikon\/termek\/szekely-gyorgy-3\/","title":{"rendered":"SZ\u00c9KELY Gy\u00f6rgy"},"content":{"rendered":"<p>Szentgerice? \u2020?: pap. \u2013 Luther\u00e1nus papnak szentelt\u00e9k fel Wittenbergben (1549), majd haza ment, sz\u00fcl\u0151f\u00f6ldj\u00e9re Szentgeric\u00e9re papnak. Ebb\u0151l arra lehet k\u00f6vetkeztetni, hogy a falu lakoss\u00e1ga a reform\u00e1ci\u00f3 sor\u00e1n luther\u00e1nus, de a 16. sz. folyam\u00e1n unit\u00e1rius lett. <br \/><strong>Irod.:<\/strong> Kelemen Lajos 1982; Szentgerice; Vayda Domokos: , akit\u0151l a m\u00faltat sem lehet megtagadni (Kr\u00f3nika, 2008. j\u00fal. 25\u201327.).<\/br><\/p>\n","protected":false},"excerpt":{"rendered":"<p>Szentgerice? \u2020?: pap. \u2013 Luther\u00e1nus papnak szentelt\u00e9k fel Wittenbergben (1549), majd haza ment, sz\u00fcl\u0151f\u00f6ldj\u00e9re Szentgeric\u00e9re papnak. Ebb\u0151l arra lehet k\u00f6vetkeztetni, hogy a falu lakoss\u00e1ga a reform\u00e1ci\u00f3 sor\u00e1n luther\u00e1nus, de a 16. sz. folyam\u00e1n unit\u00e1rius lett. Irod.: Kelemen Lajos 1982; Szentgerice; Vayda Domokos: , akit\u0151l a m\u00faltat sem lehet megtagadni (Kr\u00f3nika, 2008. j\u00fal. 25\u201327.).<\/p>\n","protected":false},"featured_media":0,"comment_status":"open","ping_status":"closed","template":"","meta":[],"product_brand":[],"product_cat":[137],"product_tag":[],"class_list":{"0":"post-21762","1":"product","2":"type-product","3":"status-publish","5":"product_cat-maros-megyei-eletrajzi-lexikon","7":"first","8":"instock","9":"shipping-taxable","10":"product-type-simple"},"_links":{"self":[{"href":"https:\/\/uj.adatbank.ro\/lexikon\/wp-json\/wp\/v2\/product\/21762","targetHints":{"allow":["GET"]}}],"collection":[{"href":"https:\/\/uj.adatbank.ro\/lexikon\/wp-json\/wp\/v2\/product"}],"about":[{"href":"https:\/\/uj.adatbank.ro\/lexikon\/wp-json\/wp\/v2\/types\/product"}],"replies":[{"embeddable":true,"href":"https:\/\/uj.adatbank.ro\/lexikon\/wp-json\/wp\/v2\/comments?post=21762"}],"wp:attachment":[{"href":"https:\/\/uj.adatbank.ro\/lexikon\/wp-json\/wp\/v2\/media?parent=21762"}],"wp:term":[{"taxonomy":"product_brand","embeddable":true,"href":"https:\/\/uj.adatbank.ro\/lexikon\/wp-json\/wp\/v2\/product_brand?post=21762"},{"taxonomy":"product_cat","embeddable":true,"href":"https:\/\/uj.adatbank.ro\/lexikon\/wp-json\/wp\/v2\/product_cat?post=21762"},{"taxonomy":"product_tag","embeddable":true,"href":"https:\/\/uj.adatbank.ro\/lexikon\/wp-json\/wp\/v2\/product_tag?post=21762"}],"curies":[{"name":"wp","href":"https:\/\/api.w.org\/{rel}","templated":true}]}}