{"id":21764,"date":"2025-07-22T19:36:44","date_gmt":"2025-07-22T17:36:44","guid":{"rendered":"https:\/\/uj.adatbank.ro\/lexikon\/termek\/szekely-gyorgy-5\/"},"modified":"2025-07-22T19:36:44","modified_gmt":"2025-07-22T17:36:44","slug":"szekely-gyorgy-5","status":"publish","type":"product","link":"https:\/\/uj.adatbank.ro\/lexikon\/termek\/szekely-gyorgy-5\/","title":{"rendered":"SZ\u00c9KELY Gy\u00f6rgy"},"content":{"rendered":"<p>1892? \u2020\u00a0Kijoviec, 1915. j\u00fan. 20. Marosbog\u00e1ton temett\u00e9k (1916. m\u00e1rc. 15.): tan\u00edt\u00f3, \u0151rmester. \u2013 Sz. Albert \u00e1llami elemi iskolai igazgat\u00f3-tan\u00edt\u00f3 \u00e9s Porzsolt Etelka fia. \u2013 Okleveles tan\u00edt\u00f3. A 22. honv\u00e9d gyalogezred I. \u00e9s II. oszt. ez\u00fcst vit\u00e9zs\u00e9gi \u00e9remmel kit\u00fcntetett hadapr\u00f3d-jel\u00f6lt \u0151rmestere a kijovieci rohamban h\u0151si hal\u00e1lt halt. <br \/><strong>Irod.:<\/strong> Gy\u00e1szjelent\u0151.<\/br><\/p>\n","protected":false},"excerpt":{"rendered":"<p>1892? \u2020\u00a0Kijoviec, 1915. j\u00fan. 20. Marosbog\u00e1ton temett\u00e9k (1916. m\u00e1rc. 15.): tan\u00edt\u00f3, \u0151rmester. \u2013 Sz. Albert \u00e1llami elemi iskolai igazgat\u00f3-tan\u00edt\u00f3 \u00e9s Porzsolt Etelka fia. \u2013 Okleveles tan\u00edt\u00f3. A 22. honv\u00e9d gyalogezred I. \u00e9s II. oszt. ez\u00fcst vit\u00e9zs\u00e9gi \u00e9remmel kit\u00fcntetett hadapr\u00f3d-jel\u00f6lt \u0151rmestere a kijovieci rohamban h\u0151si hal\u00e1lt halt. Irod.: Gy\u00e1szjelent\u0151.<\/p>\n","protected":false},"featured_media":0,"comment_status":"open","ping_status":"closed","template":"","meta":[],"product_brand":[],"product_cat":[137],"product_tag":[],"class_list":{"0":"post-21764","1":"product","2":"type-product","3":"status-publish","5":"product_cat-maros-megyei-eletrajzi-lexikon","7":"first","8":"instock","9":"shipping-taxable","10":"product-type-simple"},"_links":{"self":[{"href":"https:\/\/uj.adatbank.ro\/lexikon\/wp-json\/wp\/v2\/product\/21764","targetHints":{"allow":["GET"]}}],"collection":[{"href":"https:\/\/uj.adatbank.ro\/lexikon\/wp-json\/wp\/v2\/product"}],"about":[{"href":"https:\/\/uj.adatbank.ro\/lexikon\/wp-json\/wp\/v2\/types\/product"}],"replies":[{"embeddable":true,"href":"https:\/\/uj.adatbank.ro\/lexikon\/wp-json\/wp\/v2\/comments?post=21764"}],"wp:attachment":[{"href":"https:\/\/uj.adatbank.ro\/lexikon\/wp-json\/wp\/v2\/media?parent=21764"}],"wp:term":[{"taxonomy":"product_brand","embeddable":true,"href":"https:\/\/uj.adatbank.ro\/lexikon\/wp-json\/wp\/v2\/product_brand?post=21764"},{"taxonomy":"product_cat","embeddable":true,"href":"https:\/\/uj.adatbank.ro\/lexikon\/wp-json\/wp\/v2\/product_cat?post=21764"},{"taxonomy":"product_tag","embeddable":true,"href":"https:\/\/uj.adatbank.ro\/lexikon\/wp-json\/wp\/v2\/product_tag?post=21764"}],"curies":[{"name":"wp","href":"https:\/\/api.w.org\/{rel}","templated":true}]}}