{"id":21765,"date":"2025-07-22T19:36:45","date_gmt":"2025-07-22T17:36:45","guid":{"rendered":"https:\/\/uj.adatbank.ro\/lexikon\/termek\/szekely-gyorgy-6\/"},"modified":"2025-07-22T19:36:45","modified_gmt":"2025-07-22T17:36:45","slug":"szekely-gyorgy-6","status":"publish","type":"product","link":"https:\/\/uj.adatbank.ro\/lexikon\/termek\/szekely-gyorgy-6\/","title":{"rendered":"SZ\u00c9KELY Gy\u00f6rgy"},"content":{"rendered":"<p>Maross\u00e1rpatak, 1896, \u2020?: kisbirtokos, honv\u00e9d \u2013. Az 1. a vh. kit\u00f6r\u00e9sekor bevonult a 22. h. gy. e.-hez. (1915), kik\u00e9pz\u00e9s ut\u00e1n az orosz frontra k\u00fcldt\u00e9k, Tarnapoln\u00e1l harcolt, ahol fogs\u00e1gba esett (1915) 1921.-ben t\u00e9rt haza. B\u00e1tyja Mikl\u00f3s h\u0151si hal\u00e1lt halt (1915), ak\u00e1rcsak ap\u00f3sa B\u00f6jthe Mikl\u00f3s. <br \/><strong>Irod.:<\/strong> Berekm\u00e9ri\u2013G\u00e1lfi.<\/br><\/p>\n","protected":false},"excerpt":{"rendered":"<p>Maross\u00e1rpatak, 1896, \u2020?: kisbirtokos, honv\u00e9d \u2013. Az 1. a vh. kit\u00f6r\u00e9sekor bevonult a 22. h. gy. e.-hez. (1915), kik\u00e9pz\u00e9s ut\u00e1n az orosz frontra k\u00fcldt\u00e9k, Tarnapoln\u00e1l harcolt, ahol fogs\u00e1gba esett (1915) 1921.-ben t\u00e9rt haza. B\u00e1tyja Mikl\u00f3s h\u0151si hal\u00e1lt halt (1915), ak\u00e1rcsak ap\u00f3sa B\u00f6jthe Mikl\u00f3s. Irod.: Berekm\u00e9ri\u2013G\u00e1lfi.<\/p>\n","protected":false},"featured_media":0,"comment_status":"open","ping_status":"closed","template":"","meta":[],"product_brand":[],"product_cat":[137],"product_tag":[],"class_list":{"0":"post-21765","1":"product","2":"type-product","3":"status-publish","5":"product_cat-maros-megyei-eletrajzi-lexikon","7":"first","8":"instock","9":"shipping-taxable","10":"product-type-simple"},"_links":{"self":[{"href":"https:\/\/uj.adatbank.ro\/lexikon\/wp-json\/wp\/v2\/product\/21765","targetHints":{"allow":["GET"]}}],"collection":[{"href":"https:\/\/uj.adatbank.ro\/lexikon\/wp-json\/wp\/v2\/product"}],"about":[{"href":"https:\/\/uj.adatbank.ro\/lexikon\/wp-json\/wp\/v2\/types\/product"}],"replies":[{"embeddable":true,"href":"https:\/\/uj.adatbank.ro\/lexikon\/wp-json\/wp\/v2\/comments?post=21765"}],"wp:attachment":[{"href":"https:\/\/uj.adatbank.ro\/lexikon\/wp-json\/wp\/v2\/media?parent=21765"}],"wp:term":[{"taxonomy":"product_brand","embeddable":true,"href":"https:\/\/uj.adatbank.ro\/lexikon\/wp-json\/wp\/v2\/product_brand?post=21765"},{"taxonomy":"product_cat","embeddable":true,"href":"https:\/\/uj.adatbank.ro\/lexikon\/wp-json\/wp\/v2\/product_cat?post=21765"},{"taxonomy":"product_tag","embeddable":true,"href":"https:\/\/uj.adatbank.ro\/lexikon\/wp-json\/wp\/v2\/product_tag?post=21765"}],"curies":[{"name":"wp","href":"https:\/\/api.w.org\/{rel}","templated":true}]}}