{"id":21766,"date":"2025-07-22T19:36:48","date_gmt":"2025-07-22T17:36:48","guid":{"rendered":"https:\/\/uj.adatbank.ro\/lexikon\/termek\/szekely-gyorgy-7\/"},"modified":"2025-07-22T19:36:48","modified_gmt":"2025-07-22T17:36:48","slug":"szekely-gyorgy-7","status":"publish","type":"product","link":"https:\/\/uj.adatbank.ro\/lexikon\/termek\/szekely-gyorgy-7\/","title":{"rendered":"SZ\u00c9KELY Gy\u00f6rgy"},"content":{"rendered":"<p>? \u2020?: sz\u00e1szr\u00e9geni fi\u00f3kp\u00e9nzt\u00e1r alap\u00edt\u00f3, els\u0151 eln\u00f6k. <br \/><strong>Irod.:<\/strong> Hipper S\u00e1ndor: Mo.-i Munk\u00e1sok Rokkant- \u00e9s Nyugd\u00edjegyes\u00fclet\u00e9nek huszon\u00f6t\u00e9ves t\u00f6rt\u00e9nete 1893\u20131918 (Bp., 1918).<\/br><\/p>\n","protected":false},"excerpt":{"rendered":"<p>? \u2020?: sz\u00e1szr\u00e9geni fi\u00f3kp\u00e9nzt\u00e1r alap\u00edt\u00f3, els\u0151 eln\u00f6k. Irod.: Hipper S\u00e1ndor: Mo.-i Munk\u00e1sok Rokkant- \u00e9s Nyugd\u00edjegyes\u00fclet\u00e9nek huszon\u00f6t\u00e9ves t\u00f6rt\u00e9nete 1893\u20131918 (Bp., 1918).<\/p>\n","protected":false},"featured_media":0,"comment_status":"open","ping_status":"closed","template":"","meta":[],"product_brand":[],"product_cat":[137],"product_tag":[],"class_list":{"0":"post-21766","1":"product","2":"type-product","3":"status-publish","5":"product_cat-maros-megyei-eletrajzi-lexikon","7":"first","8":"instock","9":"shipping-taxable","10":"product-type-simple"},"_links":{"self":[{"href":"https:\/\/uj.adatbank.ro\/lexikon\/wp-json\/wp\/v2\/product\/21766","targetHints":{"allow":["GET"]}}],"collection":[{"href":"https:\/\/uj.adatbank.ro\/lexikon\/wp-json\/wp\/v2\/product"}],"about":[{"href":"https:\/\/uj.adatbank.ro\/lexikon\/wp-json\/wp\/v2\/types\/product"}],"replies":[{"embeddable":true,"href":"https:\/\/uj.adatbank.ro\/lexikon\/wp-json\/wp\/v2\/comments?post=21766"}],"wp:attachment":[{"href":"https:\/\/uj.adatbank.ro\/lexikon\/wp-json\/wp\/v2\/media?parent=21766"}],"wp:term":[{"taxonomy":"product_brand","embeddable":true,"href":"https:\/\/uj.adatbank.ro\/lexikon\/wp-json\/wp\/v2\/product_brand?post=21766"},{"taxonomy":"product_cat","embeddable":true,"href":"https:\/\/uj.adatbank.ro\/lexikon\/wp-json\/wp\/v2\/product_cat?post=21766"},{"taxonomy":"product_tag","embeddable":true,"href":"https:\/\/uj.adatbank.ro\/lexikon\/wp-json\/wp\/v2\/product_tag?post=21766"}],"curies":[{"name":"wp","href":"https:\/\/api.w.org\/{rel}","templated":true}]}}