{"id":21768,"date":"2025-07-22T19:36:53","date_gmt":"2025-07-22T17:36:53","guid":{"rendered":"https:\/\/uj.adatbank.ro\/lexikon\/termek\/szekely-gyula-2\/"},"modified":"2025-07-22T19:36:53","modified_gmt":"2025-07-22T17:36:53","slug":"szekely-gyula-2","status":"publish","type":"product","link":"https:\/\/uj.adatbank.ro\/lexikon\/termek\/szekely-gyula-2\/","title":{"rendered":"SZ\u00c9KELY Gyula"},"content":{"rendered":"<p>? \u2020?: szerkeszt\u0151. \u2013 Nagyszebenb\u0151l Mv.-re tette \u00e1t sz\u00e9khely\u00e9t a Sz\u00ednh\u00e1zi \u00c9let (1925), amelynek f\u0151munkat\u00e1rsa volt, \u00e9s amely v\u00e1ltakoz\u00f3 c\u00edmekkel (Sz\u00ednh\u00e1zi Vil\u00e1g, Mv.-i T\u00e1rsas\u00e1g, Marosmenti \u00c9let) t\u00e1j\u00e9koztatta a v\u00e1ros k\u00f6z\u00f6ns\u00e9g\u00e9t a sz\u00ednh\u00e1zi \u00e9letr\u0151l (\u20131935). Ugyancsak Sz\u00ednh\u00e1zi \u00dajs\u00e1g c. adott ki lapot (1934\u201335) Benczel B\u00e9l\u00e1val. <br \/><strong>Irod.:<\/strong> RMIL.<\/br><\/p>\n","protected":false},"excerpt":{"rendered":"<p>? \u2020?: szerkeszt\u0151. \u2013 Nagyszebenb\u0151l Mv.-re tette \u00e1t sz\u00e9khely\u00e9t a Sz\u00ednh\u00e1zi \u00c9let (1925), amelynek f\u0151munkat\u00e1rsa volt, \u00e9s amely v\u00e1ltakoz\u00f3 c\u00edmekkel (Sz\u00ednh\u00e1zi Vil\u00e1g, Mv.-i T\u00e1rsas\u00e1g, Marosmenti \u00c9let) t\u00e1j\u00e9koztatta a v\u00e1ros k\u00f6z\u00f6ns\u00e9g\u00e9t a sz\u00ednh\u00e1zi \u00e9letr\u0151l (\u20131935). Ugyancsak Sz\u00ednh\u00e1zi \u00dajs\u00e1g c. adott ki lapot (1934\u201335) Benczel B\u00e9l\u00e1val. Irod.: RMIL.<\/p>\n","protected":false},"featured_media":0,"comment_status":"open","ping_status":"closed","template":"","meta":[],"product_brand":[],"product_cat":[137],"product_tag":[],"class_list":{"0":"post-21768","1":"product","2":"type-product","3":"status-publish","5":"product_cat-maros-megyei-eletrajzi-lexikon","7":"first","8":"instock","9":"shipping-taxable","10":"product-type-simple"},"_links":{"self":[{"href":"https:\/\/uj.adatbank.ro\/lexikon\/wp-json\/wp\/v2\/product\/21768","targetHints":{"allow":["GET"]}}],"collection":[{"href":"https:\/\/uj.adatbank.ro\/lexikon\/wp-json\/wp\/v2\/product"}],"about":[{"href":"https:\/\/uj.adatbank.ro\/lexikon\/wp-json\/wp\/v2\/types\/product"}],"replies":[{"embeddable":true,"href":"https:\/\/uj.adatbank.ro\/lexikon\/wp-json\/wp\/v2\/comments?post=21768"}],"wp:attachment":[{"href":"https:\/\/uj.adatbank.ro\/lexikon\/wp-json\/wp\/v2\/media?parent=21768"}],"wp:term":[{"taxonomy":"product_brand","embeddable":true,"href":"https:\/\/uj.adatbank.ro\/lexikon\/wp-json\/wp\/v2\/product_brand?post=21768"},{"taxonomy":"product_cat","embeddable":true,"href":"https:\/\/uj.adatbank.ro\/lexikon\/wp-json\/wp\/v2\/product_cat?post=21768"},{"taxonomy":"product_tag","embeddable":true,"href":"https:\/\/uj.adatbank.ro\/lexikon\/wp-json\/wp\/v2\/product_tag?post=21768"}],"curies":[{"name":"wp","href":"https:\/\/api.w.org\/{rel}","templated":true}]}}