{"id":21769,"date":"2025-07-22T19:36:54","date_gmt":"2025-07-22T17:36:54","guid":{"rendered":"https:\/\/uj.adatbank.ro\/lexikon\/termek\/szekely-gyula-3\/"},"modified":"2025-07-22T19:36:54","modified_gmt":"2025-07-22T17:36:54","slug":"szekely-gyula-3","status":"publish","type":"product","link":"https:\/\/uj.adatbank.ro\/lexikon\/termek\/szekely-gyula-3\/","title":{"rendered":"SZ\u00c9KELY Gyula"},"content":{"rendered":"<p>Gyergy\u00f3alfalu, 1892. jan. 18., \u2020\u00a0Petrilla, 1945. aug. 20.: r. k. pap. \u2013 Tanulm\u00e1nyait Gyulafeh\u00e9rv\u00e1ron, Cs\u00edksomly\u00f3n, Sz\u00e9kelyudvarhelyen \u00e9s ism\u00e9t Gyulafeh\u00e9rv\u00e1ron v\u00e9gezte, papp\u00e1 szentelt\u00e9k (1914. j\u00fan. 27.). Szolg\u00e1lati helyei: Kudzsir, Cs\u00edkszereda, Cs\u00edksomly\u00f3, G\u00f6rg\u00e9nyszentimre (1926\u201331), Magyarfenes, Petrilla. <br \/><strong>Irod.:<\/strong> Ferenczi S\u00e1ndor 2009.<\/br><\/p>\n","protected":false},"excerpt":{"rendered":"<p>Gyergy\u00f3alfalu, 1892. jan. 18., \u2020\u00a0Petrilla, 1945. aug. 20.: r. k. pap. \u2013 Tanulm\u00e1nyait Gyulafeh\u00e9rv\u00e1ron, Cs\u00edksomly\u00f3n, Sz\u00e9kelyudvarhelyen \u00e9s ism\u00e9t Gyulafeh\u00e9rv\u00e1ron v\u00e9gezte, papp\u00e1 szentelt\u00e9k (1914. j\u00fan. 27.). Szolg\u00e1lati helyei: Kudzsir, Cs\u00edkszereda, Cs\u00edksomly\u00f3, G\u00f6rg\u00e9nyszentimre (1926\u201331), Magyarfenes, Petrilla. Irod.: Ferenczi S\u00e1ndor 2009.<\/p>\n","protected":false},"featured_media":0,"comment_status":"open","ping_status":"closed","template":"","meta":[],"product_brand":[],"product_cat":[137],"product_tag":[],"class_list":{"0":"post-21769","1":"product","2":"type-product","3":"status-publish","5":"product_cat-maros-megyei-eletrajzi-lexikon","7":"first","8":"instock","9":"shipping-taxable","10":"product-type-simple"},"_links":{"self":[{"href":"https:\/\/uj.adatbank.ro\/lexikon\/wp-json\/wp\/v2\/product\/21769","targetHints":{"allow":["GET"]}}],"collection":[{"href":"https:\/\/uj.adatbank.ro\/lexikon\/wp-json\/wp\/v2\/product"}],"about":[{"href":"https:\/\/uj.adatbank.ro\/lexikon\/wp-json\/wp\/v2\/types\/product"}],"replies":[{"embeddable":true,"href":"https:\/\/uj.adatbank.ro\/lexikon\/wp-json\/wp\/v2\/comments?post=21769"}],"wp:attachment":[{"href":"https:\/\/uj.adatbank.ro\/lexikon\/wp-json\/wp\/v2\/media?parent=21769"}],"wp:term":[{"taxonomy":"product_brand","embeddable":true,"href":"https:\/\/uj.adatbank.ro\/lexikon\/wp-json\/wp\/v2\/product_brand?post=21769"},{"taxonomy":"product_cat","embeddable":true,"href":"https:\/\/uj.adatbank.ro\/lexikon\/wp-json\/wp\/v2\/product_cat?post=21769"},{"taxonomy":"product_tag","embeddable":true,"href":"https:\/\/uj.adatbank.ro\/lexikon\/wp-json\/wp\/v2\/product_tag?post=21769"}],"curies":[{"name":"wp","href":"https:\/\/api.w.org\/{rel}","templated":true}]}}