{"id":2177,"date":"2025-06-28T12:06:04","date_gmt":"2025-06-28T10:06:04","guid":{"rendered":"https:\/\/uj.adatbank.ro\/lexikon\/termek\/banffy-gyorgy-albert\/"},"modified":"2025-06-28T12:06:04","modified_gmt":"2025-06-28T10:06:04","slug":"banffy-gyorgy-albert","status":"publish","type":"product","link":"https:\/\/uj.adatbank.ro\/lexikon\/termek\/banffy-gyorgy-albert\/","title":{"rendered":"B\u00c1NFFY Gy\u00f6rgy Albert"},"content":{"rendered":"<p>Bonyha, 1857. dec. 4. \u2020 Szerdahely, 1921. jan. 10.: cs. \u00e9s kir. husz\u00e1rf\u0151hadnagy, t\u00f6rv\u00e9nysz\u00e9ki \u00fcln\u00f6k, tolm\u00e1cs. \u2013 Feles\u00e9ge: 1. Csap\u00f3i R\u00e9z R\u00f3za ( Maroscsap\u00f3, 1867. aug. 8. \u2013 Mv., 1929.; Elv\u00e1ltak: Nagyszeben, 1890. m\u00e1rc. 19.), 2.: primor \u00e1rapataki Ger\u00e9b Ilma Gizella Erzs\u00e9bet Roz\u00e1lia (Ilka), (Illyefalva-Osdola, 1861. aug. 9. \u2013 Bp., 1940. nov. 20.). <br \/><strong>Irod.:<\/strong> Gudenus<\/br><\/p>\n","protected":false},"excerpt":{"rendered":"<p>Bonyha, 1857. dec. 4. \u2020 Szerdahely, 1921. jan. 10.: cs. \u00e9s kir. husz\u00e1rf\u0151hadnagy, t\u00f6rv\u00e9nysz\u00e9ki \u00fcln\u00f6k, tolm\u00e1cs. \u2013 Feles\u00e9ge: 1. Csap\u00f3i R\u00e9z R\u00f3za ( Maroscsap\u00f3, 1867. aug. 8. \u2013 Mv., 1929.; Elv\u00e1ltak: Nagyszeben, 1890. m\u00e1rc. 19.), 2.: primor \u00e1rapataki Ger\u00e9b Ilma Gizella Erzs\u00e9bet Roz\u00e1lia (Ilka), (Illyefalva-Osdola, 1861. aug. 9. \u2013 Bp., 1940. nov. 20.). Irod.: Gudenus<\/p>\n","protected":false},"featured_media":0,"comment_status":"open","ping_status":"closed","template":"","meta":[],"product_brand":[],"product_cat":[137],"product_tag":[],"class_list":{"0":"post-2177","1":"product","2":"type-product","3":"status-publish","5":"product_cat-maros-megyei-eletrajzi-lexikon","7":"first","8":"instock","9":"shipping-taxable","10":"product-type-simple"},"_links":{"self":[{"href":"https:\/\/uj.adatbank.ro\/lexikon\/wp-json\/wp\/v2\/product\/2177","targetHints":{"allow":["GET"]}}],"collection":[{"href":"https:\/\/uj.adatbank.ro\/lexikon\/wp-json\/wp\/v2\/product"}],"about":[{"href":"https:\/\/uj.adatbank.ro\/lexikon\/wp-json\/wp\/v2\/types\/product"}],"replies":[{"embeddable":true,"href":"https:\/\/uj.adatbank.ro\/lexikon\/wp-json\/wp\/v2\/comments?post=2177"}],"wp:attachment":[{"href":"https:\/\/uj.adatbank.ro\/lexikon\/wp-json\/wp\/v2\/media?parent=2177"}],"wp:term":[{"taxonomy":"product_brand","embeddable":true,"href":"https:\/\/uj.adatbank.ro\/lexikon\/wp-json\/wp\/v2\/product_brand?post=2177"},{"taxonomy":"product_cat","embeddable":true,"href":"https:\/\/uj.adatbank.ro\/lexikon\/wp-json\/wp\/v2\/product_cat?post=2177"},{"taxonomy":"product_tag","embeddable":true,"href":"https:\/\/uj.adatbank.ro\/lexikon\/wp-json\/wp\/v2\/product_tag?post=2177"}],"curies":[{"name":"wp","href":"https:\/\/api.w.org\/{rel}","templated":true}]}}