{"id":21770,"date":"2025-07-22T19:36:57","date_gmt":"2025-07-22T17:36:57","guid":{"rendered":"https:\/\/uj.adatbank.ro\/lexikon\/termek\/szekely-gyula-aladar\/"},"modified":"2025-07-22T19:36:57","modified_gmt":"2025-07-22T17:36:57","slug":"szekely-gyula-aladar","status":"publish","type":"product","link":"https:\/\/uj.adatbank.ro\/lexikon\/termek\/szekely-gyula-aladar\/","title":{"rendered":"SZ\u00c9KELY Gyula Alad\u00e1r"},"content":{"rendered":"<p>Segesv\u00e1r, 1927. aug.30., \u2020?: tan\u00edt\u00f3, egyh\u00e1zi fel\u00fcgyel\u0151 titk\u00e1r. \u2013 Tanult a sz\u00e9kelykereszt\u00fari tan\u00edt\u00f3k\u00e9pz\u0151ben (1946), katonatiszt a rom\u00e1n hadseregben (1947\u201356), termel\u00e9sszervez\u0151 a buk.-i villamosgy\u00e1rban (1956\u201386). Az MNSZ-ben kultur\u00e1lis rendezv\u00e9nyek szervez\u0151je. <br \/><strong>Irod.:<\/strong> EMKK2000; RMKK.<\/br><\/p>\n","protected":false},"excerpt":{"rendered":"<p>Segesv\u00e1r, 1927. aug.30., \u2020?: tan\u00edt\u00f3, egyh\u00e1zi fel\u00fcgyel\u0151 titk\u00e1r. \u2013 Tanult a sz\u00e9kelykereszt\u00fari tan\u00edt\u00f3k\u00e9pz\u0151ben (1946), katonatiszt a rom\u00e1n hadseregben (1947\u201356), termel\u00e9sszervez\u0151 a buk.-i villamosgy\u00e1rban (1956\u201386). Az MNSZ-ben kultur\u00e1lis rendezv\u00e9nyek szervez\u0151je. Irod.: EMKK2000; RMKK.<\/p>\n","protected":false},"featured_media":0,"comment_status":"open","ping_status":"closed","template":"","meta":[],"product_brand":[],"product_cat":[137],"product_tag":[],"class_list":{"0":"post-21770","1":"product","2":"type-product","3":"status-publish","5":"product_cat-maros-megyei-eletrajzi-lexikon","7":"first","8":"instock","9":"shipping-taxable","10":"product-type-simple"},"_links":{"self":[{"href":"https:\/\/uj.adatbank.ro\/lexikon\/wp-json\/wp\/v2\/product\/21770","targetHints":{"allow":["GET"]}}],"collection":[{"href":"https:\/\/uj.adatbank.ro\/lexikon\/wp-json\/wp\/v2\/product"}],"about":[{"href":"https:\/\/uj.adatbank.ro\/lexikon\/wp-json\/wp\/v2\/types\/product"}],"replies":[{"embeddable":true,"href":"https:\/\/uj.adatbank.ro\/lexikon\/wp-json\/wp\/v2\/comments?post=21770"}],"wp:attachment":[{"href":"https:\/\/uj.adatbank.ro\/lexikon\/wp-json\/wp\/v2\/media?parent=21770"}],"wp:term":[{"taxonomy":"product_brand","embeddable":true,"href":"https:\/\/uj.adatbank.ro\/lexikon\/wp-json\/wp\/v2\/product_brand?post=21770"},{"taxonomy":"product_cat","embeddable":true,"href":"https:\/\/uj.adatbank.ro\/lexikon\/wp-json\/wp\/v2\/product_cat?post=21770"},{"taxonomy":"product_tag","embeddable":true,"href":"https:\/\/uj.adatbank.ro\/lexikon\/wp-json\/wp\/v2\/product_tag?post=21770"}],"curies":[{"name":"wp","href":"https:\/\/api.w.org\/{rel}","templated":true}]}}