{"id":21771,"date":"2025-07-22T19:36:59","date_gmt":"2025-07-22T17:36:59","guid":{"rendered":"https:\/\/uj.adatbank.ro\/lexikon\/termek\/szekely-hermann\/"},"modified":"2025-07-22T19:36:59","modified_gmt":"2025-07-22T17:36:59","slug":"szekely-hermann","status":"publish","type":"product","link":"https:\/\/uj.adatbank.ro\/lexikon\/termek\/szekely-hermann\/","title":{"rendered":"SZ\u00c9KELY Hermann"},"content":{"rendered":"<p>? \u2020? fakeresked\u0151. \u2013 Testv\u00e9re: Lajos, 21. h. gy. e.-ben szakaszvezet\u0151, <strong>Kit\u00fcntet\u00e9sei:<\/strong> O1, O2. \u2013 Mv.-en volt fakeresked\u0151, igazgat\u00f3. Az I. vh.-ban a 21. h. gy. e. gyalogosa (1914. aug.\u201318. nov.). P\u00f3tz\u00e1szl\u00f3aljn\u00e1l teljes\u00edtett szolg\u00e1latot \u00e9s \u00e1llami \u00e9rdekb\u0151l felmentett\u00e9k. <br \/><strong>Irod.:<\/strong> M. hadviselt zsid\u00f3k.<\/br><\/p>\n","protected":false},"excerpt":{"rendered":"<p>? \u2020? fakeresked\u0151. \u2013 Testv\u00e9re: Lajos, 21. h. gy. e.-ben szakaszvezet\u0151, Kit\u00fcntet\u00e9sei: O1, O2. \u2013 Mv.-en volt fakeresked\u0151, igazgat\u00f3. Az I. vh.-ban a 21. h. gy. e. gyalogosa (1914. aug.\u201318. nov.). P\u00f3tz\u00e1szl\u00f3aljn\u00e1l teljes\u00edtett szolg\u00e1latot \u00e9s \u00e1llami \u00e9rdekb\u0151l felmentett\u00e9k. Irod.: M. hadviselt zsid\u00f3k.<\/p>\n","protected":false},"featured_media":0,"comment_status":"open","ping_status":"closed","template":"","meta":[],"product_brand":[],"product_cat":[137],"product_tag":[],"class_list":{"0":"post-21771","1":"product","2":"type-product","3":"status-publish","5":"product_cat-maros-megyei-eletrajzi-lexikon","7":"first","8":"instock","9":"shipping-taxable","10":"product-type-simple"},"_links":{"self":[{"href":"https:\/\/uj.adatbank.ro\/lexikon\/wp-json\/wp\/v2\/product\/21771","targetHints":{"allow":["GET"]}}],"collection":[{"href":"https:\/\/uj.adatbank.ro\/lexikon\/wp-json\/wp\/v2\/product"}],"about":[{"href":"https:\/\/uj.adatbank.ro\/lexikon\/wp-json\/wp\/v2\/types\/product"}],"replies":[{"embeddable":true,"href":"https:\/\/uj.adatbank.ro\/lexikon\/wp-json\/wp\/v2\/comments?post=21771"}],"wp:attachment":[{"href":"https:\/\/uj.adatbank.ro\/lexikon\/wp-json\/wp\/v2\/media?parent=21771"}],"wp:term":[{"taxonomy":"product_brand","embeddable":true,"href":"https:\/\/uj.adatbank.ro\/lexikon\/wp-json\/wp\/v2\/product_brand?post=21771"},{"taxonomy":"product_cat","embeddable":true,"href":"https:\/\/uj.adatbank.ro\/lexikon\/wp-json\/wp\/v2\/product_cat?post=21771"},{"taxonomy":"product_tag","embeddable":true,"href":"https:\/\/uj.adatbank.ro\/lexikon\/wp-json\/wp\/v2\/product_tag?post=21771"}],"curies":[{"name":"wp","href":"https:\/\/api.w.org\/{rel}","templated":true}]}}