{"id":21772,"date":"2025-07-22T19:37:01","date_gmt":"2025-07-22T17:37:01","guid":{"rendered":"https:\/\/uj.adatbank.ro\/lexikon\/termek\/szekely-imre\/"},"modified":"2025-07-22T19:37:01","modified_gmt":"2025-07-22T17:37:01","slug":"szekely-imre","status":"publish","type":"product","link":"https:\/\/uj.adatbank.ro\/lexikon\/termek\/szekely-imre\/","title":{"rendered":"SZ\u00c9KELY Imre"},"content":{"rendered":"<p>1913., \u2020\u00a0Mv., 1994. j\u00fan. 16.: orvos. \u2013 K\u00f6zeg\u00e9szs\u00e9gtan\u00e1sz orvos. Sanepid-f\u0151orvos Mv.-en. <br \/><strong>Irod.:<\/strong> Kiss Cs.M.3., [Nekrol\u00f3g] (N\u00fa., 1994. j\u00fan. 17.).<\/br><\/p>\n","protected":false},"excerpt":{"rendered":"<p>1913., \u2020\u00a0Mv., 1994. j\u00fan. 16.: orvos. \u2013 K\u00f6zeg\u00e9szs\u00e9gtan\u00e1sz orvos. Sanepid-f\u0151orvos Mv.-en. Irod.: Kiss Cs.M.3., [Nekrol\u00f3g] (N\u00fa., 1994. j\u00fan. 17.).<\/p>\n","protected":false},"featured_media":0,"comment_status":"open","ping_status":"closed","template":"","meta":[],"product_brand":[],"product_cat":[137],"product_tag":[],"class_list":{"0":"post-21772","1":"product","2":"type-product","3":"status-publish","5":"product_cat-maros-megyei-eletrajzi-lexikon","7":"first","8":"instock","9":"shipping-taxable","10":"product-type-simple"},"_links":{"self":[{"href":"https:\/\/uj.adatbank.ro\/lexikon\/wp-json\/wp\/v2\/product\/21772","targetHints":{"allow":["GET"]}}],"collection":[{"href":"https:\/\/uj.adatbank.ro\/lexikon\/wp-json\/wp\/v2\/product"}],"about":[{"href":"https:\/\/uj.adatbank.ro\/lexikon\/wp-json\/wp\/v2\/types\/product"}],"replies":[{"embeddable":true,"href":"https:\/\/uj.adatbank.ro\/lexikon\/wp-json\/wp\/v2\/comments?post=21772"}],"wp:attachment":[{"href":"https:\/\/uj.adatbank.ro\/lexikon\/wp-json\/wp\/v2\/media?parent=21772"}],"wp:term":[{"taxonomy":"product_brand","embeddable":true,"href":"https:\/\/uj.adatbank.ro\/lexikon\/wp-json\/wp\/v2\/product_brand?post=21772"},{"taxonomy":"product_cat","embeddable":true,"href":"https:\/\/uj.adatbank.ro\/lexikon\/wp-json\/wp\/v2\/product_cat?post=21772"},{"taxonomy":"product_tag","embeddable":true,"href":"https:\/\/uj.adatbank.ro\/lexikon\/wp-json\/wp\/v2\/product_tag?post=21772"}],"curies":[{"name":"wp","href":"https:\/\/api.w.org\/{rel}","templated":true}]}}