{"id":21773,"date":"2025-07-22T19:37:03","date_gmt":"2025-07-22T17:37:03","guid":{"rendered":"https:\/\/uj.adatbank.ro\/lexikon\/termek\/szekely-irma-kaali-nagy-irma-szekely-jozsefne\/"},"modified":"2025-07-22T19:37:03","modified_gmt":"2025-07-22T17:37:03","slug":"szekely-irma-kaali-nagy-irma-szekely-jozsefne","status":"publish","type":"product","link":"https:\/\/uj.adatbank.ro\/lexikon\/termek\/szekely-irma-kaali-nagy-irma-szekely-jozsefne\/","title":{"rendered":"SZ\u00c9KELY Irma, ka\u00e1li Nagy Irma, Sz\u00e9kely J\u00f3zsefn\u00e9"},"content":{"rendered":"<p>Sz\u00e9kelyk\u00e1l, 1906. j\u00fan. 4., \u2020\u00a0Mv., 2002. m\u00e1j. 14.: gy\u00e1rigazgat\u00f3, k\u00f6nyvel\u0151, k\u00f6nyvt\u00e1ros. \u2013 Testv\u00e9re: Ka\u00e1li Nagy J\u00f3zsef szobr\u00e1szm\u0171v\u00e9sz. F\u00e9rje: Sz. J\u00f3zsef gy\u00e1ros. Gyermekeik: ikrek B\u00e1lint orvos (1955 v\u00e9gzett); Zsuzsa, k\u00f6nyvt\u00e1ros (Mv., 1930. febr. 11. \u2013 Mv., 2014.). \u2013 A k\u00f6z\u00e9piskol\u00e1t mag\u00e1n\u00faton v\u00e9gezte Mv.-en, majd fels\u0151fok\u00fa kereskedelmi iskol\u00e1ban tanult. A Sz\u00e9kely \u00e9s R\u00e9ti B\u00fatorgy\u00e1rban k\u00f6nyvel\u0151, igazgat\u00f3 \u00e9s megb\u00edzott adminisztr\u00e1tor. Igazolv\u00e1nyt kapott, hogy kereskedelmi tev\u00e9kenys\u00e9get folytathat (1946. jan. 15.). Kereskedelmi k\u00f6nyvel\u0151 volt a v\u00e1rosi P\u00e9nz\u00fcgyigazgat\u00f3s\u00e1gn\u00e1l (?), k\u00f6nyvt\u00e1ros a Tartom\u00e1nyi K\u00f6nyvt\u00e1rban Mv.-en (1959 \u2013ig?). <br \/><strong>Irod.:<\/strong> csal\u00e1di inf.; A.N.S.J.M., fond C.C.I., Dosar nr. 282 \u2013 Firma \u201eSz\u00e9kely \u0219i R\u00e9ti\u201d, filele 155\u2013169.<\/br><\/p>\n","protected":false},"excerpt":{"rendered":"<p>Sz\u00e9kelyk\u00e1l, 1906. j\u00fan. 4., \u2020\u00a0Mv., 2002. m\u00e1j. 14.: gy\u00e1rigazgat\u00f3, k\u00f6nyvel\u0151, k\u00f6nyvt\u00e1ros. \u2013 Testv\u00e9re: Ka\u00e1li Nagy J\u00f3zsef szobr\u00e1szm\u0171v\u00e9sz. F\u00e9rje: Sz. J\u00f3zsef gy\u00e1ros. Gyermekeik: ikrek B\u00e1lint orvos (1955 v\u00e9gzett); Zsuzsa, k\u00f6nyvt\u00e1ros (Mv., 1930. febr. 11. \u2013 Mv., 2014.). \u2013 A k\u00f6z\u00e9piskol\u00e1t mag\u00e1n\u00faton v\u00e9gezte Mv.-en, majd fels\u0151fok\u00fa kereskedelmi iskol\u00e1ban tanult. A Sz\u00e9kely \u00e9s R\u00e9ti B\u00fatorgy\u00e1rban k\u00f6nyvel\u0151, igazgat\u00f3 \u00e9s [&hellip;]<\/p>\n","protected":false},"featured_media":0,"comment_status":"open","ping_status":"closed","template":"","meta":[],"product_brand":[],"product_cat":[137],"product_tag":[],"class_list":{"0":"post-21773","1":"product","2":"type-product","3":"status-publish","5":"product_cat-maros-megyei-eletrajzi-lexikon","7":"first","8":"instock","9":"shipping-taxable","10":"product-type-simple"},"_links":{"self":[{"href":"https:\/\/uj.adatbank.ro\/lexikon\/wp-json\/wp\/v2\/product\/21773","targetHints":{"allow":["GET"]}}],"collection":[{"href":"https:\/\/uj.adatbank.ro\/lexikon\/wp-json\/wp\/v2\/product"}],"about":[{"href":"https:\/\/uj.adatbank.ro\/lexikon\/wp-json\/wp\/v2\/types\/product"}],"replies":[{"embeddable":true,"href":"https:\/\/uj.adatbank.ro\/lexikon\/wp-json\/wp\/v2\/comments?post=21773"}],"wp:attachment":[{"href":"https:\/\/uj.adatbank.ro\/lexikon\/wp-json\/wp\/v2\/media?parent=21773"}],"wp:term":[{"taxonomy":"product_brand","embeddable":true,"href":"https:\/\/uj.adatbank.ro\/lexikon\/wp-json\/wp\/v2\/product_brand?post=21773"},{"taxonomy":"product_cat","embeddable":true,"href":"https:\/\/uj.adatbank.ro\/lexikon\/wp-json\/wp\/v2\/product_cat?post=21773"},{"taxonomy":"product_tag","embeddable":true,"href":"https:\/\/uj.adatbank.ro\/lexikon\/wp-json\/wp\/v2\/product_tag?post=21773"}],"curies":[{"name":"wp","href":"https:\/\/api.w.org\/{rel}","templated":true}]}}