{"id":21774,"date":"2025-07-22T19:37:05","date_gmt":"2025-07-22T17:37:05","guid":{"rendered":"https:\/\/uj.adatbank.ro\/lexikon\/termek\/szekely-istvan\/"},"modified":"2025-07-22T19:37:05","modified_gmt":"2025-07-22T17:37:05","slug":"szekely-istvan","status":"publish","type":"product","link":"https:\/\/uj.adatbank.ro\/lexikon\/termek\/szekely-istvan\/","title":{"rendered":"SZ\u00c9KELY Istv\u00e1n"},"content":{"rendered":"<p>1794? \u2020\u00a0B\u00f6z\u00f6d, 1876.: tan\u00edt\u00f3. \u2013 B\u00f6z\u00f6d\u00f6n tan\u00edtott (1849\u201376). <br \/><strong>Irod.:<\/strong> Koncz 1905.<\/br><\/p>\n","protected":false},"excerpt":{"rendered":"<p>1794? \u2020\u00a0B\u00f6z\u00f6d, 1876.: tan\u00edt\u00f3. \u2013 B\u00f6z\u00f6d\u00f6n tan\u00edtott (1849\u201376). Irod.: Koncz 1905.<\/p>\n","protected":false},"featured_media":0,"comment_status":"open","ping_status":"closed","template":"","meta":[],"product_brand":[],"product_cat":[137],"product_tag":[],"class_list":{"0":"post-21774","1":"product","2":"type-product","3":"status-publish","5":"product_cat-maros-megyei-eletrajzi-lexikon","7":"first","8":"instock","9":"shipping-taxable","10":"product-type-simple"},"_links":{"self":[{"href":"https:\/\/uj.adatbank.ro\/lexikon\/wp-json\/wp\/v2\/product\/21774","targetHints":{"allow":["GET"]}}],"collection":[{"href":"https:\/\/uj.adatbank.ro\/lexikon\/wp-json\/wp\/v2\/product"}],"about":[{"href":"https:\/\/uj.adatbank.ro\/lexikon\/wp-json\/wp\/v2\/types\/product"}],"replies":[{"embeddable":true,"href":"https:\/\/uj.adatbank.ro\/lexikon\/wp-json\/wp\/v2\/comments?post=21774"}],"wp:attachment":[{"href":"https:\/\/uj.adatbank.ro\/lexikon\/wp-json\/wp\/v2\/media?parent=21774"}],"wp:term":[{"taxonomy":"product_brand","embeddable":true,"href":"https:\/\/uj.adatbank.ro\/lexikon\/wp-json\/wp\/v2\/product_brand?post=21774"},{"taxonomy":"product_cat","embeddable":true,"href":"https:\/\/uj.adatbank.ro\/lexikon\/wp-json\/wp\/v2\/product_cat?post=21774"},{"taxonomy":"product_tag","embeddable":true,"href":"https:\/\/uj.adatbank.ro\/lexikon\/wp-json\/wp\/v2\/product_tag?post=21774"}],"curies":[{"name":"wp","href":"https:\/\/api.w.org\/{rel}","templated":true}]}}