{"id":21775,"date":"2025-07-22T19:37:07","date_gmt":"2025-07-22T17:37:07","guid":{"rendered":"https:\/\/uj.adatbank.ro\/lexikon\/termek\/szekely-istvan-2\/"},"modified":"2025-07-22T19:37:07","modified_gmt":"2025-07-22T17:37:07","slug":"szekely-istvan-2","status":"publish","type":"product","link":"https:\/\/uj.adatbank.ro\/lexikon\/termek\/szekely-istvan-2\/","title":{"rendered":"SZ\u00c9KELY Istv\u00e1n"},"content":{"rendered":"<p>? \u2020?: m. kir. posta- \u00e9s t\u00e1v\u00edr\u00f3fel\u00fcgyel\u0151 Segesv\u00e1rt. \u2013 El\u0151bb Kolozsv\u00e1rt volt hivatalban, majd Segesv\u00e1rt. Szerkesztette \u00e9s kiadta a Magyar T\u00e1virda Napt\u00e1rt 1877-re \u00e9s 1878-ra Kolozsv\u00e1rt. \u2013 <strong>F. m.<\/strong>: T\u00e1virdai g\u00e9p- \u00e9s kapcsol\u00e1stan a posta- \u00e9s t\u00e1virdaint\u00e9zetn\u00e9l alkalmazottak haszn\u00e1lat\u00e1ra. 50 k\u0151metszet\u0171 \u00e1br\u00e1val. (Kv., 1876, 1893); 1867-t\u0151l 1890. m\u00e1j. 1-ig megjelent \u00e9s \u00e9rv\u00e9nyben lev\u0151 \u201eposta- \u00e9s t\u00e1virda rendeletek\u201d r\u00f6vid sz\u00f6vegez\u00e9ssel ell\u00e1tott t\u00e1rgymutat\u00f3ja. (Bp., 1890.); Postai k\u00e9zik\u00f6nyv. (Kv., 1895.). <br \/><strong>Irod.:<\/strong> Szinnyei.<\/br><\/p>\n","protected":false},"excerpt":{"rendered":"<p>? \u2020?: m. kir. posta- \u00e9s t\u00e1v\u00edr\u00f3fel\u00fcgyel\u0151 Segesv\u00e1rt. \u2013 El\u0151bb Kolozsv\u00e1rt volt hivatalban, majd Segesv\u00e1rt. Szerkesztette \u00e9s kiadta a Magyar T\u00e1virda Napt\u00e1rt 1877-re \u00e9s 1878-ra Kolozsv\u00e1rt. \u2013 F. m.: T\u00e1virdai g\u00e9p- \u00e9s kapcsol\u00e1stan a posta- \u00e9s t\u00e1virdaint\u00e9zetn\u00e9l alkalmazottak haszn\u00e1lat\u00e1ra. 50 k\u0151metszet\u0171 \u00e1br\u00e1val. (Kv., 1876, 1893); 1867-t\u0151l 1890. m\u00e1j. 1-ig megjelent \u00e9s \u00e9rv\u00e9nyben lev\u0151 \u201eposta- \u00e9s [&hellip;]<\/p>\n","protected":false},"featured_media":0,"comment_status":"open","ping_status":"closed","template":"","meta":[],"product_brand":[],"product_cat":[137],"product_tag":[],"class_list":{"0":"post-21775","1":"product","2":"type-product","3":"status-publish","5":"product_cat-maros-megyei-eletrajzi-lexikon","7":"first","8":"instock","9":"shipping-taxable","10":"product-type-simple"},"_links":{"self":[{"href":"https:\/\/uj.adatbank.ro\/lexikon\/wp-json\/wp\/v2\/product\/21775","targetHints":{"allow":["GET"]}}],"collection":[{"href":"https:\/\/uj.adatbank.ro\/lexikon\/wp-json\/wp\/v2\/product"}],"about":[{"href":"https:\/\/uj.adatbank.ro\/lexikon\/wp-json\/wp\/v2\/types\/product"}],"replies":[{"embeddable":true,"href":"https:\/\/uj.adatbank.ro\/lexikon\/wp-json\/wp\/v2\/comments?post=21775"}],"wp:attachment":[{"href":"https:\/\/uj.adatbank.ro\/lexikon\/wp-json\/wp\/v2\/media?parent=21775"}],"wp:term":[{"taxonomy":"product_brand","embeddable":true,"href":"https:\/\/uj.adatbank.ro\/lexikon\/wp-json\/wp\/v2\/product_brand?post=21775"},{"taxonomy":"product_cat","embeddable":true,"href":"https:\/\/uj.adatbank.ro\/lexikon\/wp-json\/wp\/v2\/product_cat?post=21775"},{"taxonomy":"product_tag","embeddable":true,"href":"https:\/\/uj.adatbank.ro\/lexikon\/wp-json\/wp\/v2\/product_tag?post=21775"}],"curies":[{"name":"wp","href":"https:\/\/api.w.org\/{rel}","templated":true}]}}