{"id":21778,"date":"2025-07-22T19:37:13","date_gmt":"2025-07-22T17:37:13","guid":{"rendered":"https:\/\/uj.adatbank.ro\/lexikon\/termek\/szekely-janos-2\/"},"modified":"2025-07-22T19:37:13","modified_gmt":"2025-07-22T17:37:13","slug":"szekely-janos-2","status":"publish","type":"product","link":"https:\/\/uj.adatbank.ro\/lexikon\/termek\/szekely-janos-2\/","title":{"rendered":"SZ\u00c9KELY J\u00e1nos"},"content":{"rendered":"<p>Mez\u0151cs\u00e1v\u00e1s, 1891., \u2020?: keresked\u0151 \u00e9s gazd\u00e1lkod\u00f3. \u2013 A csal\u00e1d a nemess\u00e9get Apaffy fejedelemt\u0151l kapta. Iskol\u00e1i elv\u00e9gz\u00e9se ut\u00e1n apja mellett gazd\u00e1lkodott, katona\u00e9vei let\u00f6lt\u00e9se ut\u00e1n a csend\u0151rs\u00e9gen szolg\u00e1lt. A Hangya \u00fczletvezet\u0151je lett, majd \u00f6n\u00e1ll\u00f3 \u00fczletet l\u00e9tes\u00edtett Mez\u0151cs\u00e1v\u00e1son (1933). Az els\u0151 vh.-ban a 103. gy. e.-ben az orosz fronton harcolt, a bronz v. \u00e9. \u00e9s a K\u00e1roly Csapatkereszt kit\u00fcntet\u00e9st kapta. A MP eln\u00f6ke, az EGE \u00e9s a Gazdak\u00f6r tagja, a ref. egyh\u00e1z presbitere volt. <br \/><strong>Irod.:<\/strong> Sz\u00e9kelyf\u00f6ld \u00ed. k.<\/br><\/p>\n","protected":false},"excerpt":{"rendered":"<p>Mez\u0151cs\u00e1v\u00e1s, 1891., \u2020?: keresked\u0151 \u00e9s gazd\u00e1lkod\u00f3. \u2013 A csal\u00e1d a nemess\u00e9get Apaffy fejedelemt\u0151l kapta. Iskol\u00e1i elv\u00e9gz\u00e9se ut\u00e1n apja mellett gazd\u00e1lkodott, katona\u00e9vei let\u00f6lt\u00e9se ut\u00e1n a csend\u0151rs\u00e9gen szolg\u00e1lt. A Hangya \u00fczletvezet\u0151je lett, majd \u00f6n\u00e1ll\u00f3 \u00fczletet l\u00e9tes\u00edtett Mez\u0151cs\u00e1v\u00e1son (1933). Az els\u0151 vh.-ban a 103. gy. e.-ben az orosz fronton harcolt, a bronz v. \u00e9. \u00e9s a K\u00e1roly Csapatkereszt [&hellip;]<\/p>\n","protected":false},"featured_media":0,"comment_status":"open","ping_status":"closed","template":"","meta":[],"product_brand":[],"product_cat":[137],"product_tag":[],"class_list":{"0":"post-21778","1":"product","2":"type-product","3":"status-publish","5":"product_cat-maros-megyei-eletrajzi-lexikon","7":"first","8":"instock","9":"shipping-taxable","10":"product-type-simple"},"_links":{"self":[{"href":"https:\/\/uj.adatbank.ro\/lexikon\/wp-json\/wp\/v2\/product\/21778","targetHints":{"allow":["GET"]}}],"collection":[{"href":"https:\/\/uj.adatbank.ro\/lexikon\/wp-json\/wp\/v2\/product"}],"about":[{"href":"https:\/\/uj.adatbank.ro\/lexikon\/wp-json\/wp\/v2\/types\/product"}],"replies":[{"embeddable":true,"href":"https:\/\/uj.adatbank.ro\/lexikon\/wp-json\/wp\/v2\/comments?post=21778"}],"wp:attachment":[{"href":"https:\/\/uj.adatbank.ro\/lexikon\/wp-json\/wp\/v2\/media?parent=21778"}],"wp:term":[{"taxonomy":"product_brand","embeddable":true,"href":"https:\/\/uj.adatbank.ro\/lexikon\/wp-json\/wp\/v2\/product_brand?post=21778"},{"taxonomy":"product_cat","embeddable":true,"href":"https:\/\/uj.adatbank.ro\/lexikon\/wp-json\/wp\/v2\/product_cat?post=21778"},{"taxonomy":"product_tag","embeddable":true,"href":"https:\/\/uj.adatbank.ro\/lexikon\/wp-json\/wp\/v2\/product_tag?post=21778"}],"curies":[{"name":"wp","href":"https:\/\/api.w.org\/{rel}","templated":true}]}}