{"id":21782,"date":"2025-07-22T19:37:22","date_gmt":"2025-07-22T17:37:22","guid":{"rendered":"https:\/\/uj.adatbank.ro\/lexikon\/termek\/szekely-janos-6\/"},"modified":"2025-07-22T19:37:22","modified_gmt":"2025-07-22T17:37:22","slug":"szekely-janos-6","status":"publish","type":"product","link":"https:\/\/uj.adatbank.ro\/lexikon\/termek\/szekely-janos-6\/","title":{"rendered":"SZ\u00c9KELY J\u00e1nos"},"content":{"rendered":"<p>Gerendkereszt\u00far, 1900. dec. 2., \u2020?: tisztvisel\u0151. \u2013 Sz\u00e9kely J\u00e1nos k\u00f6lt\u0151 apja. Mv.-en tisztvisel\u0151. Az EMP tagja, tartal\u00e9kos z\u00e1szl\u00f3s, \u201ekizs\u00e1km\u00e1nyol\u00f3\u201d. Letart\u00f3ztatt\u00e1k (1959. jan. 30.) azzal a v\u00e1ddal, hogy imperialista r\u00e1di\u00f3ad\u00e1sokat hallgatott, \u00e9s nyilv\u00e1nosan komment\u00e1lt, rendszerellenes h\u00edreket terjesztett 1956 \u00e9s 1959 k\u00f6z\u00f6tt. Nincs nyoma annak, hogy b\u00edr\u00f3s\u00e1g el\u00e9 ker\u00fclt. Fi\u00e1t zsarolt\u00e1k meg az\u00e9rt, hogy szabadon bocs\u00e1ss\u00e1k. <br \/><strong>Irod.:<\/strong> 1956 Erd\u00e9lyben; \u00c1ldozatok<\/br><\/p>\n","protected":false},"excerpt":{"rendered":"<p>Gerendkereszt\u00far, 1900. dec. 2., \u2020?: tisztvisel\u0151. \u2013 Sz\u00e9kely J\u00e1nos k\u00f6lt\u0151 apja. Mv.-en tisztvisel\u0151. Az EMP tagja, tartal\u00e9kos z\u00e1szl\u00f3s, \u201ekizs\u00e1km\u00e1nyol\u00f3\u201d. Letart\u00f3ztatt\u00e1k (1959. jan. 30.) azzal a v\u00e1ddal, hogy imperialista r\u00e1di\u00f3ad\u00e1sokat hallgatott, \u00e9s nyilv\u00e1nosan komment\u00e1lt, rendszerellenes h\u00edreket terjesztett 1956 \u00e9s 1959 k\u00f6z\u00f6tt. Nincs nyoma annak, hogy b\u00edr\u00f3s\u00e1g el\u00e9 ker\u00fclt. Fi\u00e1t zsarolt\u00e1k meg az\u00e9rt, hogy szabadon bocs\u00e1ss\u00e1k. Irod.: [&hellip;]<\/p>\n","protected":false},"featured_media":0,"comment_status":"open","ping_status":"closed","template":"","meta":[],"product_brand":[],"product_cat":[137],"product_tag":[],"class_list":{"0":"post-21782","1":"product","2":"type-product","3":"status-publish","5":"product_cat-maros-megyei-eletrajzi-lexikon","7":"first","8":"instock","9":"shipping-taxable","10":"product-type-simple"},"_links":{"self":[{"href":"https:\/\/uj.adatbank.ro\/lexikon\/wp-json\/wp\/v2\/product\/21782","targetHints":{"allow":["GET"]}}],"collection":[{"href":"https:\/\/uj.adatbank.ro\/lexikon\/wp-json\/wp\/v2\/product"}],"about":[{"href":"https:\/\/uj.adatbank.ro\/lexikon\/wp-json\/wp\/v2\/types\/product"}],"replies":[{"embeddable":true,"href":"https:\/\/uj.adatbank.ro\/lexikon\/wp-json\/wp\/v2\/comments?post=21782"}],"wp:attachment":[{"href":"https:\/\/uj.adatbank.ro\/lexikon\/wp-json\/wp\/v2\/media?parent=21782"}],"wp:term":[{"taxonomy":"product_brand","embeddable":true,"href":"https:\/\/uj.adatbank.ro\/lexikon\/wp-json\/wp\/v2\/product_brand?post=21782"},{"taxonomy":"product_cat","embeddable":true,"href":"https:\/\/uj.adatbank.ro\/lexikon\/wp-json\/wp\/v2\/product_cat?post=21782"},{"taxonomy":"product_tag","embeddable":true,"href":"https:\/\/uj.adatbank.ro\/lexikon\/wp-json\/wp\/v2\/product_tag?post=21782"}],"curies":[{"name":"wp","href":"https:\/\/api.w.org\/{rel}","templated":true}]}}