{"id":21785,"date":"2025-07-22T19:37:28","date_gmt":"2025-07-22T17:37:28","guid":{"rendered":"https:\/\/uj.adatbank.ro\/lexikon\/termek\/szekely-janos-9\/"},"modified":"2025-07-22T19:37:28","modified_gmt":"2025-07-22T17:37:28","slug":"szekely-janos-9","status":"publish","type":"product","link":"https:\/\/uj.adatbank.ro\/lexikon\/termek\/szekely-janos-9\/","title":{"rendered":"SZ\u00c9KELY J\u00e1nos"},"content":{"rendered":"<p>1927. \u2020\u00a0Mv., 1994. \u00e1pr. 9.: orvos. \u2013 A s\u00fcrg\u0151ss\u00e9gi ell\u00e1t\u00e1s szakorvosa, a mv.-i ment\u0151\u00e1llom\u00e1s alkalmazottja. <br \/><strong>Irod.:<\/strong> [Nekrol\u00f3g] (N\u00fa., 1994. \u00e1pr.12.).<\/br><\/p>\n","protected":false},"excerpt":{"rendered":"<p>1927. \u2020\u00a0Mv., 1994. \u00e1pr. 9.: orvos. \u2013 A s\u00fcrg\u0151ss\u00e9gi ell\u00e1t\u00e1s szakorvosa, a mv.-i ment\u0151\u00e1llom\u00e1s alkalmazottja. Irod.: [Nekrol\u00f3g] (N\u00fa., 1994. \u00e1pr.12.).<\/p>\n","protected":false},"featured_media":0,"comment_status":"open","ping_status":"closed","template":"","meta":[],"product_brand":[],"product_cat":[137],"product_tag":[],"class_list":{"0":"post-21785","1":"product","2":"type-product","3":"status-publish","5":"product_cat-maros-megyei-eletrajzi-lexikon","7":"first","8":"instock","9":"shipping-taxable","10":"product-type-simple"},"_links":{"self":[{"href":"https:\/\/uj.adatbank.ro\/lexikon\/wp-json\/wp\/v2\/product\/21785","targetHints":{"allow":["GET"]}}],"collection":[{"href":"https:\/\/uj.adatbank.ro\/lexikon\/wp-json\/wp\/v2\/product"}],"about":[{"href":"https:\/\/uj.adatbank.ro\/lexikon\/wp-json\/wp\/v2\/types\/product"}],"replies":[{"embeddable":true,"href":"https:\/\/uj.adatbank.ro\/lexikon\/wp-json\/wp\/v2\/comments?post=21785"}],"wp:attachment":[{"href":"https:\/\/uj.adatbank.ro\/lexikon\/wp-json\/wp\/v2\/media?parent=21785"}],"wp:term":[{"taxonomy":"product_brand","embeddable":true,"href":"https:\/\/uj.adatbank.ro\/lexikon\/wp-json\/wp\/v2\/product_brand?post=21785"},{"taxonomy":"product_cat","embeddable":true,"href":"https:\/\/uj.adatbank.ro\/lexikon\/wp-json\/wp\/v2\/product_cat?post=21785"},{"taxonomy":"product_tag","embeddable":true,"href":"https:\/\/uj.adatbank.ro\/lexikon\/wp-json\/wp\/v2\/product_tag?post=21785"}],"curies":[{"name":"wp","href":"https:\/\/api.w.org\/{rel}","templated":true}]}}