{"id":21786,"date":"2025-07-22T19:37:30","date_gmt":"2025-07-22T17:37:30","guid":{"rendered":"https:\/\/uj.adatbank.ro\/lexikon\/termek\/szekely-janos-adamosi\/"},"modified":"2025-07-22T19:37:30","modified_gmt":"2025-07-22T17:37:30","slug":"szekely-janos-adamosi","status":"publish","type":"product","link":"https:\/\/uj.adatbank.ro\/lexikon\/termek\/szekely-janos-adamosi\/","title":{"rendered":"SZ\u00c9KELY J\u00e1nos; \u00e1d\u00e1mosi"},"content":{"rendered":"<p>? \u2020?: m\u00e9rn\u00f6k. \u2013 1848 el\u0151tt Kolozsmegyei, majd Marossz\u00e9ki m\u00e9rn\u00f6k. A f\u00e9lsz\u00e1zaddal azel\u0151tt megnagy\u00edtott vadasdi templom torny\u00e1nak tervrajz\u00e1t k\u00e9sz\u00ed\u00edtette (1864). Az \u00e9p\u00edt\u00e9sn\u00e9l a pall\u00e9r nem tartotta tiszteletben a m\u00e9rn\u00f6k utas\u00edt\u00e1sait az alap vonatkoz\u00e1s\u00e1ban \u00e9s a f\u00e9lig k\u00e9sz torony eld\u0151lt. Irod.: Nagy Iv\u00e1n.<\/br><\/p>\n","protected":false},"excerpt":{"rendered":"<p>? \u2020?: m\u00e9rn\u00f6k. \u2013 1848 el\u0151tt Kolozsmegyei, majd Marossz\u00e9ki m\u00e9rn\u00f6k. A f\u00e9lsz\u00e1zaddal azel\u0151tt megnagy\u00edtott vadasdi templom torny\u00e1nak tervrajz\u00e1t k\u00e9sz\u00ed\u00edtette (1864). Az \u00e9p\u00edt\u00e9sn\u00e9l a pall\u00e9r nem tartotta tiszteletben a m\u00e9rn\u00f6k utas\u00edt\u00e1sait az alap vonatkoz\u00e1s\u00e1ban \u00e9s a f\u00e9lig k\u00e9sz torony eld\u0151lt. Irod.: Nagy Iv\u00e1n.<\/p>\n","protected":false},"featured_media":0,"comment_status":"open","ping_status":"closed","template":"","meta":[],"product_brand":[],"product_cat":[137],"product_tag":[],"class_list":{"0":"post-21786","1":"product","2":"type-product","3":"status-publish","5":"product_cat-maros-megyei-eletrajzi-lexikon","7":"first","8":"instock","9":"shipping-taxable","10":"product-type-simple"},"_links":{"self":[{"href":"https:\/\/uj.adatbank.ro\/lexikon\/wp-json\/wp\/v2\/product\/21786","targetHints":{"allow":["GET"]}}],"collection":[{"href":"https:\/\/uj.adatbank.ro\/lexikon\/wp-json\/wp\/v2\/product"}],"about":[{"href":"https:\/\/uj.adatbank.ro\/lexikon\/wp-json\/wp\/v2\/types\/product"}],"replies":[{"embeddable":true,"href":"https:\/\/uj.adatbank.ro\/lexikon\/wp-json\/wp\/v2\/comments?post=21786"}],"wp:attachment":[{"href":"https:\/\/uj.adatbank.ro\/lexikon\/wp-json\/wp\/v2\/media?parent=21786"}],"wp:term":[{"taxonomy":"product_brand","embeddable":true,"href":"https:\/\/uj.adatbank.ro\/lexikon\/wp-json\/wp\/v2\/product_brand?post=21786"},{"taxonomy":"product_cat","embeddable":true,"href":"https:\/\/uj.adatbank.ro\/lexikon\/wp-json\/wp\/v2\/product_cat?post=21786"},{"taxonomy":"product_tag","embeddable":true,"href":"https:\/\/uj.adatbank.ro\/lexikon\/wp-json\/wp\/v2\/product_tag?post=21786"}],"curies":[{"name":"wp","href":"https:\/\/api.w.org\/{rel}","templated":true}]}}