{"id":21788,"date":"2025-07-22T19:37:33","date_gmt":"2025-07-22T17:37:33","guid":{"rendered":"https:\/\/uj.adatbank.ro\/lexikon\/termek\/szekely-janos-%c2%a7-somosdi\/"},"modified":"2025-07-22T19:37:33","modified_gmt":"2025-07-22T17:37:33","slug":"szekely-janos-%c2%a7-somosdi","status":"publish","type":"product","link":"https:\/\/uj.adatbank.ro\/lexikon\/termek\/szekely-janos-%c2%a7-somosdi\/","title":{"rendered":"SZ\u00c9KELY J\u00e1nos, \u00a7 somosdi"},"content":{"rendered":"<p>Sz\u00e9kelycs\u00f3ka, 1896, \u2020?: \u00fcgyv\u00e9d. \u2013 \u00dcgyv\u00e9d, dr. Mv.-en. R\u00e9szt vett az I. vh.-ban (1916. jan.\u201317. m\u00e1rc.) a szerb \u00e9s az olasz fronton volt Pasubio, Doberd\u00f3, Jamiano, Montfalcone harcterein, mint hadnagy szerelt le, a K\u00e1roly csapatkereszt tulajdonosa. \u00dcgyv\u00e9d, dr. saj\u00e1t irod\u00e1val Mv.-en (1930\u2013). A MP, a M. Kaszin\u00f3, az MSE tagja, a ref. egyh\u00e1z presbitere, a megyei Hitel- \u00e9s Tejsz\u00f6vetkezet jogtan\u00e1csosa. <br \/><strong>Irod.:<\/strong> Erd\u00e9lyi ezredek; Somosd; Visnai.<\/br><\/p>\n","protected":false},"excerpt":{"rendered":"<p>Sz\u00e9kelycs\u00f3ka, 1896, \u2020?: \u00fcgyv\u00e9d. \u2013 \u00dcgyv\u00e9d, dr. Mv.-en. R\u00e9szt vett az I. vh.-ban (1916. jan.\u201317. m\u00e1rc.) a szerb \u00e9s az olasz fronton volt Pasubio, Doberd\u00f3, Jamiano, Montfalcone harcterein, mint hadnagy szerelt le, a K\u00e1roly csapatkereszt tulajdonosa. \u00dcgyv\u00e9d, dr. saj\u00e1t irod\u00e1val Mv.-en (1930\u2013). A MP, a M. Kaszin\u00f3, az MSE tagja, a ref. egyh\u00e1z presbitere, a [&hellip;]<\/p>\n","protected":false},"featured_media":0,"comment_status":"open","ping_status":"closed","template":"","meta":[],"product_brand":[],"product_cat":[137],"product_tag":[],"class_list":{"0":"post-21788","1":"product","2":"type-product","3":"status-publish","5":"product_cat-maros-megyei-eletrajzi-lexikon","7":"first","8":"instock","9":"shipping-taxable","10":"product-type-simple"},"_links":{"self":[{"href":"https:\/\/uj.adatbank.ro\/lexikon\/wp-json\/wp\/v2\/product\/21788","targetHints":{"allow":["GET"]}}],"collection":[{"href":"https:\/\/uj.adatbank.ro\/lexikon\/wp-json\/wp\/v2\/product"}],"about":[{"href":"https:\/\/uj.adatbank.ro\/lexikon\/wp-json\/wp\/v2\/types\/product"}],"replies":[{"embeddable":true,"href":"https:\/\/uj.adatbank.ro\/lexikon\/wp-json\/wp\/v2\/comments?post=21788"}],"wp:attachment":[{"href":"https:\/\/uj.adatbank.ro\/lexikon\/wp-json\/wp\/v2\/media?parent=21788"}],"wp:term":[{"taxonomy":"product_brand","embeddable":true,"href":"https:\/\/uj.adatbank.ro\/lexikon\/wp-json\/wp\/v2\/product_brand?post=21788"},{"taxonomy":"product_cat","embeddable":true,"href":"https:\/\/uj.adatbank.ro\/lexikon\/wp-json\/wp\/v2\/product_cat?post=21788"},{"taxonomy":"product_tag","embeddable":true,"href":"https:\/\/uj.adatbank.ro\/lexikon\/wp-json\/wp\/v2\/product_tag?post=21788"}],"curies":[{"name":"wp","href":"https:\/\/api.w.org\/{rel}","templated":true}]}}