{"id":2179,"date":"2025-06-28T12:06:09","date_gmt":"2025-06-28T10:06:09","guid":{"rendered":"https:\/\/uj.adatbank.ro\/lexikon\/termek\/banffy-gyorgy-losonczi-gr\/"},"modified":"2025-06-28T12:06:09","modified_gmt":"2025-06-28T10:06:09","slug":"banffy-gyorgy-losonczi-gr","status":"publish","type":"product","link":"https:\/\/uj.adatbank.ro\/lexikon\/termek\/banffy-gyorgy-losonczi-gr\/","title":{"rendered":"B\u00c1NFFY Gy\u00f6rgy, losonczi gr."},"content":{"rendered":"<p>Kv., 1845. j\u00fan. 12., \u2020 Bonchida, 1929. nov. 15. Nyugszik a kv.-i H\u00e1zsong\u00e1rdi temet\u0151ben.: cs. kir. kamar\u00e1s, b. t. t., f\u0151poh\u00e1rnokmester, birtokos. \u2013 Gr. B. Mikl\u00f3s (1801\u20131894) \u00e9s ikt\u00e1ri Bethlen Katalin fia. Feles\u00e9ge: br. B\u00e1nffy Irma M\u00e1ria (Szil\u00e1gynagyfalu, 1852. szept. 6. \u2013 S\u00e1romberke, 1875. szept. 26.). Gyermekeik: Katalin \/ Katinka (1871\u20131974) nagybarcsai Barcsai Tam\u00e1s (1868\u20131936) feles\u00e9ge; Mikl\u00f3s (1873. dec. 29. \u2013 1950. j\u00fan. 6.) Ultimus Tituli!. \u2013 Cs. kir. kamar\u00e1s, v. b. t. t. (1896\u2013), m. kir. f\u0151poh\u00e1rnok, ogy. k\u00e9pvisel\u0151, a f\u0151rendh\u00e1z \u00f6r\u00f6k\u00f6s tagja (1875\u2013). Aranysarkanyt\u00fas v\u00edt\u00e9z, a Ferenc J\u00f3zsef rend nagykeresztese (1898), az Erd\u00e9lyi Ref. Egyh\u00e1z f\u0151gondnoka, l\u00f3teny\u00e9szt\u0151, m\u0171gy\u0171jt\u0151. Mez\u0151banyic\u00e1n udvarh\u00e1z tulajdonosa (19. sz.). <br \/><strong>Irod.:<\/strong> Bicsok\u2013Orb\u00e1n; Bir\u00f3 J\u00f3zsef. A bonchidai B\u00e1nffy-kast\u00e9ly csal\u00e1di arck\u00e9pei = Lyka eml\u00e9kk.; Gudenus; Gy\u00e1szjelent\u0151; Keresztes 1995; Lev\u00e9lt\u00e1ri gy\u00e1szj.<\/br><\/p>\n","protected":false},"excerpt":{"rendered":"<p>Kv., 1845. j\u00fan. 12., \u2020 Bonchida, 1929. nov. 15. Nyugszik a kv.-i H\u00e1zsong\u00e1rdi temet\u0151ben.: cs. kir. kamar\u00e1s, b. t. t., f\u0151poh\u00e1rnokmester, birtokos. \u2013 Gr. B. Mikl\u00f3s (1801\u20131894) \u00e9s ikt\u00e1ri Bethlen Katalin fia. Feles\u00e9ge: br. B\u00e1nffy Irma M\u00e1ria (Szil\u00e1gynagyfalu, 1852. szept. 6. \u2013 S\u00e1romberke, 1875. szept. 26.). Gyermekeik: Katalin \/ Katinka (1871\u20131974) nagybarcsai Barcsai Tam\u00e1s (1868\u20131936) [&hellip;]<\/p>\n","protected":false},"featured_media":0,"comment_status":"open","ping_status":"closed","template":"","meta":[],"product_brand":[],"product_cat":[137],"product_tag":[],"class_list":{"0":"post-2179","1":"product","2":"type-product","3":"status-publish","5":"product_cat-maros-megyei-eletrajzi-lexikon","7":"first","8":"instock","9":"shipping-taxable","10":"product-type-simple"},"_links":{"self":[{"href":"https:\/\/uj.adatbank.ro\/lexikon\/wp-json\/wp\/v2\/product\/2179","targetHints":{"allow":["GET"]}}],"collection":[{"href":"https:\/\/uj.adatbank.ro\/lexikon\/wp-json\/wp\/v2\/product"}],"about":[{"href":"https:\/\/uj.adatbank.ro\/lexikon\/wp-json\/wp\/v2\/types\/product"}],"replies":[{"embeddable":true,"href":"https:\/\/uj.adatbank.ro\/lexikon\/wp-json\/wp\/v2\/comments?post=2179"}],"wp:attachment":[{"href":"https:\/\/uj.adatbank.ro\/lexikon\/wp-json\/wp\/v2\/media?parent=2179"}],"wp:term":[{"taxonomy":"product_brand","embeddable":true,"href":"https:\/\/uj.adatbank.ro\/lexikon\/wp-json\/wp\/v2\/product_brand?post=2179"},{"taxonomy":"product_cat","embeddable":true,"href":"https:\/\/uj.adatbank.ro\/lexikon\/wp-json\/wp\/v2\/product_cat?post=2179"},{"taxonomy":"product_tag","embeddable":true,"href":"https:\/\/uj.adatbank.ro\/lexikon\/wp-json\/wp\/v2\/product_tag?post=2179"}],"curies":[{"name":"wp","href":"https:\/\/api.w.org\/{rel}","templated":true}]}}