{"id":21792,"date":"2025-07-22T19:37:44","date_gmt":"2025-07-22T17:37:44","guid":{"rendered":"https:\/\/uj.adatbank.ro\/lexikon\/termek\/szekely-jozsef\/"},"modified":"2025-07-22T19:37:44","modified_gmt":"2025-07-22T17:37:44","slug":"szekely-jozsef","status":"publish","type":"product","link":"https:\/\/uj.adatbank.ro\/lexikon\/termek\/szekely-jozsef\/","title":{"rendered":"SZ\u00c9KELY J\u00f3zsef"},"content":{"rendered":"<p>Mez\u0151cs\u00e1v\u00e1s, 1845. aug. 4., \u2020?: k\u00e1ntortan\u00edt\u00f3. \u2013 Mez\u0151cs\u00e1v\u00e1son v\u00e9gezte az elemi iskol\u00e1t, majd szorgalma \u00e1ltal kib\u0151v\u00edtette tanulm\u00e1nyait. A sz\u00e1szoroszf\u00e1ji ref. k\u00e1ntortan\u00edt\u00f3 (1867. jan.\u2013), Melegf\u00f6ldv\u00e1rra h\u00edvt\u00e1k meg (1868. m\u00e1j. 8. \u2013 1871. \u00e1pr. 24.), Sz\u00e9kelycs\u00f3k\u00e1n tan\u00edtott (1873\u201375), Vadasdon (1875. szept. 29.\u2013), majd Ny\u00e1r\u00e1dszentbenedeken v\u00e1lasztott\u00e1k meg ev. ref. k\u00e1ntortan\u00edt\u00f3nak nyugd\u00edjaz\u00e1s\u00e1ig (1876. nov. 20.\u20131903. nov. 1.). \u00dajra elv\u00e9gezte a k\u00e1ntortan\u00edt\u00f3i teend\u0151ket (1914. aug. 16.\u2013), m\u00edg ut\u00f3da, Ferenczy G\u00e1bor katon\u00e1skodott az I. vh.-ban. A ny\u00e1r\u00e1dszentbenedeki ref. egyh\u00e1z lev\u00e9lt\u00e1r\u00e1ban \u00e9rt\u00e9kes dokumentumk\u00e9nt \u0151rzik k\u00e9ziratban fennmaradt iskolat\u00f6rt\u00e9net\u00e9t. Kedvelte \u00e9s szapor\u00edtotta a gy\u00fcm\u00f6lcsf\u00e1kat, az iskol\u00e1sokkal k\u0151ris- \u00e9s vadgesztenyef\u00e1kat \u00fcltetett. <br \/><strong>Irod.:<\/strong> Ny\u00e1r\u00e1dszentbenedek; Sz\u00e9kelycs\u00f3ka.<\/br><\/p>\n","protected":false},"excerpt":{"rendered":"<p>Mez\u0151cs\u00e1v\u00e1s, 1845. aug. 4., \u2020?: k\u00e1ntortan\u00edt\u00f3. \u2013 Mez\u0151cs\u00e1v\u00e1son v\u00e9gezte az elemi iskol\u00e1t, majd szorgalma \u00e1ltal kib\u0151v\u00edtette tanulm\u00e1nyait. A sz\u00e1szoroszf\u00e1ji ref. k\u00e1ntortan\u00edt\u00f3 (1867. jan.\u2013), Melegf\u00f6ldv\u00e1rra h\u00edvt\u00e1k meg (1868. m\u00e1j. 8. \u2013 1871. \u00e1pr. 24.), Sz\u00e9kelycs\u00f3k\u00e1n tan\u00edtott (1873\u201375), Vadasdon (1875. szept. 29.\u2013), majd Ny\u00e1r\u00e1dszentbenedeken v\u00e1lasztott\u00e1k meg ev. ref. k\u00e1ntortan\u00edt\u00f3nak nyugd\u00edjaz\u00e1s\u00e1ig (1876. nov. 20.\u20131903. nov. 1.). \u00dajra elv\u00e9gezte [&hellip;]<\/p>\n","protected":false},"featured_media":0,"comment_status":"open","ping_status":"closed","template":"","meta":[],"product_brand":[],"product_cat":[137],"product_tag":[],"class_list":{"0":"post-21792","1":"product","2":"type-product","3":"status-publish","5":"product_cat-maros-megyei-eletrajzi-lexikon","7":"first","8":"instock","9":"shipping-taxable","10":"product-type-simple"},"_links":{"self":[{"href":"https:\/\/uj.adatbank.ro\/lexikon\/wp-json\/wp\/v2\/product\/21792","targetHints":{"allow":["GET"]}}],"collection":[{"href":"https:\/\/uj.adatbank.ro\/lexikon\/wp-json\/wp\/v2\/product"}],"about":[{"href":"https:\/\/uj.adatbank.ro\/lexikon\/wp-json\/wp\/v2\/types\/product"}],"replies":[{"embeddable":true,"href":"https:\/\/uj.adatbank.ro\/lexikon\/wp-json\/wp\/v2\/comments?post=21792"}],"wp:attachment":[{"href":"https:\/\/uj.adatbank.ro\/lexikon\/wp-json\/wp\/v2\/media?parent=21792"}],"wp:term":[{"taxonomy":"product_brand","embeddable":true,"href":"https:\/\/uj.adatbank.ro\/lexikon\/wp-json\/wp\/v2\/product_brand?post=21792"},{"taxonomy":"product_cat","embeddable":true,"href":"https:\/\/uj.adatbank.ro\/lexikon\/wp-json\/wp\/v2\/product_cat?post=21792"},{"taxonomy":"product_tag","embeddable":true,"href":"https:\/\/uj.adatbank.ro\/lexikon\/wp-json\/wp\/v2\/product_tag?post=21792"}],"curies":[{"name":"wp","href":"https:\/\/api.w.org\/{rel}","templated":true}]}}