{"id":21793,"date":"2025-07-22T19:37:45","date_gmt":"2025-07-22T17:37:45","guid":{"rendered":"https:\/\/uj.adatbank.ro\/lexikon\/termek\/szekely-jozsef-2\/"},"modified":"2025-07-22T19:37:45","modified_gmt":"2025-07-22T17:37:45","slug":"szekely-jozsef-2","status":"publish","type":"product","link":"https:\/\/uj.adatbank.ro\/lexikon\/termek\/szekely-jozsef-2\/","title":{"rendered":"SZ\u00c9KELY J\u00f3zsef"},"content":{"rendered":"<p>? \u2020?: jog\u00e1sz, tan\u00e1r, k\u00f6z- \u00e9s v\u00e1lt\u00f3-\u00fcgyv\u00e9d. \u2013 A mv.-i Ref. Koll.-ban jogtan\u00e1r (1866\u201369); azut\u00e1n ugyanott f\u0151\u00fcgy\u00e9szi helyettes \u00e9s \u00fcgyv\u00e9dvizsg\u00e1l\u00f3 bizotts\u00e1gi tag, majd m. kir. p\u00e9nz\u00fcgyi k\u00f6zigazgat\u00e1si b\u00edr\u00f3 \u00e9s kir. \u00edt\u00e9l\u0151t\u00e1blai b\u00edr\u00f3. 1500 frtos alap\u00edtv\u00e1nyt tett a mv.-i Ref. Koll. r\u00e9sz\u00e9re (1888. m\u00e1j. 1.) melynek kamatait szeg\u00e9nysors\u00fa tanul\u00f3k kapt\u00e1k. \u2013 <strong>F. m.<\/strong>: V\u00e9lem\u00e9ny a mv.-i jog\u00e1szegylet \u00e1ltal kit\u0171z\u00f6tt ezen k\u00e9rd\u00e9sre: Az \u00edrhoni b\u00f6rt\u00f6nrendszer min\u0151 f\u00f6lt\u00e9telek mellett volna haz\u00e1nkban alkalmazhat\u00f3. (Mv., 1874.); Reductio \u00e9s epuratio. (Mv., 1875.); Milyen legyen az \u00faj b\u0171nv\u00e1di elj\u00e1r\u00e1s? V\u00e9lem\u00e9ny \u00e9s ind\u00edtv\u00e1ny. (Mv., 1875 \u00e9s 1876.); B\u00fcntet\u0151 elj\u00e1r\u00e1s a j\u00f6vedelmi kih\u00e1g\u00e1sok t\u00e1rgy\u00e1ban. (Bpest, 1877., 1878.); A j\u00f6ved\u00e9ki kih\u00e1g\u00e1sok b\u00fcntet\u0151 jogtana (Bp., 1881.); Fiscalismus \u00e9s jogszolg\u00e1ltat\u00e1s. \u00c9rtekez\u00e9s. (Bp., 1882); A j\u00f6ved\u00e9ki b\u00fcntet\u0151 elj\u00e1r\u00e1sr\u00f3l tekintettel a monarchia mindk\u00e9t fel\u00e9re. (Bp., 1882.); Javaslat a j\u00f6ved\u00e9ki b\u00fcntet\u0151 elj\u00e1r\u00e1s egy\u00f6ntet\u0171s\u00e9ge \u00e9s ideiglenes szab\u00e1lyoz\u00e1sa t\u00e1rgy\u00e1ban. (Bp., 1883.). <br \/><strong>Irod.:<\/strong> Az Erd\u00e9lyi Ref. Egyh\u00e1zker\u00fclet k\u00f6zgy\u0171l\u00e9s\u00e9nek jegyz\u0151k\u00f6nyve (Kv., 1888); Koncz; Rugonfalvi Kiss; Szinnyei, Thury.<\/br><\/p>\n","protected":false},"excerpt":{"rendered":"<p>? \u2020?: jog\u00e1sz, tan\u00e1r, k\u00f6z- \u00e9s v\u00e1lt\u00f3-\u00fcgyv\u00e9d. \u2013 A mv.-i Ref. Koll.-ban jogtan\u00e1r (1866\u201369); azut\u00e1n ugyanott f\u0151\u00fcgy\u00e9szi helyettes \u00e9s \u00fcgyv\u00e9dvizsg\u00e1l\u00f3 bizotts\u00e1gi tag, majd m. kir. p\u00e9nz\u00fcgyi k\u00f6zigazgat\u00e1si b\u00edr\u00f3 \u00e9s kir. \u00edt\u00e9l\u0151t\u00e1blai b\u00edr\u00f3. 1500 frtos alap\u00edtv\u00e1nyt tett a mv.-i Ref. Koll. r\u00e9sz\u00e9re (1888. m\u00e1j. 1.) melynek kamatait szeg\u00e9nysors\u00fa tanul\u00f3k kapt\u00e1k. \u2013 F. m.: V\u00e9lem\u00e9ny a mv.-i [&hellip;]<\/p>\n","protected":false},"featured_media":0,"comment_status":"open","ping_status":"closed","template":"","meta":[],"product_brand":[],"product_cat":[137],"product_tag":[],"class_list":{"0":"post-21793","1":"product","2":"type-product","3":"status-publish","5":"product_cat-maros-megyei-eletrajzi-lexikon","7":"first","8":"instock","9":"shipping-taxable","10":"product-type-simple"},"_links":{"self":[{"href":"https:\/\/uj.adatbank.ro\/lexikon\/wp-json\/wp\/v2\/product\/21793","targetHints":{"allow":["GET"]}}],"collection":[{"href":"https:\/\/uj.adatbank.ro\/lexikon\/wp-json\/wp\/v2\/product"}],"about":[{"href":"https:\/\/uj.adatbank.ro\/lexikon\/wp-json\/wp\/v2\/types\/product"}],"replies":[{"embeddable":true,"href":"https:\/\/uj.adatbank.ro\/lexikon\/wp-json\/wp\/v2\/comments?post=21793"}],"wp:attachment":[{"href":"https:\/\/uj.adatbank.ro\/lexikon\/wp-json\/wp\/v2\/media?parent=21793"}],"wp:term":[{"taxonomy":"product_brand","embeddable":true,"href":"https:\/\/uj.adatbank.ro\/lexikon\/wp-json\/wp\/v2\/product_brand?post=21793"},{"taxonomy":"product_cat","embeddable":true,"href":"https:\/\/uj.adatbank.ro\/lexikon\/wp-json\/wp\/v2\/product_cat?post=21793"},{"taxonomy":"product_tag","embeddable":true,"href":"https:\/\/uj.adatbank.ro\/lexikon\/wp-json\/wp\/v2\/product_tag?post=21793"}],"curies":[{"name":"wp","href":"https:\/\/api.w.org\/{rel}","templated":true}]}}