{"id":21794,"date":"2025-07-22T19:37:48","date_gmt":"2025-07-22T17:37:48","guid":{"rendered":"https:\/\/uj.adatbank.ro\/lexikon\/termek\/szekely-jozsef-3\/"},"modified":"2025-07-22T19:37:48","modified_gmt":"2025-07-22T17:37:48","slug":"szekely-jozsef-3","status":"publish","type":"product","link":"https:\/\/uj.adatbank.ro\/lexikon\/termek\/szekely-jozsef-3\/","title":{"rendered":"SZ\u00c9KELY J\u00f3zsef"},"content":{"rendered":"<p>1873., \u2020?: p\u00e9nz\u00fcgyi tan\u00e1csos. \u2013 K\u00f6z\u00e9piskol\u00e1it Nagyenyeden, a jogot Debrecenben \u00e9s Kv.-on v\u00e9gezte. Nagyv\u00e1radon a P\u00e9nz\u00fcgyigazgat\u00f3s\u00e1gon kezdte p\u00e1lyafut\u00e1s\u00e1t (1899) onnan D\u00e9v\u00e1ra ker\u00fclt \u00e9s mint tan\u00e1csos vonult nyugalomba Mv.-en. <br \/><strong>Irod.:<\/strong> Sz\u00e9kelyf\u00f6ld \u00ed. k.<\/br><\/p>\n","protected":false},"excerpt":{"rendered":"<p>1873., \u2020?: p\u00e9nz\u00fcgyi tan\u00e1csos. \u2013 K\u00f6z\u00e9piskol\u00e1it Nagyenyeden, a jogot Debrecenben \u00e9s Kv.-on v\u00e9gezte. Nagyv\u00e1radon a P\u00e9nz\u00fcgyigazgat\u00f3s\u00e1gon kezdte p\u00e1lyafut\u00e1s\u00e1t (1899) onnan D\u00e9v\u00e1ra ker\u00fclt \u00e9s mint tan\u00e1csos vonult nyugalomba Mv.-en. Irod.: Sz\u00e9kelyf\u00f6ld \u00ed. k.<\/p>\n","protected":false},"featured_media":0,"comment_status":"open","ping_status":"closed","template":"","meta":[],"product_brand":[],"product_cat":[137],"product_tag":[],"class_list":{"0":"post-21794","1":"product","2":"type-product","3":"status-publish","5":"product_cat-maros-megyei-eletrajzi-lexikon","7":"first","8":"instock","9":"shipping-taxable","10":"product-type-simple"},"_links":{"self":[{"href":"https:\/\/uj.adatbank.ro\/lexikon\/wp-json\/wp\/v2\/product\/21794","targetHints":{"allow":["GET"]}}],"collection":[{"href":"https:\/\/uj.adatbank.ro\/lexikon\/wp-json\/wp\/v2\/product"}],"about":[{"href":"https:\/\/uj.adatbank.ro\/lexikon\/wp-json\/wp\/v2\/types\/product"}],"replies":[{"embeddable":true,"href":"https:\/\/uj.adatbank.ro\/lexikon\/wp-json\/wp\/v2\/comments?post=21794"}],"wp:attachment":[{"href":"https:\/\/uj.adatbank.ro\/lexikon\/wp-json\/wp\/v2\/media?parent=21794"}],"wp:term":[{"taxonomy":"product_brand","embeddable":true,"href":"https:\/\/uj.adatbank.ro\/lexikon\/wp-json\/wp\/v2\/product_brand?post=21794"},{"taxonomy":"product_cat","embeddable":true,"href":"https:\/\/uj.adatbank.ro\/lexikon\/wp-json\/wp\/v2\/product_cat?post=21794"},{"taxonomy":"product_tag","embeddable":true,"href":"https:\/\/uj.adatbank.ro\/lexikon\/wp-json\/wp\/v2\/product_tag?post=21794"}],"curies":[{"name":"wp","href":"https:\/\/api.w.org\/{rel}","templated":true}]}}