{"id":2180,"date":"2025-06-28T12:06:11","date_gmt":"2025-06-28T10:06:11","guid":{"rendered":"https:\/\/uj.adatbank.ro\/lexikon\/termek\/banffy-gyorgy-losonczi-gr-2\/"},"modified":"2025-06-28T12:06:11","modified_gmt":"2025-06-28T10:06:11","slug":"banffy-gyorgy-losonczi-gr-2","status":"publish","type":"product","link":"https:\/\/uj.adatbank.ro\/lexikon\/termek\/banffy-gyorgy-losonczi-gr-2\/","title":{"rendered":"B\u00c1NFFY Gy\u00f6rgy, losonczi gr."},"content":{"rendered":"<p>\u00d6rm\u00e9nyes, 1853. v. 1856., \u2020 B\u00e9cs, 1889. m\u00e1rc. 31.: f\u00f6ldbirtokos, k\u00e9pvisel\u0151. \u2013 A hohenheimi Mez\u0151gazd. F\u0151iskol\u00e1n r\u00f6vid ideig tanult (1874). A szil\u00e1gysomly\u00f3iker\u00fclet parlamenti k\u00e9pvisel\u0151je (1881). Operettet \u00e9s v\u00edgj\u00e1t\u00e9kot is \u00edrt. <br \/><strong>Irod.:<\/strong> Szab\u00f3\u2013Simon\u2013Sz\u00f6gi<\/br><\/p>\n","protected":false},"excerpt":{"rendered":"<p>\u00d6rm\u00e9nyes, 1853. v. 1856., \u2020 B\u00e9cs, 1889. m\u00e1rc. 31.: f\u00f6ldbirtokos, k\u00e9pvisel\u0151. \u2013 A hohenheimi Mez\u0151gazd. F\u0151iskol\u00e1n r\u00f6vid ideig tanult (1874). A szil\u00e1gysomly\u00f3iker\u00fclet parlamenti k\u00e9pvisel\u0151je (1881). Operettet \u00e9s v\u00edgj\u00e1t\u00e9kot is \u00edrt. Irod.: Szab\u00f3\u2013Simon\u2013Sz\u00f6gi<\/p>\n","protected":false},"featured_media":0,"comment_status":"open","ping_status":"closed","template":"","meta":[],"product_brand":[],"product_cat":[137],"product_tag":[],"class_list":{"0":"post-2180","1":"product","2":"type-product","3":"status-publish","5":"product_cat-maros-megyei-eletrajzi-lexikon","7":"first","8":"instock","9":"shipping-taxable","10":"product-type-simple"},"_links":{"self":[{"href":"https:\/\/uj.adatbank.ro\/lexikon\/wp-json\/wp\/v2\/product\/2180","targetHints":{"allow":["GET"]}}],"collection":[{"href":"https:\/\/uj.adatbank.ro\/lexikon\/wp-json\/wp\/v2\/product"}],"about":[{"href":"https:\/\/uj.adatbank.ro\/lexikon\/wp-json\/wp\/v2\/types\/product"}],"replies":[{"embeddable":true,"href":"https:\/\/uj.adatbank.ro\/lexikon\/wp-json\/wp\/v2\/comments?post=2180"}],"wp:attachment":[{"href":"https:\/\/uj.adatbank.ro\/lexikon\/wp-json\/wp\/v2\/media?parent=2180"}],"wp:term":[{"taxonomy":"product_brand","embeddable":true,"href":"https:\/\/uj.adatbank.ro\/lexikon\/wp-json\/wp\/v2\/product_brand?post=2180"},{"taxonomy":"product_cat","embeddable":true,"href":"https:\/\/uj.adatbank.ro\/lexikon\/wp-json\/wp\/v2\/product_cat?post=2180"},{"taxonomy":"product_tag","embeddable":true,"href":"https:\/\/uj.adatbank.ro\/lexikon\/wp-json\/wp\/v2\/product_tag?post=2180"}],"curies":[{"name":"wp","href":"https:\/\/api.w.org\/{rel}","templated":true}]}}