{"id":21800,"date":"2025-07-22T19:37:59","date_gmt":"2025-07-22T17:37:59","guid":{"rendered":"https:\/\/uj.adatbank.ro\/lexikon\/termek\/szekely-karoly\/"},"modified":"2025-07-22T19:37:59","modified_gmt":"2025-07-22T17:37:59","slug":"szekely-karoly","status":"publish","type":"product","link":"https:\/\/uj.adatbank.ro\/lexikon\/termek\/szekely-karoly\/","title":{"rendered":"SZ\u00c9KELY K\u00e1roly"},"content":{"rendered":"<p>Mv., 1880. jan. 22., \u2020\u00a0Bp., 1941. j\u00fan. 9.: szobr\u00e1sz \u00e9s \u00e9remm\u0171v\u00e9sz. \u2013 Mv.-en a Re. Koll.-ban tanult, m\u0171v\u00e9szi hajlamai igen kor\u00e1n megm\u00fatatkoztak. Kiss Gy\u00f6rgy szobr\u00e1szm\u0171v\u00e9sz tan\u00edtv\u00e1nya lett. Az Iparm\u0171v\u00e9szeti F\u0151iskol\u00e1n M\u00e1trai n\u00f6vend\u00e9ke, \u00e1llami, majd EMKE \u00f6szt\u00f6nd\u00edjas, spor\u00f3lva ny\u00e1ron Olaszo.-ban l\u00e1thatta a nagy mesterek munk\u00e1it \u00e9s P\u00e1rizsba ment a Julien akad.-ra. Onnan k\u00fcldte a R\u00e1k\u00f3czi szoborp\u00e1ly\u00e1zatra h\u00e1rom tervezet\u00e9t (1906).Dr. Bern\u00e1dy Gy\u00f6rgy megb\u00edz\u00e1s\u00e1b\u00f3l \u0151 alkotta a mv.-i II. R\u00e1k\u00f3czi Ferenc szobrot, amelyet M\u00e1nyoki \u00c1d\u00e1m festm\u00e9nye alapj\u00e1n k\u00e9sz\u00edtett (1907. okt. 29 \u00e1ll\u00edtott\u00e1k fel a Kossuth \u00e9s Arany J\u00e1nos u. el\u00e1gaz\u00e1s\u00e1n\u00e1l). Strobl Alajos mesteriskol\u00e1j\u00e1ban Bp.-en \u00e9s Br\u00fcsszelben v\u00e9gezte tanulm\u00e1nyait, itt m\u0171terme volt, Londonba a British Museum anyag\u00e1t tanulm\u00e1nyozta. Antwerpenben dolgozott, ahol \u00e1lland\u00f3 m\u0171terme volt (1912). Elnyerte a Ferenczy-d\u00edjat (1908). F\u0151leg k\u00e9pm\u00e1sszobrokkal vett r\u00e9szt a Nemzeti Szalon \u00e9s a M\u0171csarnok t\u00e1rlatain (1907\u2013). R\u00e9szt vett az I. vh.-ban. Egy bronz torz\u00f3ja a f\u0151v\u00e1ros, t\u00f6bb m\u0171ve a Sz\u00e9pm\u0171v\u00e9szeti M\u00fazeum tulajdon\u00e1ban van. A K\u00e9pz\u0151m\u0171v\u00e9szek Egyes\u00fclet\u00e9nek v\u00e1lasztott t\u00f6rzstagja \u00e9s a vit\u00e9zi sz\u00e9k tagja. Kisplasztikai munk\u00e1i k\u00f6z\u00fcl eml\u00edt\u00e9sre m\u00e9lt\u00f3k a bp.-i Gy\u00f3gyn\u00f6v\u00e9nyki\u00e1ll\u00edt\u00e1s d\u00edj\u00e9rme, a Hadi Rep\u00fcl\u0151g\u00e9pki\u00e1ll\u00edt\u00e1s d\u00edj\u00e9rme, a Honv\u00e9delmi Miniszt\u00e9rium hadseg\u00e9lyz\u0151 \u00e9rme. Hagyat\u00e9k\u00e1b\u00f3l Bp.-en el\u0151ker\u00fcltek a led\u00f6nt\u00f6tt v\u00e1s\u00e1rhelyi szobrok kicsiny\u00edtett m\u00e1sai (1941). <br \/><strong>Irod.:<\/strong> Csepreghy 2010; \u00c9ber; Id\u0151t\u00e1r 2; Id\u0151t\u00e1r 2, Mur\u00e1din; \u00d6kr\u00f6s; P\u00e1l-Antal 2009; R\u00e1k\u00f3czi album: a mv.-i R. szobornak 1907 nov. 29. t\u00f6rt\u00e9nt leleplez\u00e9se eml\u00e9k\u00e9re (Mv., s.a.); Szentgy\u00f6rgyi; Szokolay B\u00e9la Vit\u00e9z Sz. K. szobr\u00e1szm\u0171v\u00e9sz (P\u00e1sztort\u0171z, 16. sz., 1927. aug. 14.).<\/br><\/p>\n","protected":false},"excerpt":{"rendered":"<p>Mv., 1880. jan. 22., \u2020\u00a0Bp., 1941. j\u00fan. 9.: szobr\u00e1sz \u00e9s \u00e9remm\u0171v\u00e9sz. \u2013 Mv.-en a Re. Koll.-ban tanult, m\u0171v\u00e9szi hajlamai igen kor\u00e1n megm\u00fatatkoztak. Kiss Gy\u00f6rgy szobr\u00e1szm\u0171v\u00e9sz tan\u00edtv\u00e1nya lett. Az Iparm\u0171v\u00e9szeti F\u0151iskol\u00e1n M\u00e1trai n\u00f6vend\u00e9ke, \u00e1llami, majd EMKE \u00f6szt\u00f6nd\u00edjas, spor\u00f3lva ny\u00e1ron Olaszo.-ban l\u00e1thatta a nagy mesterek munk\u00e1it \u00e9s P\u00e1rizsba ment a Julien akad.-ra. Onnan k\u00fcldte a R\u00e1k\u00f3czi szoborp\u00e1ly\u00e1zatra [&hellip;]<\/p>\n","protected":false},"featured_media":0,"comment_status":"open","ping_status":"closed","template":"","meta":[],"product_brand":[],"product_cat":[137],"product_tag":[],"class_list":{"0":"post-21800","1":"product","2":"type-product","3":"status-publish","5":"product_cat-maros-megyei-eletrajzi-lexikon","7":"first","8":"instock","9":"shipping-taxable","10":"product-type-simple"},"_links":{"self":[{"href":"https:\/\/uj.adatbank.ro\/lexikon\/wp-json\/wp\/v2\/product\/21800","targetHints":{"allow":["GET"]}}],"collection":[{"href":"https:\/\/uj.adatbank.ro\/lexikon\/wp-json\/wp\/v2\/product"}],"about":[{"href":"https:\/\/uj.adatbank.ro\/lexikon\/wp-json\/wp\/v2\/types\/product"}],"replies":[{"embeddable":true,"href":"https:\/\/uj.adatbank.ro\/lexikon\/wp-json\/wp\/v2\/comments?post=21800"}],"wp:attachment":[{"href":"https:\/\/uj.adatbank.ro\/lexikon\/wp-json\/wp\/v2\/media?parent=21800"}],"wp:term":[{"taxonomy":"product_brand","embeddable":true,"href":"https:\/\/uj.adatbank.ro\/lexikon\/wp-json\/wp\/v2\/product_brand?post=21800"},{"taxonomy":"product_cat","embeddable":true,"href":"https:\/\/uj.adatbank.ro\/lexikon\/wp-json\/wp\/v2\/product_cat?post=21800"},{"taxonomy":"product_tag","embeddable":true,"href":"https:\/\/uj.adatbank.ro\/lexikon\/wp-json\/wp\/v2\/product_tag?post=21800"}],"curies":[{"name":"wp","href":"https:\/\/api.w.org\/{rel}","templated":true}]}}