{"id":21801,"date":"2025-07-22T19:38:01","date_gmt":"2025-07-22T17:38:01","guid":{"rendered":"https:\/\/uj.adatbank.ro\/lexikon\/termek\/szekely-karoly-dr-%c2%a7-szekely-carol\/"},"modified":"2025-07-22T19:38:01","modified_gmt":"2025-07-22T17:38:01","slug":"szekely-karoly-dr-%c2%a7-szekely-carol","status":"publish","type":"product","link":"https:\/\/uj.adatbank.ro\/lexikon\/termek\/szekely-karoly-dr-%c2%a7-szekely-carol\/","title":{"rendered":"SZ\u00c9KELY K\u00e1roly, dr. \u00a7 \/ Sz\u00e9kely Carol"},"content":{"rendered":"<p>Gyergy\u00f3alfalu, 1913. szept. 7., \u2020 Mv., 1996. okt. 5.: orvos dr., biol\u00f3gus, el\u0151ad\u00f3tan\u00e1r, rektor. \u2013 K\u00f6z\u00e9piskol\u00e1t a mv.-i R.K. F\u0151gimn.-ban v\u00e9gezte \u00e9s \u00e9retts\u00e9gizett (1931). Egyetemi tanulm\u00e1nyait a ia\u015fi-i \u00e9s Kv.-on a M. Kir. Ferenc J\u00f3zsef Tudom\u00e1nyegyetem orvosi kar\u00e1n v\u00e9gzett (1942). Frontszolg\u00e1latot teljes\u00edtett az orosz hadsz\u00ednt\u00e9ren \u00e9s t\u00e1bororvosi munk\u00e1t v\u00e9gzett (1944\u2013). Szovjet fogs\u00e1gban volt (1945\u201347). Versenyvizsg\u00e1val elnyerte a Bolyai TE Mv.-en l\u00e9v\u0151 orvosi kar\u00e1n a Sz\u00f6vettan- \u00e9s Fejl\u0151d\u00e9stani tansz\u00e9ken az adjunktusi \u00e1ll\u00e1st. Alap\u00edt\u00f3-vezet\u0151je a MOGYI Orvosbiol\u00f3giai Tansz\u00e9k\u00e9nek el\u0151ad\u00f3tan\u00e1ra (1948\u201377); rektor is volt (1952. febr.1. \u2013 1957. okt. 31.); a Biol\u00f3giai \u00e9s a Parazitol\u00f3gia Tansz\u00e9k vezet\u0151 professzora nyugd\u00edjaz\u00e1s\u00e1ig (1952\u20131977). Konzult\u00e1ns prof.-k\u00e9nt ir\u00e1ny\u00edtotta a doktorandusokat. Oktat\u00f3i feladatai mellett az Orvostudom\u00e1nyi Akad\u00e9mia mv.-i Kutat\u00f3\u00e1llom\u00e1s\u00e1nak is munkat\u00e1rsa (1949\u201372). Kutat\u00e1si ter\u00fclete: \u00f6r\u00f6kl\u00e9stan, embriol\u00f3gia-histogenesis, sz\u00f6vettan, genetika \u00e9s n\u00f6v\u00e9nyfiziol\u00f3gia ter\u00fclet\u00e9re terjedt ki. Eredm\u00e9nyeit hazai \u00e9s k\u00fclf\u00f6ldi foly\u00f3iratokban k\u00f6z\u00f6lte. Munk\u00e1ss\u00e1g\u00e1nak elismer\u00e9sek\u00e9nt \u00e1llami kit\u00fcntet\u00e9sekben r\u00e9szes\u00fclt. \u2013 <strong>F. m.<\/strong>: Zool\u00f3gia. Parazitol\u00f3gia: (Komparat\u00edv anat\u00f3mia) (Mv., 1954., 1956); <strong>t\u00e1rssz.:<\/strong> Klinik und Pathologische Anatomie der Erythromyelosis Leukaemica. (Bp., 1958.); Biologie: Manual pentru \u00eenv\u0103\u0163\u0103m\u00eentul medical superior (Buc., 1963.); Cercet\u0103ri medicale. (Buc., 1968.); Biologie medical\u0103. Elemente de genetic\u0103. Curs (Chioreanu Liviaval, Tg. M., 1976); Citol\u00f3gia: Sejttani alapismeretek. (Ro\u015fca V. Gh., Papilian V. V-vel.: Mv., 1978.). T\u00f6bb \u00e1llami kit\u00fcntet\u00e9sben r\u00e9szes\u00fclt. <br \/><strong>Irod.:<\/strong> Dezs\u0151 Istv\u00e1n; Genersich; Lesty\u00e1n Ferenc: Sz. K. professzor \u00e9s \u00e9desanyja (N\u00fa., 1996. nov. 1.); IMF; Kiss Cs. M 4.; MOGYE; Mv.-i Gy\u00f3gyszer\u00e9szeti Kar; [Nekrol\u00f3g] (N\u00fa., 1996. okt. 8.); P\u00e9ter; P\u00e9ter H. M.; R\u00e9thy\u2013\u00dajv\u00e1ri\u2013V\u00e1czi, Sz\u00f6ll\u0151si 2009; Todea; Viharban.<\/br><\/p>\n","protected":false},"excerpt":{"rendered":"<p>Gyergy\u00f3alfalu, 1913. szept. 7., \u2020 Mv., 1996. okt. 5.: orvos dr., biol\u00f3gus, el\u0151ad\u00f3tan\u00e1r, rektor. \u2013 K\u00f6z\u00e9piskol\u00e1t a mv.-i R.K. F\u0151gimn.-ban v\u00e9gezte \u00e9s \u00e9retts\u00e9gizett (1931). Egyetemi tanulm\u00e1nyait a ia\u015fi-i \u00e9s Kv.-on a M. Kir. Ferenc J\u00f3zsef Tudom\u00e1nyegyetem orvosi kar\u00e1n v\u00e9gzett (1942). Frontszolg\u00e1latot teljes\u00edtett az orosz hadsz\u00ednt\u00e9ren \u00e9s t\u00e1bororvosi munk\u00e1t v\u00e9gzett (1944\u2013). Szovjet fogs\u00e1gban volt (1945\u201347). Versenyvizsg\u00e1val [&hellip;]<\/p>\n","protected":false},"featured_media":0,"comment_status":"open","ping_status":"closed","template":"","meta":[],"product_brand":[],"product_cat":[137],"product_tag":[],"class_list":{"0":"post-21801","1":"product","2":"type-product","3":"status-publish","5":"product_cat-maros-megyei-eletrajzi-lexikon","7":"first","8":"instock","9":"shipping-taxable","10":"product-type-simple"},"_links":{"self":[{"href":"https:\/\/uj.adatbank.ro\/lexikon\/wp-json\/wp\/v2\/product\/21801","targetHints":{"allow":["GET"]}}],"collection":[{"href":"https:\/\/uj.adatbank.ro\/lexikon\/wp-json\/wp\/v2\/product"}],"about":[{"href":"https:\/\/uj.adatbank.ro\/lexikon\/wp-json\/wp\/v2\/types\/product"}],"replies":[{"embeddable":true,"href":"https:\/\/uj.adatbank.ro\/lexikon\/wp-json\/wp\/v2\/comments?post=21801"}],"wp:attachment":[{"href":"https:\/\/uj.adatbank.ro\/lexikon\/wp-json\/wp\/v2\/media?parent=21801"}],"wp:term":[{"taxonomy":"product_brand","embeddable":true,"href":"https:\/\/uj.adatbank.ro\/lexikon\/wp-json\/wp\/v2\/product_brand?post=21801"},{"taxonomy":"product_cat","embeddable":true,"href":"https:\/\/uj.adatbank.ro\/lexikon\/wp-json\/wp\/v2\/product_cat?post=21801"},{"taxonomy":"product_tag","embeddable":true,"href":"https:\/\/uj.adatbank.ro\/lexikon\/wp-json\/wp\/v2\/product_tag?post=21801"}],"curies":[{"name":"wp","href":"https:\/\/api.w.org\/{rel}","templated":true}]}}