{"id":21802,"date":"2025-07-22T19:38:04","date_gmt":"2025-07-22T17:38:04","guid":{"rendered":"https:\/\/uj.adatbank.ro\/lexikon\/termek\/szekely-lajos\/"},"modified":"2025-07-22T19:38:04","modified_gmt":"2025-07-22T17:38:04","slug":"szekely-lajos","status":"publish","type":"product","link":"https:\/\/uj.adatbank.ro\/lexikon\/termek\/szekely-lajos\/","title":{"rendered":"SZ\u00c9KELY Lajos"},"content":{"rendered":"<p>? \u2020?: fels\u0151kereskedelmi iskolai tan\u00e1r. \u2013 R\u00e9szt vett a vit\u00e1ban. <br \/><strong>Irod.:<\/strong> Szigy\u00e1rt\u00f3 K\u00e1lm\u00e1n: Erd\u00e9lyr\u00e9szi vas\u00fatpolitik\u00e1nk: Vitat\u00e1rgy a mv.-i Kereskedelmi \u00e9s Iparkamara 1914. feb. 27-\u00e9n tartott vitaestj\u00e9n (Mv., 1914).<\/br><\/p>\n","protected":false},"excerpt":{"rendered":"<p>? \u2020?: fels\u0151kereskedelmi iskolai tan\u00e1r. \u2013 R\u00e9szt vett a vit\u00e1ban. Irod.: Szigy\u00e1rt\u00f3 K\u00e1lm\u00e1n: Erd\u00e9lyr\u00e9szi vas\u00fatpolitik\u00e1nk: Vitat\u00e1rgy a mv.-i Kereskedelmi \u00e9s Iparkamara 1914. feb. 27-\u00e9n tartott vitaestj\u00e9n (Mv., 1914).<\/p>\n","protected":false},"featured_media":0,"comment_status":"open","ping_status":"closed","template":"","meta":[],"product_brand":[],"product_cat":[137],"product_tag":[],"class_list":{"0":"post-21802","1":"product","2":"type-product","3":"status-publish","5":"product_cat-maros-megyei-eletrajzi-lexikon","7":"first","8":"instock","9":"shipping-taxable","10":"product-type-simple"},"_links":{"self":[{"href":"https:\/\/uj.adatbank.ro\/lexikon\/wp-json\/wp\/v2\/product\/21802","targetHints":{"allow":["GET"]}}],"collection":[{"href":"https:\/\/uj.adatbank.ro\/lexikon\/wp-json\/wp\/v2\/product"}],"about":[{"href":"https:\/\/uj.adatbank.ro\/lexikon\/wp-json\/wp\/v2\/types\/product"}],"replies":[{"embeddable":true,"href":"https:\/\/uj.adatbank.ro\/lexikon\/wp-json\/wp\/v2\/comments?post=21802"}],"wp:attachment":[{"href":"https:\/\/uj.adatbank.ro\/lexikon\/wp-json\/wp\/v2\/media?parent=21802"}],"wp:term":[{"taxonomy":"product_brand","embeddable":true,"href":"https:\/\/uj.adatbank.ro\/lexikon\/wp-json\/wp\/v2\/product_brand?post=21802"},{"taxonomy":"product_cat","embeddable":true,"href":"https:\/\/uj.adatbank.ro\/lexikon\/wp-json\/wp\/v2\/product_cat?post=21802"},{"taxonomy":"product_tag","embeddable":true,"href":"https:\/\/uj.adatbank.ro\/lexikon\/wp-json\/wp\/v2\/product_tag?post=21802"}],"curies":[{"name":"wp","href":"https:\/\/api.w.org\/{rel}","templated":true}]}}