{"id":21806,"date":"2025-07-22T19:38:12","date_gmt":"2025-07-22T17:38:12","guid":{"rendered":"https:\/\/uj.adatbank.ro\/lexikon\/termek\/szekely-lajos-alneve-eorsi-bela\/"},"modified":"2025-07-22T19:38:12","modified_gmt":"2025-07-22T17:38:12","slug":"szekely-lajos-alneve-eorsi-bela","status":"publish","type":"product","link":"https:\/\/uj.adatbank.ro\/lexikon\/termek\/szekely-lajos-alneve-eorsi-bela\/","title":{"rendered":"SZ\u00c9KELY Lajos, \u00e1lneve: E\u00f6rsi B\u00e9la"},"content":{"rendered":"<p>Sz\u00e1szr\u00e9gen, 1881. okt. 16., \u2020 Bp., 1972. dec. 18.: \u00fajs\u00e1g\u00edr\u00f3, k\u00f6zgazd\u00e1sz. \u2013 Az I. vh.-ban fogs\u00e1gba esett az orosz fronton, ahonnan hadifogs\u00e1ga ut\u00e1n K\u00edn\u00e1ba ker\u00fclt. Hazat\u00e9r\u00e9se ut\u00e1n a Vacuum Oil Company v\u00e1mospusztai gazdas\u00e1g\u00e1ban tisztvisel\u0151 volt. F\u0151k\u00e9nt szociogr\u00e1fiai jelleg\u0171 \u00edr\u00e1sai a 100%, a T\u00e1rsadalmi Szemle \u00e9s m\u00e1s baloldali foly\u00f3iratokban jelentek meg \u00e1ln\u00e9ven, k\u00f6nyveihez hasonl\u00f3an. M\u0171veinek tartalma miatt izgat\u00e1s \u00e9s l\u00e1z\u00edt\u00e1s v\u00e1dj\u00e1val t\u00f6bbsz\u00f6r fogt\u00e1k perbe. Elhagyta az orsz\u00e1got (1940) \u00e9s az USA-ban telepedett le, ahonnan visszak\u00f6lt\u00f6z\u00f6tt (az 1960-as \u00e9vek v\u00e9g\u00e9n). \u2013 <strong><strong>F. m.<\/strong><\/strong>: A magyar mez\u0151gazdas\u00e1gi v\u00e1ls\u00e1g (Bp., 1931); A magyar kapitalizmus fejl\u0151d\u00e9se (Bp., 1934); A t\u0151ke behatol\u00e1sa a mez\u0151gazdas\u00e1gba (Bp., 1938); A magyar f\u00f6ldm\u00edvesszeg\u00e9nys\u00e9g kialakul\u00e1sa (Bp., 1938). <br \/><strong>Irod.:<\/strong> M\u00c9L; \u00daM\u00c9L.<\/br><\/p>\n","protected":false},"excerpt":{"rendered":"<p>Sz\u00e1szr\u00e9gen, 1881. okt. 16., \u2020 Bp., 1972. dec. 18.: \u00fajs\u00e1g\u00edr\u00f3, k\u00f6zgazd\u00e1sz. \u2013 Az I. vh.-ban fogs\u00e1gba esett az orosz fronton, ahonnan hadifogs\u00e1ga ut\u00e1n K\u00edn\u00e1ba ker\u00fclt. Hazat\u00e9r\u00e9se ut\u00e1n a Vacuum Oil Company v\u00e1mospusztai gazdas\u00e1g\u00e1ban tisztvisel\u0151 volt. F\u0151k\u00e9nt szociogr\u00e1fiai jelleg\u0171 \u00edr\u00e1sai a 100%, a T\u00e1rsadalmi Szemle \u00e9s m\u00e1s baloldali foly\u00f3iratokban jelentek meg \u00e1ln\u00e9ven, k\u00f6nyveihez hasonl\u00f3an. M\u0171veinek tartalma [&hellip;]<\/p>\n","protected":false},"featured_media":0,"comment_status":"open","ping_status":"closed","template":"","meta":[],"product_brand":[],"product_cat":[137],"product_tag":[],"class_list":{"0":"post-21806","1":"product","2":"type-product","3":"status-publish","5":"product_cat-maros-megyei-eletrajzi-lexikon","7":"first","8":"instock","9":"shipping-taxable","10":"product-type-simple"},"_links":{"self":[{"href":"https:\/\/uj.adatbank.ro\/lexikon\/wp-json\/wp\/v2\/product\/21806","targetHints":{"allow":["GET"]}}],"collection":[{"href":"https:\/\/uj.adatbank.ro\/lexikon\/wp-json\/wp\/v2\/product"}],"about":[{"href":"https:\/\/uj.adatbank.ro\/lexikon\/wp-json\/wp\/v2\/types\/product"}],"replies":[{"embeddable":true,"href":"https:\/\/uj.adatbank.ro\/lexikon\/wp-json\/wp\/v2\/comments?post=21806"}],"wp:attachment":[{"href":"https:\/\/uj.adatbank.ro\/lexikon\/wp-json\/wp\/v2\/media?parent=21806"}],"wp:term":[{"taxonomy":"product_brand","embeddable":true,"href":"https:\/\/uj.adatbank.ro\/lexikon\/wp-json\/wp\/v2\/product_brand?post=21806"},{"taxonomy":"product_cat","embeddable":true,"href":"https:\/\/uj.adatbank.ro\/lexikon\/wp-json\/wp\/v2\/product_cat?post=21806"},{"taxonomy":"product_tag","embeddable":true,"href":"https:\/\/uj.adatbank.ro\/lexikon\/wp-json\/wp\/v2\/product_tag?post=21806"}],"curies":[{"name":"wp","href":"https:\/\/api.w.org\/{rel}","templated":true}]}}