{"id":21807,"date":"2025-07-22T19:38:14","date_gmt":"2025-07-22T17:38:14","guid":{"rendered":"https:\/\/uj.adatbank.ro\/lexikon\/termek\/szekely-laszlo\/"},"modified":"2025-07-22T19:38:14","modified_gmt":"2025-07-22T17:38:14","slug":"szekely-laszlo","status":"publish","type":"product","link":"https:\/\/uj.adatbank.ro\/lexikon\/termek\/szekely-laszlo\/","title":{"rendered":"SZ\u00c9KELY L\u00e1szl\u00f3"},"content":{"rendered":"<p>P\u00f3kakereszt\u00far, 1741, \u2020 P\u00f3kakereszt\u00far, 1791: katonatiszt, test\u0151r, f\u00f6ldbirtokos. \u2013 A mv.-i ref. koll.-ban tanult. P\u00e1lyafut\u00e1s\u00e1t a hadseregben kezdte, majd be\u00e1llt a m. test\u0151rs\u00e9gbe (1768\u2013), alezredes \u00e9s g\u00e1rdap\u00e9nzt\u00e1rnok (1773\u2013). A szabadk\u0151m\u0171vess\u00e9ggel rokon jelleg\u0171 R\u00f3zsakeresztes T\u00e1rsulat tagja, szenved\u00e9lyes alkimista volt. A hadit\u00f6rv\u00e9nysz\u00e9k a p\u00e9nzt\u00e1r hi\u00e1nyai miatt rangj\u00e1nak elveszt\u00e9s\u00e9re \u00e9s 6 \u00e9vi b\u00f6rt\u00f6nre \u00edt\u00e9lte (1785), amit az udvari haditan\u00e1cs k\u00f6vetel\u00e9s\u00e9re 8 \u00e9vre emeltek. B\u00fcntet\u00e9s\u00e9t II. J\u00f3zsef cs\u00e1sz\u00e1r 4 \u00e9vre cs\u00f6kkentette, \u00e9s fogs\u00e1ga sz\u00ednhely\u00e9\u00fcl a szegedi b\u00f6rt\u00f6nt jel\u00f6lte ki, az uralkod\u00f3 parancs\u00e1ra szabadon engedt\u00e9k (1786. j\u00fan.), 50 arany duk\u00e1tot kapott, s megtiltott\u00e1k neki, hogy B\u00e9cset, Pozsonyt \u00e9s Pest-Bud\u00e1t felkeresse. Visszat\u00e9rt sz\u00fcl\u0151faluj\u00e1ba, ahol szinte kiz\u00e1r\u00f3lag alkimista kutat\u00e1sokkal foglalkozott. Per\u00e9nek nagy visszhangja volt, mert az \u00edt\u00e9letet \u00e9s II. J\u00f3zsef beavatkoz\u00e1s\u00e1t a szabadk\u0151m\u0171vesek ellen\u00fck ir\u00e1nyul\u00f3 t\u00e1mad\u00e1sk\u00e9nt \u00e9rt\u00e9kelt\u00e9k. <br \/><strong>Irod.:<\/strong> M\u00c9L; MTN; \u00daM\u00c9L.<\/br><\/p>\n","protected":false},"excerpt":{"rendered":"<p>P\u00f3kakereszt\u00far, 1741, \u2020 P\u00f3kakereszt\u00far, 1791: katonatiszt, test\u0151r, f\u00f6ldbirtokos. \u2013 A mv.-i ref. koll.-ban tanult. P\u00e1lyafut\u00e1s\u00e1t a hadseregben kezdte, majd be\u00e1llt a m. test\u0151rs\u00e9gbe (1768\u2013), alezredes \u00e9s g\u00e1rdap\u00e9nzt\u00e1rnok (1773\u2013). A szabadk\u0151m\u0171vess\u00e9ggel rokon jelleg\u0171 R\u00f3zsakeresztes T\u00e1rsulat tagja, szenved\u00e9lyes alkimista volt. A hadit\u00f6rv\u00e9nysz\u00e9k a p\u00e9nzt\u00e1r hi\u00e1nyai miatt rangj\u00e1nak elveszt\u00e9s\u00e9re \u00e9s 6 \u00e9vi b\u00f6rt\u00f6nre \u00edt\u00e9lte (1785), amit az udvari [&hellip;]<\/p>\n","protected":false},"featured_media":0,"comment_status":"open","ping_status":"closed","template":"","meta":[],"product_brand":[],"product_cat":[137],"product_tag":[],"class_list":{"0":"post-21807","1":"product","2":"type-product","3":"status-publish","5":"product_cat-maros-megyei-eletrajzi-lexikon","7":"first","8":"instock","9":"shipping-taxable","10":"product-type-simple"},"_links":{"self":[{"href":"https:\/\/uj.adatbank.ro\/lexikon\/wp-json\/wp\/v2\/product\/21807","targetHints":{"allow":["GET"]}}],"collection":[{"href":"https:\/\/uj.adatbank.ro\/lexikon\/wp-json\/wp\/v2\/product"}],"about":[{"href":"https:\/\/uj.adatbank.ro\/lexikon\/wp-json\/wp\/v2\/types\/product"}],"replies":[{"embeddable":true,"href":"https:\/\/uj.adatbank.ro\/lexikon\/wp-json\/wp\/v2\/comments?post=21807"}],"wp:attachment":[{"href":"https:\/\/uj.adatbank.ro\/lexikon\/wp-json\/wp\/v2\/media?parent=21807"}],"wp:term":[{"taxonomy":"product_brand","embeddable":true,"href":"https:\/\/uj.adatbank.ro\/lexikon\/wp-json\/wp\/v2\/product_brand?post=21807"},{"taxonomy":"product_cat","embeddable":true,"href":"https:\/\/uj.adatbank.ro\/lexikon\/wp-json\/wp\/v2\/product_cat?post=21807"},{"taxonomy":"product_tag","embeddable":true,"href":"https:\/\/uj.adatbank.ro\/lexikon\/wp-json\/wp\/v2\/product_tag?post=21807"}],"curies":[{"name":"wp","href":"https:\/\/api.w.org\/{rel}","templated":true}]}}