{"id":21809,"date":"2025-07-22T19:38:18","date_gmt":"2025-07-22T17:38:18","guid":{"rendered":"https:\/\/uj.adatbank.ro\/lexikon\/termek\/szekely-laszlo-3\/"},"modified":"2025-07-22T19:38:18","modified_gmt":"2025-07-22T17:38:18","slug":"szekely-laszlo-3","status":"publish","type":"product","link":"https:\/\/uj.adatbank.ro\/lexikon\/termek\/szekely-laszlo-3\/","title":{"rendered":"SZ\u00c9KELY L\u00e1szl\u00f3"},"content":{"rendered":"<p>?, \u2020\u00a0Mv., 1985. febr. 28.: asztalos, munk\u00e1smozgalmi harcos. \u2013 Mint asztalos fiatalon bekapcsol\u00f3dott a munk\u00e1smozgalomba, a Maros megyei KISZ tagja, majd egyik vezet\u0151je. Az illegalit\u00e1sban a brass\u00f3i \u00e9s kv.-i tartom\u00e1nyi KISZ-bizotts\u00e1g titk\u00e1ra. Felszabadul\u00e1s ut\u00e1n a cs\u00edkmegyei p\u00e1rtszervezetn\u00e9l tev\u00e9kenykedett. T\u00f6bb \u00e9rdemrenddel \u00e9s \u00e9rdem\u00e9rm\u00e9vel t\u00fcntett\u00e9k ki. <br \/><strong>Irod.:<\/strong> Sz. L. [Nekrol\u00f3g] (V. Z., 1985. m\u00e1rc. 2.).<\/br><\/p>\n","protected":false},"excerpt":{"rendered":"<p>?, \u2020\u00a0Mv., 1985. febr. 28.: asztalos, munk\u00e1smozgalmi harcos. \u2013 Mint asztalos fiatalon bekapcsol\u00f3dott a munk\u00e1smozgalomba, a Maros megyei KISZ tagja, majd egyik vezet\u0151je. Az illegalit\u00e1sban a brass\u00f3i \u00e9s kv.-i tartom\u00e1nyi KISZ-bizotts\u00e1g titk\u00e1ra. Felszabadul\u00e1s ut\u00e1n a cs\u00edkmegyei p\u00e1rtszervezetn\u00e9l tev\u00e9kenykedett. T\u00f6bb \u00e9rdemrenddel \u00e9s \u00e9rdem\u00e9rm\u00e9vel t\u00fcntett\u00e9k ki. Irod.: Sz. L. [Nekrol\u00f3g] (V. Z., 1985. m\u00e1rc. 2.).<\/p>\n","protected":false},"featured_media":0,"comment_status":"open","ping_status":"closed","template":"","meta":[],"product_brand":[],"product_cat":[137],"product_tag":[],"class_list":{"0":"post-21809","1":"product","2":"type-product","3":"status-publish","5":"product_cat-maros-megyei-eletrajzi-lexikon","7":"first","8":"instock","9":"shipping-taxable","10":"product-type-simple"},"_links":{"self":[{"href":"https:\/\/uj.adatbank.ro\/lexikon\/wp-json\/wp\/v2\/product\/21809","targetHints":{"allow":["GET"]}}],"collection":[{"href":"https:\/\/uj.adatbank.ro\/lexikon\/wp-json\/wp\/v2\/product"}],"about":[{"href":"https:\/\/uj.adatbank.ro\/lexikon\/wp-json\/wp\/v2\/types\/product"}],"replies":[{"embeddable":true,"href":"https:\/\/uj.adatbank.ro\/lexikon\/wp-json\/wp\/v2\/comments?post=21809"}],"wp:attachment":[{"href":"https:\/\/uj.adatbank.ro\/lexikon\/wp-json\/wp\/v2\/media?parent=21809"}],"wp:term":[{"taxonomy":"product_brand","embeddable":true,"href":"https:\/\/uj.adatbank.ro\/lexikon\/wp-json\/wp\/v2\/product_brand?post=21809"},{"taxonomy":"product_cat","embeddable":true,"href":"https:\/\/uj.adatbank.ro\/lexikon\/wp-json\/wp\/v2\/product_cat?post=21809"},{"taxonomy":"product_tag","embeddable":true,"href":"https:\/\/uj.adatbank.ro\/lexikon\/wp-json\/wp\/v2\/product_tag?post=21809"}],"curies":[{"name":"wp","href":"https:\/\/api.w.org\/{rel}","templated":true}]}}