{"id":21812,"date":"2025-07-22T19:38:26","date_gmt":"2025-07-22T17:38:26","guid":{"rendered":"https:\/\/uj.adatbank.ro\/lexikon\/termek\/szekely-laszlo-%c2%a7\/"},"modified":"2025-07-22T19:38:26","modified_gmt":"2025-07-22T17:38:26","slug":"szekely-laszlo-%c2%a7","status":"publish","type":"product","link":"https:\/\/uj.adatbank.ro\/lexikon\/termek\/szekely-laszlo-%c2%a7\/","title":{"rendered":"SZ\u00c9KELY L\u00e1szl\u00f3, \u00a7"},"content":{"rendered":"<p>D\u00e9s, 1921., \u2020?: szobr\u00e1sz. \u2013 Autodidakta szobr\u00e1sz, a mv.-i N\u00e9pm\u0171v\u00e9szeti Iskol\u00e1t v\u00e9gezte (1957), majd f\u0151muzeol\u00f3gus a mv.-i K\u00e9pz\u0151m\u0171v\u00e9szeti M\u00fazeumban (1957\u201370). \u00d6szt\u00f6nd\u00edjas tanulm\u00e1ny\u00faton j\u00e1rt a Szu-ban, Csehszlov\u00e1k\u00e1ban, Lengyelo.-ban, ahol faszobrok, fresk\u00f3k restaur\u00e1l\u00e1s\u00e1n dolgozott. R\u00e9szt vett a tartom\u00e1nyi ill. megyei ki\u00e1ll\u00edt\u00e1sokon Mv.-en (1960\u2013), egy\u00e9ni t\u00e1rlata volt (1964). Csoportki\u00e1ll\u00edt\u00e1sokon vett r\u00e9szt Sz\u00e9kelyudvarhelyen, Buk.-ben a Dallas teremben, Szatm\u00e1ron, a gyergy\u00f3sz\u00e1rhegyi m\u0171v\u00e9sztelepen. <br \/><strong>Irod.:<\/strong> Banner; Katona Szab\u00f3 Istv\u00e1n: Az \u00daj \u00c9let lexikona, 142. (\u00daj \u00c9let, 11. sz. 1976.).<\/br><\/p>\n","protected":false},"excerpt":{"rendered":"<p>D\u00e9s, 1921., \u2020?: szobr\u00e1sz. \u2013 Autodidakta szobr\u00e1sz, a mv.-i N\u00e9pm\u0171v\u00e9szeti Iskol\u00e1t v\u00e9gezte (1957), majd f\u0151muzeol\u00f3gus a mv.-i K\u00e9pz\u0151m\u0171v\u00e9szeti M\u00fazeumban (1957\u201370). \u00d6szt\u00f6nd\u00edjas tanulm\u00e1ny\u00faton j\u00e1rt a Szu-ban, Csehszlov\u00e1k\u00e1ban, Lengyelo.-ban, ahol faszobrok, fresk\u00f3k restaur\u00e1l\u00e1s\u00e1n dolgozott. R\u00e9szt vett a tartom\u00e1nyi ill. megyei ki\u00e1ll\u00edt\u00e1sokon Mv.-en (1960\u2013), egy\u00e9ni t\u00e1rlata volt (1964). Csoportki\u00e1ll\u00edt\u00e1sokon vett r\u00e9szt Sz\u00e9kelyudvarhelyen, Buk.-ben a Dallas teremben, Szatm\u00e1ron, a [&hellip;]<\/p>\n","protected":false},"featured_media":0,"comment_status":"open","ping_status":"closed","template":"","meta":[],"product_brand":[],"product_cat":[137],"product_tag":[],"class_list":{"0":"post-21812","1":"product","2":"type-product","3":"status-publish","5":"product_cat-maros-megyei-eletrajzi-lexikon","7":"first","8":"instock","9":"shipping-taxable","10":"product-type-simple"},"_links":{"self":[{"href":"https:\/\/uj.adatbank.ro\/lexikon\/wp-json\/wp\/v2\/product\/21812","targetHints":{"allow":["GET"]}}],"collection":[{"href":"https:\/\/uj.adatbank.ro\/lexikon\/wp-json\/wp\/v2\/product"}],"about":[{"href":"https:\/\/uj.adatbank.ro\/lexikon\/wp-json\/wp\/v2\/types\/product"}],"replies":[{"embeddable":true,"href":"https:\/\/uj.adatbank.ro\/lexikon\/wp-json\/wp\/v2\/comments?post=21812"}],"wp:attachment":[{"href":"https:\/\/uj.adatbank.ro\/lexikon\/wp-json\/wp\/v2\/media?parent=21812"}],"wp:term":[{"taxonomy":"product_brand","embeddable":true,"href":"https:\/\/uj.adatbank.ro\/lexikon\/wp-json\/wp\/v2\/product_brand?post=21812"},{"taxonomy":"product_cat","embeddable":true,"href":"https:\/\/uj.adatbank.ro\/lexikon\/wp-json\/wp\/v2\/product_cat?post=21812"},{"taxonomy":"product_tag","embeddable":true,"href":"https:\/\/uj.adatbank.ro\/lexikon\/wp-json\/wp\/v2\/product_tag?post=21812"}],"curies":[{"name":"wp","href":"https:\/\/api.w.org\/{rel}","templated":true}]}}