{"id":21814,"date":"2025-07-22T19:38:30","date_gmt":"2025-07-22T17:38:30","guid":{"rendered":"https:\/\/uj.adatbank.ro\/lexikon\/termek\/szekely-levente\/"},"modified":"2025-07-22T19:38:30","modified_gmt":"2025-07-22T17:38:30","slug":"szekely-levente","status":"publish","type":"product","link":"https:\/\/uj.adatbank.ro\/lexikon\/termek\/szekely-levente\/","title":{"rendered":"SZ\u00c9KELY Levente"},"content":{"rendered":"<p>Nagyenyed, 1911., \u2020?: orvos. \u2013 K\u00f6z\u00e9piskol\u00e1it Nagyenyeden, Medgyesen, az egyetemet Kv.-on v\u00e9gezte. Mint orvos Mv.-en, Szov\u00e1t\u00e1n \u00e9s Aradon dolgozott. Szov\u00e1ta f\u00fcrd\u0151orvosa (1941\u2013). <br \/><strong>Irod.:<\/strong> Sz\u00e9kelyf\u00f6ld \u00ed. k.<\/br><\/p>\n","protected":false},"excerpt":{"rendered":"<p>Nagyenyed, 1911., \u2020?: orvos. \u2013 K\u00f6z\u00e9piskol\u00e1it Nagyenyeden, Medgyesen, az egyetemet Kv.-on v\u00e9gezte. Mint orvos Mv.-en, Szov\u00e1t\u00e1n \u00e9s Aradon dolgozott. Szov\u00e1ta f\u00fcrd\u0151orvosa (1941\u2013). Irod.: Sz\u00e9kelyf\u00f6ld \u00ed. k.<\/p>\n","protected":false},"featured_media":0,"comment_status":"open","ping_status":"closed","template":"","meta":[],"product_brand":[],"product_cat":[137],"product_tag":[],"class_list":{"0":"post-21814","1":"product","2":"type-product","3":"status-publish","5":"product_cat-maros-megyei-eletrajzi-lexikon","7":"first","8":"instock","9":"shipping-taxable","10":"product-type-simple"},"_links":{"self":[{"href":"https:\/\/uj.adatbank.ro\/lexikon\/wp-json\/wp\/v2\/product\/21814","targetHints":{"allow":["GET"]}}],"collection":[{"href":"https:\/\/uj.adatbank.ro\/lexikon\/wp-json\/wp\/v2\/product"}],"about":[{"href":"https:\/\/uj.adatbank.ro\/lexikon\/wp-json\/wp\/v2\/types\/product"}],"replies":[{"embeddable":true,"href":"https:\/\/uj.adatbank.ro\/lexikon\/wp-json\/wp\/v2\/comments?post=21814"}],"wp:attachment":[{"href":"https:\/\/uj.adatbank.ro\/lexikon\/wp-json\/wp\/v2\/media?parent=21814"}],"wp:term":[{"taxonomy":"product_brand","embeddable":true,"href":"https:\/\/uj.adatbank.ro\/lexikon\/wp-json\/wp\/v2\/product_brand?post=21814"},{"taxonomy":"product_cat","embeddable":true,"href":"https:\/\/uj.adatbank.ro\/lexikon\/wp-json\/wp\/v2\/product_cat?post=21814"},{"taxonomy":"product_tag","embeddable":true,"href":"https:\/\/uj.adatbank.ro\/lexikon\/wp-json\/wp\/v2\/product_tag?post=21814"}],"curies":[{"name":"wp","href":"https:\/\/api.w.org\/{rel}","templated":true}]}}