{"id":21815,"date":"2025-07-22T19:38:32","date_gmt":"2025-07-22T17:38:32","guid":{"rendered":"https:\/\/uj.adatbank.ro\/lexikon\/termek\/szekely-m-eva-szekely-moldovan-eva\/"},"modified":"2025-07-22T19:38:32","modified_gmt":"2025-07-22T17:38:32","slug":"szekely-m-eva-szekely-moldovan-eva","status":"publish","type":"product","link":"https:\/\/uj.adatbank.ro\/lexikon\/termek\/szekely-m-eva-szekely-moldovan-eva\/","title":{"rendered":"SZ\u00c9KELY M. \u00c9va, \/ Sz\u00e9kely Moldov\u00e1n \u00c9va"},"content":{"rendered":"<p>\u2020\u00a0Mv., 2021. szept. 28.: sz\u00ednm\u0171v\u00e9sz. \u2013 Mv.-en b\u00e1bsz\u00edn\u00e9szk\u00e9nt kezdett dolgozni (1960\u201362), rendszeresen szerepelt gyermekel\u0151ad\u00e1sokban \u00e9s gyakran k\u00f6zrem\u0171k\u00f6d\u00f6tt a Mv.-i R\u00e1di\u00f3 gyermekm\u0171soraiban. A Szentgy\u00f6rgyi Istv\u00e1n Sz\u00ednm\u0171v\u00e9szeti Int\u00e9zetben, Kov\u00e1cs Gy\u00f6rgy oszt\u00e1ly\u00e1ban v\u00e9gzett (1966). A Temesv\u00e1ri \u00c1llami Magyar Sz\u00ednh\u00e1z tagja egy \u00e9vig, visszat\u00e9rt Mv.-re, a sz\u00ednh\u00e1z mellett szerepelt szaval\u00f3esteken, rendszeresen a R\u00e1di\u00f3 gyermekad\u00e1saiban. F\u0151bb szerepei: Hercegn\u0151: Bernard Shaw: Szent Johanna (1966. nov. 29.); Corina: Mihail Sebastian: Vak\u00e1ci\u00f3sdi (1967. jan. 1.), Temesv\u00e1r; Szerepl\u0151: Sz\u00e9p Ern\u0151 Lila \u00e1k\u00e1c (1981. okt. 11.); Hanna n\u00e9ni: Kincses Elem\u00e9r Porond (1982. m\u00e1rc. 19); Ign\u00e1czn\u00e9: Sz\u00e9p Ern\u0151: Patika (1984. nov. 30); Szerepl\u0151: Mihail Bulgakov: A divatszalon titka (1987. j\u00fan. 29.); Natalia \u00fajs\u00e1g\u00edr\u00f3: Aurel Baranga: Jelmezben (1988. m\u00e1rc. 18.); Tadrachowa: Gabriela Z\u00e1polsk\u00e1 Dulska asszony erk\u00f6lcse (1989. nov. 10.); Kozbi Mirjam szolg\u00e1l\u00f3ja: Mad\u00e1ch Imre: M\u00f3zes (1990. \u00e1pr. 13); Evie Mcgeer: Somerset Maugham: Sz\u00ednh\u00e1z (1990. dec. 28); Ivanovics Korobkin feles\u00e9ge: Gogol: A revizor (1991. \u00e1pr. 12.); Visitacion: G. G. M\u00e1rquez: Sz\u00e1z \u00e9v mag\u00e1ny (1991. dec. 27.); Kocsm\u00e1rosn\u00e9: Vaszary G\u00e1bor: Az \u00f6rd\u00f6g nem alszik (1991. \u00e1pr.); Nardellaa kir\u00e1lyn\u00e9 dajk\u00e1ja: Heltai: A n\u00e9ma levente (1994. m\u00e1rc. 25); Vikota: Tam\u00e1si \u00c1ron: Boldog ny\u00e1rfalev\u00e9l (1996. okt. 19); A p\u00e1holyosn\u0151: Moln\u00e1r Ferenc: A test\u0151r (2002. okt. 11.). <br \/><strong>Irod.:<\/strong> Sz\u00e9kely M. \u00c9va (1942\u20132021) (N\u00fa., 2021. szept. 30.), EMKK.<\/br><\/p>\n","protected":false},"excerpt":{"rendered":"<p>\u2020\u00a0Mv., 2021. szept. 28.: sz\u00ednm\u0171v\u00e9sz. \u2013 Mv.-en b\u00e1bsz\u00edn\u00e9szk\u00e9nt kezdett dolgozni (1960\u201362), rendszeresen szerepelt gyermekel\u0151ad\u00e1sokban \u00e9s gyakran k\u00f6zrem\u0171k\u00f6d\u00f6tt a Mv.-i R\u00e1di\u00f3 gyermekm\u0171soraiban. A Szentgy\u00f6rgyi Istv\u00e1n Sz\u00ednm\u0171v\u00e9szeti Int\u00e9zetben, Kov\u00e1cs Gy\u00f6rgy oszt\u00e1ly\u00e1ban v\u00e9gzett (1966). A Temesv\u00e1ri \u00c1llami Magyar Sz\u00ednh\u00e1z tagja egy \u00e9vig, visszat\u00e9rt Mv.-re, a sz\u00ednh\u00e1z mellett szerepelt szaval\u00f3esteken, rendszeresen a R\u00e1di\u00f3 gyermekad\u00e1saiban. F\u0151bb szerepei: Hercegn\u0151: Bernard Shaw: [&hellip;]<\/p>\n","protected":false},"featured_media":0,"comment_status":"open","ping_status":"closed","template":"","meta":[],"product_brand":[],"product_cat":[137],"product_tag":[],"class_list":{"0":"post-21815","1":"product","2":"type-product","3":"status-publish","5":"product_cat-maros-megyei-eletrajzi-lexikon","7":"first","8":"instock","9":"shipping-taxable","10":"product-type-simple"},"_links":{"self":[{"href":"https:\/\/uj.adatbank.ro\/lexikon\/wp-json\/wp\/v2\/product\/21815","targetHints":{"allow":["GET"]}}],"collection":[{"href":"https:\/\/uj.adatbank.ro\/lexikon\/wp-json\/wp\/v2\/product"}],"about":[{"href":"https:\/\/uj.adatbank.ro\/lexikon\/wp-json\/wp\/v2\/types\/product"}],"replies":[{"embeddable":true,"href":"https:\/\/uj.adatbank.ro\/lexikon\/wp-json\/wp\/v2\/comments?post=21815"}],"wp:attachment":[{"href":"https:\/\/uj.adatbank.ro\/lexikon\/wp-json\/wp\/v2\/media?parent=21815"}],"wp:term":[{"taxonomy":"product_brand","embeddable":true,"href":"https:\/\/uj.adatbank.ro\/lexikon\/wp-json\/wp\/v2\/product_brand?post=21815"},{"taxonomy":"product_cat","embeddable":true,"href":"https:\/\/uj.adatbank.ro\/lexikon\/wp-json\/wp\/v2\/product_cat?post=21815"},{"taxonomy":"product_tag","embeddable":true,"href":"https:\/\/uj.adatbank.ro\/lexikon\/wp-json\/wp\/v2\/product_tag?post=21815"}],"curies":[{"name":"wp","href":"https:\/\/api.w.org\/{rel}","templated":true}]}}