{"id":21816,"date":"2025-07-22T19:38:34","date_gmt":"2025-07-22T17:38:34","guid":{"rendered":"https:\/\/uj.adatbank.ro\/lexikon\/termek\/szekely-margit\/"},"modified":"2025-07-22T19:38:34","modified_gmt":"2025-07-22T17:38:34","slug":"szekely-margit","status":"publish","type":"product","link":"https:\/\/uj.adatbank.ro\/lexikon\/termek\/szekely-margit\/","title":{"rendered":"SZ\u00c9KELY Margit"},"content":{"rendered":"<p>? \u2020\u00a0Mv., 1991. m\u00e1rc. 4.?: tan\u00e1r, f\u0151k\u00f6nyvt\u00e1ros. \u2013 A Mv.-i Tartom\u00e1nyi K\u00f6nyvt\u00e1rban dolgozott, r\u00e9szt vett a Mv.-en m\u0171k\u00f6d\u0151 K\u00f6nyvt\u00e1ros iskola (1950-es \u00e9vek) m. nyelv\u0171 k\u00f6nyvt\u00e1rosk\u00e9pz\u00e9s\u00e9ben; a Bolyai dokument\u00e1ci\u00f3s K\u00f6nyvt\u00e1rban dolgozott nyugd\u00edjaz\u00e1s\u00e1ig (1957\u201363). Kutat\u00e1si ter\u00fclete: klasszika filol\u00f3gia. <br \/><strong>Irod.:<\/strong> RMIL 3.235 l.; [Nekrol\u00f3g] (N\u00fa., 1991. m\u00e1rc. 5.).<\/br><\/p>\n","protected":false},"excerpt":{"rendered":"<p>? \u2020\u00a0Mv., 1991. m\u00e1rc. 4.?: tan\u00e1r, f\u0151k\u00f6nyvt\u00e1ros. \u2013 A Mv.-i Tartom\u00e1nyi K\u00f6nyvt\u00e1rban dolgozott, r\u00e9szt vett a Mv.-en m\u0171k\u00f6d\u0151 K\u00f6nyvt\u00e1ros iskola (1950-es \u00e9vek) m. nyelv\u0171 k\u00f6nyvt\u00e1rosk\u00e9pz\u00e9s\u00e9ben; a Bolyai dokument\u00e1ci\u00f3s K\u00f6nyvt\u00e1rban dolgozott nyugd\u00edjaz\u00e1s\u00e1ig (1957\u201363). Kutat\u00e1si ter\u00fclete: klasszika filol\u00f3gia. Irod.: RMIL 3.235 l.; [Nekrol\u00f3g] (N\u00fa., 1991. m\u00e1rc. 5.).<\/p>\n","protected":false},"featured_media":0,"comment_status":"open","ping_status":"closed","template":"","meta":[],"product_brand":[],"product_cat":[137],"product_tag":[],"class_list":{"0":"post-21816","1":"product","2":"type-product","3":"status-publish","5":"product_cat-maros-megyei-eletrajzi-lexikon","7":"first","8":"instock","9":"shipping-taxable","10":"product-type-simple"},"_links":{"self":[{"href":"https:\/\/uj.adatbank.ro\/lexikon\/wp-json\/wp\/v2\/product\/21816","targetHints":{"allow":["GET"]}}],"collection":[{"href":"https:\/\/uj.adatbank.ro\/lexikon\/wp-json\/wp\/v2\/product"}],"about":[{"href":"https:\/\/uj.adatbank.ro\/lexikon\/wp-json\/wp\/v2\/types\/product"}],"replies":[{"embeddable":true,"href":"https:\/\/uj.adatbank.ro\/lexikon\/wp-json\/wp\/v2\/comments?post=21816"}],"wp:attachment":[{"href":"https:\/\/uj.adatbank.ro\/lexikon\/wp-json\/wp\/v2\/media?parent=21816"}],"wp:term":[{"taxonomy":"product_brand","embeddable":true,"href":"https:\/\/uj.adatbank.ro\/lexikon\/wp-json\/wp\/v2\/product_brand?post=21816"},{"taxonomy":"product_cat","embeddable":true,"href":"https:\/\/uj.adatbank.ro\/lexikon\/wp-json\/wp\/v2\/product_cat?post=21816"},{"taxonomy":"product_tag","embeddable":true,"href":"https:\/\/uj.adatbank.ro\/lexikon\/wp-json\/wp\/v2\/product_tag?post=21816"}],"curies":[{"name":"wp","href":"https:\/\/api.w.org\/{rel}","templated":true}]}}