{"id":21817,"date":"2025-07-22T19:38:36","date_gmt":"2025-07-22T17:38:36","guid":{"rendered":"https:\/\/uj.adatbank.ro\/lexikon\/termek\/szekely-maria\/"},"modified":"2025-07-22T19:38:36","modified_gmt":"2025-07-22T17:38:36","slug":"szekely-maria","status":"publish","type":"product","link":"https:\/\/uj.adatbank.ro\/lexikon\/termek\/szekely-maria\/","title":{"rendered":"SZ\u00c9KELY M\u00e1ria"},"content":{"rendered":"<p>?, \u2020: sportol\u00f3, \u2013 Az Av\u00eentul kajakoz\u00f3ja, kettesben a bukaresti Elena Lipalittal, 6-ik hely Barab\u00e1s Andr\u00e1s (Dinamo Buc.), Mv.-en hossz\u00fat\u00e1vfut\u00f3. <br \/><strong>Irod.:<\/strong> Kl\u00f3sz\u2013Tolok\u00e1n.<\/br><\/p>\n","protected":false},"excerpt":{"rendered":"<p>?, \u2020: sportol\u00f3, \u2013 Az Av\u00eentul kajakoz\u00f3ja, kettesben a bukaresti Elena Lipalittal, 6-ik hely Barab\u00e1s Andr\u00e1s (Dinamo Buc.), Mv.-en hossz\u00fat\u00e1vfut\u00f3. Irod.: Kl\u00f3sz\u2013Tolok\u00e1n.<\/p>\n","protected":false},"featured_media":0,"comment_status":"open","ping_status":"closed","template":"","meta":[],"product_brand":[],"product_cat":[137],"product_tag":[],"class_list":{"0":"post-21817","1":"product","2":"type-product","3":"status-publish","5":"product_cat-maros-megyei-eletrajzi-lexikon","7":"first","8":"instock","9":"shipping-taxable","10":"product-type-simple"},"_links":{"self":[{"href":"https:\/\/uj.adatbank.ro\/lexikon\/wp-json\/wp\/v2\/product\/21817","targetHints":{"allow":["GET"]}}],"collection":[{"href":"https:\/\/uj.adatbank.ro\/lexikon\/wp-json\/wp\/v2\/product"}],"about":[{"href":"https:\/\/uj.adatbank.ro\/lexikon\/wp-json\/wp\/v2\/types\/product"}],"replies":[{"embeddable":true,"href":"https:\/\/uj.adatbank.ro\/lexikon\/wp-json\/wp\/v2\/comments?post=21817"}],"wp:attachment":[{"href":"https:\/\/uj.adatbank.ro\/lexikon\/wp-json\/wp\/v2\/media?parent=21817"}],"wp:term":[{"taxonomy":"product_brand","embeddable":true,"href":"https:\/\/uj.adatbank.ro\/lexikon\/wp-json\/wp\/v2\/product_brand?post=21817"},{"taxonomy":"product_cat","embeddable":true,"href":"https:\/\/uj.adatbank.ro\/lexikon\/wp-json\/wp\/v2\/product_cat?post=21817"},{"taxonomy":"product_tag","embeddable":true,"href":"https:\/\/uj.adatbank.ro\/lexikon\/wp-json\/wp\/v2\/product_tag?post=21817"}],"curies":[{"name":"wp","href":"https:\/\/api.w.org\/{rel}","templated":true}]}}