{"id":21819,"date":"2025-07-22T19:38:48","date_gmt":"2025-07-22T17:38:48","guid":{"rendered":"https:\/\/uj.adatbank.ro\/lexikon\/termek\/szekely-marton-2\/"},"modified":"2025-07-22T19:38:48","modified_gmt":"2025-07-22T17:38:48","slug":"szekely-marton-2","status":"publish","type":"product","link":"https:\/\/uj.adatbank.ro\/lexikon\/termek\/szekely-marton-2\/","title":{"rendered":"SZ\u00c9KELY M\u00e1rton"},"content":{"rendered":"<p>?, \u2020\u00a0Als\u00f3b\u00f6lk\u00e9ny, 1770.: ref. lelk\u00e9sz. \u2013 Kv.-on subscrib\u00e1lt (1760 k.). Kolozsnagyid\u00e1n (1763\u201366) \u00e9s Als\u00f3b\u00f6lk\u00e9nyben volt lelk\u00e9sz hal\u00e1l\u00e1ig (1767\u201370). <br \/><strong>Irod.:<\/strong> \u0150sz.<\/br><\/p>\n","protected":false},"excerpt":{"rendered":"<p>?, \u2020\u00a0Als\u00f3b\u00f6lk\u00e9ny, 1770.: ref. lelk\u00e9sz. \u2013 Kv.-on subscrib\u00e1lt (1760 k.). Kolozsnagyid\u00e1n (1763\u201366) \u00e9s Als\u00f3b\u00f6lk\u00e9nyben volt lelk\u00e9sz hal\u00e1l\u00e1ig (1767\u201370). Irod.: \u0150sz.<\/p>\n","protected":false},"featured_media":0,"comment_status":"open","ping_status":"closed","template":"","meta":[],"product_brand":[],"product_cat":[137],"product_tag":[],"class_list":{"0":"post-21819","1":"product","2":"type-product","3":"status-publish","5":"product_cat-maros-megyei-eletrajzi-lexikon","7":"first","8":"instock","9":"shipping-taxable","10":"product-type-simple"},"_links":{"self":[{"href":"https:\/\/uj.adatbank.ro\/lexikon\/wp-json\/wp\/v2\/product\/21819","targetHints":{"allow":["GET"]}}],"collection":[{"href":"https:\/\/uj.adatbank.ro\/lexikon\/wp-json\/wp\/v2\/product"}],"about":[{"href":"https:\/\/uj.adatbank.ro\/lexikon\/wp-json\/wp\/v2\/types\/product"}],"replies":[{"embeddable":true,"href":"https:\/\/uj.adatbank.ro\/lexikon\/wp-json\/wp\/v2\/comments?post=21819"}],"wp:attachment":[{"href":"https:\/\/uj.adatbank.ro\/lexikon\/wp-json\/wp\/v2\/media?parent=21819"}],"wp:term":[{"taxonomy":"product_brand","embeddable":true,"href":"https:\/\/uj.adatbank.ro\/lexikon\/wp-json\/wp\/v2\/product_brand?post=21819"},{"taxonomy":"product_cat","embeddable":true,"href":"https:\/\/uj.adatbank.ro\/lexikon\/wp-json\/wp\/v2\/product_cat?post=21819"},{"taxonomy":"product_tag","embeddable":true,"href":"https:\/\/uj.adatbank.ro\/lexikon\/wp-json\/wp\/v2\/product_tag?post=21819"}],"curies":[{"name":"wp","href":"https:\/\/api.w.org\/{rel}","templated":true}]}}