{"id":2182,"date":"2025-06-28T12:06:14","date_gmt":"2025-06-28T10:06:14","guid":{"rendered":"https:\/\/uj.adatbank.ro\/lexikon\/termek\/banffy-ilona-alili\/"},"modified":"2025-06-28T12:06:14","modified_gmt":"2025-06-28T10:06:14","slug":"banffy-ilona-alili","status":"publish","type":"product","link":"https:\/\/uj.adatbank.ro\/lexikon\/termek\/banffy-ilona-alili\/","title":{"rendered":"B\u00c1NFFY Ilona (ALILI)"},"content":{"rendered":"<p>Mv., 1883. nov. 21. \u2020 B\u00e9cs, 1960. j\u00fan. 25.: Wass Endr\u00e9n\u00e9. \u2013 B. Zolt\u00e1n (Beresztelke, 1841.- Beresztelke, 1892) \u00e9s sz\u00e9ki Teleki Erzs\u00e9bet (1853\u20131937) le\u00e1nya. F\u00e9rje: cegei Wass Endre (Vasszentgoth\u00e1rd, 1886. \u2013 Hamburg, 1975). Esk\u00fcv\u0151 T\u00fcre (1907). Fi\u00fak: Wass Albert, \u00edr\u00f3 (1908\u20131998). Elv\u00e1ltak (Kv. 1912 okl.). <br \/><strong>Irod.:<\/strong> Gudenus<\/br><\/p>\n","protected":false},"excerpt":{"rendered":"<p>Mv., 1883. nov. 21. \u2020 B\u00e9cs, 1960. j\u00fan. 25.: Wass Endr\u00e9n\u00e9. \u2013 B. Zolt\u00e1n (Beresztelke, 1841.- Beresztelke, 1892) \u00e9s sz\u00e9ki Teleki Erzs\u00e9bet (1853\u20131937) le\u00e1nya. F\u00e9rje: cegei Wass Endre (Vasszentgoth\u00e1rd, 1886. \u2013 Hamburg, 1975). Esk\u00fcv\u0151 T\u00fcre (1907). Fi\u00fak: Wass Albert, \u00edr\u00f3 (1908\u20131998). Elv\u00e1ltak (Kv. 1912 okl.). Irod.: Gudenus<\/p>\n","protected":false},"featured_media":0,"comment_status":"open","ping_status":"closed","template":"","meta":[],"product_brand":[],"product_cat":[137],"product_tag":[],"class_list":{"0":"post-2182","1":"product","2":"type-product","3":"status-publish","5":"product_cat-maros-megyei-eletrajzi-lexikon","7":"first","8":"instock","9":"shipping-taxable","10":"product-type-simple"},"_links":{"self":[{"href":"https:\/\/uj.adatbank.ro\/lexikon\/wp-json\/wp\/v2\/product\/2182","targetHints":{"allow":["GET"]}}],"collection":[{"href":"https:\/\/uj.adatbank.ro\/lexikon\/wp-json\/wp\/v2\/product"}],"about":[{"href":"https:\/\/uj.adatbank.ro\/lexikon\/wp-json\/wp\/v2\/types\/product"}],"replies":[{"embeddable":true,"href":"https:\/\/uj.adatbank.ro\/lexikon\/wp-json\/wp\/v2\/comments?post=2182"}],"wp:attachment":[{"href":"https:\/\/uj.adatbank.ro\/lexikon\/wp-json\/wp\/v2\/media?parent=2182"}],"wp:term":[{"taxonomy":"product_brand","embeddable":true,"href":"https:\/\/uj.adatbank.ro\/lexikon\/wp-json\/wp\/v2\/product_brand?post=2182"},{"taxonomy":"product_cat","embeddable":true,"href":"https:\/\/uj.adatbank.ro\/lexikon\/wp-json\/wp\/v2\/product_cat?post=2182"},{"taxonomy":"product_tag","embeddable":true,"href":"https:\/\/uj.adatbank.ro\/lexikon\/wp-json\/wp\/v2\/product_tag?post=2182"}],"curies":[{"name":"wp","href":"https:\/\/api.w.org\/{rel}","templated":true}]}}