{"id":21821,"date":"2025-07-22T19:38:54","date_gmt":"2025-07-22T17:38:54","guid":{"rendered":"https:\/\/uj.adatbank.ro\/lexikon\/termek\/szekely-marton-4\/"},"modified":"2025-07-22T19:38:54","modified_gmt":"2025-07-22T17:38:54","slug":"szekely-marton-4","status":"publish","type":"product","link":"https:\/\/uj.adatbank.ro\/lexikon\/termek\/szekely-marton-4\/","title":{"rendered":"SZ\u00c9KELY M\u00e1rton"},"content":{"rendered":"<p>Ny\u00e1r\u00e1dfolyfalva, 1916., \u2020?: vend\u00e9gl\u0151s. \u2013 Mv.-en szabadult fel a vend\u00e9gl\u00e1t\u00f3 iparban, szaktud\u00e1s\u00e1t a Sz\u00e9kelyf\u00f6ld\u00f6n fejlesztette, majd Mv.-en Gy\u00f6rffy Alberttel vend\u00e9gl\u0151t nyitott (1940), \u00c9des Lyuk n\u00e9ven, amely kedvelt sz\u00f3rakoz\u00f3helye lett a v\u00e1rosnak. <br \/><strong>Irod.:<\/strong> Sz\u00e9kelyf\u00f6ld \u00ed. k.<\/br><\/p>\n","protected":false},"excerpt":{"rendered":"<p>Ny\u00e1r\u00e1dfolyfalva, 1916., \u2020?: vend\u00e9gl\u0151s. \u2013 Mv.-en szabadult fel a vend\u00e9gl\u00e1t\u00f3 iparban, szaktud\u00e1s\u00e1t a Sz\u00e9kelyf\u00f6ld\u00f6n fejlesztette, majd Mv.-en Gy\u00f6rffy Alberttel vend\u00e9gl\u0151t nyitott (1940), \u00c9des Lyuk n\u00e9ven, amely kedvelt sz\u00f3rakoz\u00f3helye lett a v\u00e1rosnak. Irod.: Sz\u00e9kelyf\u00f6ld \u00ed. k.<\/p>\n","protected":false},"featured_media":0,"comment_status":"open","ping_status":"closed","template":"","meta":[],"product_brand":[],"product_cat":[137],"product_tag":[],"class_list":{"0":"post-21821","1":"product","2":"type-product","3":"status-publish","5":"product_cat-maros-megyei-eletrajzi-lexikon","7":"first","8":"instock","9":"shipping-taxable","10":"product-type-simple"},"_links":{"self":[{"href":"https:\/\/uj.adatbank.ro\/lexikon\/wp-json\/wp\/v2\/product\/21821","targetHints":{"allow":["GET"]}}],"collection":[{"href":"https:\/\/uj.adatbank.ro\/lexikon\/wp-json\/wp\/v2\/product"}],"about":[{"href":"https:\/\/uj.adatbank.ro\/lexikon\/wp-json\/wp\/v2\/types\/product"}],"replies":[{"embeddable":true,"href":"https:\/\/uj.adatbank.ro\/lexikon\/wp-json\/wp\/v2\/comments?post=21821"}],"wp:attachment":[{"href":"https:\/\/uj.adatbank.ro\/lexikon\/wp-json\/wp\/v2\/media?parent=21821"}],"wp:term":[{"taxonomy":"product_brand","embeddable":true,"href":"https:\/\/uj.adatbank.ro\/lexikon\/wp-json\/wp\/v2\/product_brand?post=21821"},{"taxonomy":"product_cat","embeddable":true,"href":"https:\/\/uj.adatbank.ro\/lexikon\/wp-json\/wp\/v2\/product_cat?post=21821"},{"taxonomy":"product_tag","embeddable":true,"href":"https:\/\/uj.adatbank.ro\/lexikon\/wp-json\/wp\/v2\/product_tag?post=21821"}],"curies":[{"name":"wp","href":"https:\/\/api.w.org\/{rel}","templated":true}]}}