{"id":21822,"date":"2025-07-22T19:38:55","date_gmt":"2025-07-22T17:38:55","guid":{"rendered":"https:\/\/uj.adatbank.ro\/lexikon\/termek\/szekely-matyas\/"},"modified":"2025-07-22T19:38:55","modified_gmt":"2025-07-22T17:38:55","slug":"szekely-matyas","status":"publish","type":"product","link":"https:\/\/uj.adatbank.ro\/lexikon\/termek\/szekely-matyas\/","title":{"rendered":"SZ\u00c9KELY M\u00e1ty\u00e1s"},"content":{"rendered":"<p>? \u2020?: sz\u00e9kelyfalvi birtokos. \u2013 A v\u00e1ros megv\u00e1s\u00e1rolta sz\u00e9kelyfalvi \u00f6r\u00f6ks\u00e9g\u00e9t (1607), ellen\u00e9rt\u00e9kk\u00e9nt adtak neki \u00e9s testv\u00e9r\u00e9nek Mih\u00e1lynak a v\u00e1rosban egy-egy h\u00e1zat \u00e9s azok tartoz\u00e9kak\u00e9nt sz\u0151l\u0151st, valamint 100 forintot. <br \/><strong>Irod.:<\/strong> Id\u0151t\u00e1r 1; P\u00e1l-Antal 2009.<\/br><\/p>\n","protected":false},"excerpt":{"rendered":"<p>? \u2020?: sz\u00e9kelyfalvi birtokos. \u2013 A v\u00e1ros megv\u00e1s\u00e1rolta sz\u00e9kelyfalvi \u00f6r\u00f6ks\u00e9g\u00e9t (1607), ellen\u00e9rt\u00e9kk\u00e9nt adtak neki \u00e9s testv\u00e9r\u00e9nek Mih\u00e1lynak a v\u00e1rosban egy-egy h\u00e1zat \u00e9s azok tartoz\u00e9kak\u00e9nt sz\u0151l\u0151st, valamint 100 forintot. Irod.: Id\u0151t\u00e1r 1; P\u00e1l-Antal 2009.<\/p>\n","protected":false},"featured_media":0,"comment_status":"open","ping_status":"closed","template":"","meta":[],"product_brand":[],"product_cat":[137],"product_tag":[],"class_list":{"0":"post-21822","1":"product","2":"type-product","3":"status-publish","5":"product_cat-maros-megyei-eletrajzi-lexikon","7":"first","8":"instock","9":"shipping-taxable","10":"product-type-simple"},"_links":{"self":[{"href":"https:\/\/uj.adatbank.ro\/lexikon\/wp-json\/wp\/v2\/product\/21822","targetHints":{"allow":["GET"]}}],"collection":[{"href":"https:\/\/uj.adatbank.ro\/lexikon\/wp-json\/wp\/v2\/product"}],"about":[{"href":"https:\/\/uj.adatbank.ro\/lexikon\/wp-json\/wp\/v2\/types\/product"}],"replies":[{"embeddable":true,"href":"https:\/\/uj.adatbank.ro\/lexikon\/wp-json\/wp\/v2\/comments?post=21822"}],"wp:attachment":[{"href":"https:\/\/uj.adatbank.ro\/lexikon\/wp-json\/wp\/v2\/media?parent=21822"}],"wp:term":[{"taxonomy":"product_brand","embeddable":true,"href":"https:\/\/uj.adatbank.ro\/lexikon\/wp-json\/wp\/v2\/product_brand?post=21822"},{"taxonomy":"product_cat","embeddable":true,"href":"https:\/\/uj.adatbank.ro\/lexikon\/wp-json\/wp\/v2\/product_cat?post=21822"},{"taxonomy":"product_tag","embeddable":true,"href":"https:\/\/uj.adatbank.ro\/lexikon\/wp-json\/wp\/v2\/product_tag?post=21822"}],"curies":[{"name":"wp","href":"https:\/\/api.w.org\/{rel}","templated":true}]}}