{"id":21823,"date":"2025-07-22T19:38:57","date_gmt":"2025-07-22T17:38:57","guid":{"rendered":"https:\/\/uj.adatbank.ro\/lexikon\/termek\/szekely-mihaly\/"},"modified":"2025-07-22T19:38:57","modified_gmt":"2025-07-22T17:38:57","slug":"szekely-mihaly","status":"publish","type":"product","link":"https:\/\/uj.adatbank.ro\/lexikon\/termek\/szekely-mihaly\/","title":{"rendered":"SZ\u00c9KELY Mih\u00e1ly"},"content":{"rendered":"<p>? \u2020? 1467.: Beszterce gr., birtokos. \u2013 Vajdaszentiv\u00e1nyon vett birtokot (1459), majd \u00fajabb birtokot szerzett M\u00e1ty\u00e1s kir\u00e1lyt\u00f3l Solymost, hat hozz\u00e1tartoz\u00f3 faluval (1459) a s\u00e1rpataki, k\u00f6rtv\u00e9lyf\u00e1ji r\u00e9szeket, a tekei uradalmat, Harasztost, Ludv\u00e9get \u00e9s \u00dajfalut. M\u00e1ty\u00e1s kir\u00e1ly meger\u0151s\u00edtette birtokaiban (1463). A kir\u00e1lyellenes l\u00e1zad\u00e1sban val\u00f3 r\u00e9szv\u00e9tele miatt fej- \u00e9s j\u00f3sz\u00e1gveszt\u00e9sre \u00edt\u00e9lt\u00e9k. M\u00e1ty\u00e1s visszaadta azoknak a Sz.-eknek a birtok\u00e1t, akiknek megkegyelmezett. <br \/><strong>Irod.:<\/strong> Vajdaszentiv\u00e1ny.<\/br><\/p>\n","protected":false},"excerpt":{"rendered":"<p>? \u2020? 1467.: Beszterce gr., birtokos. \u2013 Vajdaszentiv\u00e1nyon vett birtokot (1459), majd \u00fajabb birtokot szerzett M\u00e1ty\u00e1s kir\u00e1lyt\u00f3l Solymost, hat hozz\u00e1tartoz\u00f3 faluval (1459) a s\u00e1rpataki, k\u00f6rtv\u00e9lyf\u00e1ji r\u00e9szeket, a tekei uradalmat, Harasztost, Ludv\u00e9get \u00e9s \u00dajfalut. M\u00e1ty\u00e1s kir\u00e1ly meger\u0151s\u00edtette birtokaiban (1463). A kir\u00e1lyellenes l\u00e1zad\u00e1sban val\u00f3 r\u00e9szv\u00e9tele miatt fej- \u00e9s j\u00f3sz\u00e1gveszt\u00e9sre \u00edt\u00e9lt\u00e9k. M\u00e1ty\u00e1s visszaadta azoknak a Sz.-eknek a birtok\u00e1t, [&hellip;]<\/p>\n","protected":false},"featured_media":0,"comment_status":"open","ping_status":"closed","template":"","meta":[],"product_brand":[],"product_cat":[137],"product_tag":[],"class_list":{"0":"post-21823","1":"product","2":"type-product","3":"status-publish","5":"product_cat-maros-megyei-eletrajzi-lexikon","7":"first","8":"instock","9":"shipping-taxable","10":"product-type-simple"},"_links":{"self":[{"href":"https:\/\/uj.adatbank.ro\/lexikon\/wp-json\/wp\/v2\/product\/21823","targetHints":{"allow":["GET"]}}],"collection":[{"href":"https:\/\/uj.adatbank.ro\/lexikon\/wp-json\/wp\/v2\/product"}],"about":[{"href":"https:\/\/uj.adatbank.ro\/lexikon\/wp-json\/wp\/v2\/types\/product"}],"replies":[{"embeddable":true,"href":"https:\/\/uj.adatbank.ro\/lexikon\/wp-json\/wp\/v2\/comments?post=21823"}],"wp:attachment":[{"href":"https:\/\/uj.adatbank.ro\/lexikon\/wp-json\/wp\/v2\/media?parent=21823"}],"wp:term":[{"taxonomy":"product_brand","embeddable":true,"href":"https:\/\/uj.adatbank.ro\/lexikon\/wp-json\/wp\/v2\/product_brand?post=21823"},{"taxonomy":"product_cat","embeddable":true,"href":"https:\/\/uj.adatbank.ro\/lexikon\/wp-json\/wp\/v2\/product_cat?post=21823"},{"taxonomy":"product_tag","embeddable":true,"href":"https:\/\/uj.adatbank.ro\/lexikon\/wp-json\/wp\/v2\/product_tag?post=21823"}],"curies":[{"name":"wp","href":"https:\/\/api.w.org\/{rel}","templated":true}]}}