{"id":21826,"date":"2025-07-22T19:39:04","date_gmt":"2025-07-22T17:39:04","guid":{"rendered":"https:\/\/uj.adatbank.ro\/lexikon\/termek\/szekely-mihaly-4\/"},"modified":"2025-07-22T19:39:04","modified_gmt":"2025-07-22T17:39:04","slug":"szekely-mihaly-4","status":"publish","type":"product","link":"https:\/\/uj.adatbank.ro\/lexikon\/termek\/szekely-mihaly-4\/","title":{"rendered":"SZ\u00c9KELY Mih\u00e1ly"},"content":{"rendered":"<p>K\u00fck\u00fcll\u0151domb\u00f3, 1839. szept. 16., \u2020?: m. kir. f\u0151erd\u0151mester. \u2013 Gazdas\u00e1gi int\u00e9zeti rendes tan\u00e1r volt Kolozsmonostoron (1872\u2013); \u00e1thelyezt\u00e9k a magyar\u00f3v\u00e1ri akad\u00e9mi\u00e1hoz (1874); \u00e1ll\u00e1s\u00e1r\u00f3l lek\u00f6sz\u00f6nt (1875) \u00e9s M\u00e1ramarosszigeten \u00e9lt mint f\u0151erd\u0151mester (1897\u2013). Cikkei az Erd\u00e9szeti Lapokban, a Georgikai Felolvas\u00e1sokban, az Erd\u00e9lyi Gazd\u00e1ban. \u2013 <strong>F. m.<\/strong>: Az id\u0151j\u00e1r\u00e1stan alapvonalai. Gyakorlati mez\u0151gazd\u00e1k \u00e9s gazdas\u00e1gi tanint\u00e9zetek tanul\u00f3i sz\u00e1m\u00e1ra. Irta Masch A. ford. (Bp, 1877, 1888); A Karst-hegys\u00e9g saj\u00e1ts\u00e1gos helyi viszonyai \u00e9s n\u00f6v\u00e9nykultur\u00e1ja. (Bp., 1880.). <br \/><strong>Irod.:<\/strong> Szinnyei.<\/br><\/p>\n","protected":false},"excerpt":{"rendered":"<p>K\u00fck\u00fcll\u0151domb\u00f3, 1839. szept. 16., \u2020?: m. kir. f\u0151erd\u0151mester. \u2013 Gazdas\u00e1gi int\u00e9zeti rendes tan\u00e1r volt Kolozsmonostoron (1872\u2013); \u00e1thelyezt\u00e9k a magyar\u00f3v\u00e1ri akad\u00e9mi\u00e1hoz (1874); \u00e1ll\u00e1s\u00e1r\u00f3l lek\u00f6sz\u00f6nt (1875) \u00e9s M\u00e1ramarosszigeten \u00e9lt mint f\u0151erd\u0151mester (1897\u2013). Cikkei az Erd\u00e9szeti Lapokban, a Georgikai Felolvas\u00e1sokban, az Erd\u00e9lyi Gazd\u00e1ban. \u2013 F. m.: Az id\u0151j\u00e1r\u00e1stan alapvonalai. Gyakorlati mez\u0151gazd\u00e1k \u00e9s gazdas\u00e1gi tanint\u00e9zetek tanul\u00f3i sz\u00e1m\u00e1ra. Irta Masch [&hellip;]<\/p>\n","protected":false},"featured_media":0,"comment_status":"open","ping_status":"closed","template":"","meta":[],"product_brand":[],"product_cat":[137],"product_tag":[],"class_list":{"0":"post-21826","1":"product","2":"type-product","3":"status-publish","5":"product_cat-maros-megyei-eletrajzi-lexikon","7":"first","8":"instock","9":"shipping-taxable","10":"product-type-simple"},"_links":{"self":[{"href":"https:\/\/uj.adatbank.ro\/lexikon\/wp-json\/wp\/v2\/product\/21826","targetHints":{"allow":["GET"]}}],"collection":[{"href":"https:\/\/uj.adatbank.ro\/lexikon\/wp-json\/wp\/v2\/product"}],"about":[{"href":"https:\/\/uj.adatbank.ro\/lexikon\/wp-json\/wp\/v2\/types\/product"}],"replies":[{"embeddable":true,"href":"https:\/\/uj.adatbank.ro\/lexikon\/wp-json\/wp\/v2\/comments?post=21826"}],"wp:attachment":[{"href":"https:\/\/uj.adatbank.ro\/lexikon\/wp-json\/wp\/v2\/media?parent=21826"}],"wp:term":[{"taxonomy":"product_brand","embeddable":true,"href":"https:\/\/uj.adatbank.ro\/lexikon\/wp-json\/wp\/v2\/product_brand?post=21826"},{"taxonomy":"product_cat","embeddable":true,"href":"https:\/\/uj.adatbank.ro\/lexikon\/wp-json\/wp\/v2\/product_cat?post=21826"},{"taxonomy":"product_tag","embeddable":true,"href":"https:\/\/uj.adatbank.ro\/lexikon\/wp-json\/wp\/v2\/product_tag?post=21826"}],"curies":[{"name":"wp","href":"https:\/\/api.w.org\/{rel}","templated":true}]}}