{"id":21827,"date":"2025-07-22T19:39:06","date_gmt":"2025-07-22T17:39:06","guid":{"rendered":"https:\/\/uj.adatbank.ro\/lexikon\/termek\/szekely-mihaly-alias-koteles\/"},"modified":"2025-07-22T19:39:06","modified_gmt":"2025-07-22T17:39:06","slug":"szekely-mihaly-alias-koteles","status":"publish","type":"product","link":"https:\/\/uj.adatbank.ro\/lexikon\/termek\/szekely-mihaly-alias-koteles\/","title":{"rendered":"SZ\u00c9KELY Mih\u00e1ly, alias K\u00f6teles"},"content":{"rendered":"<p>? \u2020?: k\u00f6teles, esk\u00fcdt polg\u00e1r. \u2013 Mv.-en v\u00e1rosi polg\u00e1rs\u00e1got nyer (1665), az esk\u00fcdt k\u00f6z\u00f6ns\u00e9g tagja (1674). <br \/><strong>Irod.:<\/strong> P\u00e1l-Antal 2006.<\/br><\/p>\n","protected":false},"excerpt":{"rendered":"<p>? \u2020?: k\u00f6teles, esk\u00fcdt polg\u00e1r. \u2013 Mv.-en v\u00e1rosi polg\u00e1rs\u00e1got nyer (1665), az esk\u00fcdt k\u00f6z\u00f6ns\u00e9g tagja (1674). Irod.: P\u00e1l-Antal 2006.<\/p>\n","protected":false},"featured_media":0,"comment_status":"open","ping_status":"closed","template":"","meta":[],"product_brand":[],"product_cat":[137],"product_tag":[],"class_list":{"0":"post-21827","1":"product","2":"type-product","3":"status-publish","5":"product_cat-maros-megyei-eletrajzi-lexikon","7":"first","8":"instock","9":"shipping-taxable","10":"product-type-simple"},"_links":{"self":[{"href":"https:\/\/uj.adatbank.ro\/lexikon\/wp-json\/wp\/v2\/product\/21827","targetHints":{"allow":["GET"]}}],"collection":[{"href":"https:\/\/uj.adatbank.ro\/lexikon\/wp-json\/wp\/v2\/product"}],"about":[{"href":"https:\/\/uj.adatbank.ro\/lexikon\/wp-json\/wp\/v2\/types\/product"}],"replies":[{"embeddable":true,"href":"https:\/\/uj.adatbank.ro\/lexikon\/wp-json\/wp\/v2\/comments?post=21827"}],"wp:attachment":[{"href":"https:\/\/uj.adatbank.ro\/lexikon\/wp-json\/wp\/v2\/media?parent=21827"}],"wp:term":[{"taxonomy":"product_brand","embeddable":true,"href":"https:\/\/uj.adatbank.ro\/lexikon\/wp-json\/wp\/v2\/product_brand?post=21827"},{"taxonomy":"product_cat","embeddable":true,"href":"https:\/\/uj.adatbank.ro\/lexikon\/wp-json\/wp\/v2\/product_cat?post=21827"},{"taxonomy":"product_tag","embeddable":true,"href":"https:\/\/uj.adatbank.ro\/lexikon\/wp-json\/wp\/v2\/product_tag?post=21827"}],"curies":[{"name":"wp","href":"https:\/\/api.w.org\/{rel}","templated":true}]}}