{"id":21828,"date":"2025-07-22T19:39:10","date_gmt":"2025-07-22T17:39:10","guid":{"rendered":"https:\/\/uj.adatbank.ro\/lexikon\/termek\/szekely-mihaly-killyeni\/"},"modified":"2025-07-22T19:39:10","modified_gmt":"2025-07-22T17:39:10","slug":"szekely-mihaly-killyeni","status":"publish","type":"product","link":"https:\/\/uj.adatbank.ro\/lexikon\/termek\/szekely-mihaly-killyeni\/","title":{"rendered":"SZ\u00c9KELY Mih\u00e1ly, killy\u00e9ni"},"content":{"rendered":"<p>? 1770 k.,\u00a0\u2020\u00a0Mv., 1832. jan. 11.: kir\u00e1lyi t\u00e1blai \u00fcln\u00f6k, \u00edt\u00e9l\u0151mester. \u2013 Mv.-en \u00edt\u00e9l\u0151mester (1815\u2013), alapos felk\u00e9sz\u00fclts\u00e9g\u0171 jogtud\u00f3s, az erd\u00e9lyi \u00edt\u00e9l\u0151t\u00e1bla eln\u00f6ke volt (1823\u2013), mv.-i r. k. egyh\u00e1z patr\u00f3nusa \u00e9s a r. k. gimn\u00e1zium f\u0151gondnoka, a S\u00e1ros utcai r. k. nevelde l\u00e9trehoz\u00e1s\u00e1ban jelent\u0151s szerepet j\u00e1tszott, \u0151 tette le az \u00e9p\u00fclet alapk\u00f6v\u00e9t (1831. j\u00fal. 7), gimn\u00e1ziumi f\u0151gondnok. A magyar sz\u00edn\u00e9szet p\u00e1rtfog\u00f3ja a Theatr\u00e1lis Commisio tagja (1803\u2013) aleln\u00f6ke, majd gr. Teleki Mih\u00e1ly hal\u00e1la ut\u00e1n eln\u00f6ke (1826\u201332). A Kir. T\u00e1bla eln\u00f6ke (1832), v.b. t. t. A befoly\u00e1sos mindenki \u00e1ltal nagyrabecs\u00fclt nagy\u00far felkarolta a magyar kult\u00fart\u00f6rekv\u00e9sek \u00fcgy\u00e9t, a nevel\u00e9s\u00fcgy \u00e9s oktat\u00e1s \u00e9rdek\u00e9ben is sokat \u00e1ldozott. Hal\u00e1l\u00e1ra vadadi Filep J\u00f3zsef \u00edrt nekrol\u00f3got. \u2013 <strong>F. m.<\/strong>: Butsu v\u00e9tele&#8230; It\u00e9l\u0151 mesteri hivatal\u00e1ba beiktat\u00e1sakor r\u00f6vid megsz\u00f3l\u00edt\u00e1s a sz\u00e1rnyai al\u00e1 j\u00f6tt nemes ifjakhoz (Mv., 1815); A nemes sz\u00e9kely nemzet constitutioji, privilegiumai de a j\u00f3sz\u00e1g lesz\u00e1ll\u00e1s\u00e1t t\u00e1rgyaz\u00f3 n\u00e9mely t\u00f6rv\u00e9nyes \u00edt\u00e9letei, t\u00f6bb hiteles lev\u00e9lt\u00e1rakb\u00f3l egybeszedve (Pest, 1818); Kily\u00e9ni Sz\u00e9kely Mih\u00e1lynak az erd\u00e9lyi kir\u00e1lyi t\u00e1bl\u00e1n el\u0151l\u00fcl\u0151i hivatal\u00e1ba val\u00f3 beiktat\u00e1s\u00e1ra tisztelet\u00fcl Maros-V\u00e1s\u00e1rhelyen jan. 28-\u00e1n. (Mv., 1823). <br \/><strong>Irod.:<\/strong> Apor \u2013 Ol\u00e1h-G\u00e1l; Id\u0151t\u00e1r 1; Halotti besz\u00e9d udvari tan\u00e1tsos \u00e9s kir. t\u00e1blai el\u0151ll-\u00fcl\u0151 kily\u00e9ni m\u00e9lt\u00f3s\u00e1gos Sz\u00e9kely Mih\u00e1ly \u00far felett (Mv., 1832); Kr\u00f3n. F\u00fcz. (1937.2\/7; 1939. 4\/5); M. V\u00e1s\u00e1rhelyi k. kath. Iskol\u00e1k \u00e9s nevel\u0151h\u00e1z (Sz\u00e9kely Napt\u00e1r, 1844); M\u00c9L; P\u00e1l-Antal 2009; Rugonfalvi Kiss; Szentgy\u00f6rgyi; Szil\u00e1gyi S\u00e1ndor: Rajzok \u00e9s tanulm\u00e1nyok (B., 1875); Szinnyei; \u00daM\u00c9L; Veress.<\/br><\/p>\n","protected":false},"excerpt":{"rendered":"<p>? 1770 k.,\u00a0\u2020\u00a0Mv., 1832. jan. 11.: kir\u00e1lyi t\u00e1blai \u00fcln\u00f6k, \u00edt\u00e9l\u0151mester. \u2013 Mv.-en \u00edt\u00e9l\u0151mester (1815\u2013), alapos felk\u00e9sz\u00fclts\u00e9g\u0171 jogtud\u00f3s, az erd\u00e9lyi \u00edt\u00e9l\u0151t\u00e1bla eln\u00f6ke volt (1823\u2013), mv.-i r. k. egyh\u00e1z patr\u00f3nusa \u00e9s a r. k. gimn\u00e1zium f\u0151gondnoka, a S\u00e1ros utcai r. k. nevelde l\u00e9trehoz\u00e1s\u00e1ban jelent\u0151s szerepet j\u00e1tszott, \u0151 tette le az \u00e9p\u00fclet alapk\u00f6v\u00e9t (1831. j\u00fal. 7), gimn\u00e1ziumi f\u0151gondnok. [&hellip;]<\/p>\n","protected":false},"featured_media":0,"comment_status":"open","ping_status":"closed","template":"","meta":[],"product_brand":[],"product_cat":[137],"product_tag":[],"class_list":{"0":"post-21828","1":"product","2":"type-product","3":"status-publish","5":"product_cat-maros-megyei-eletrajzi-lexikon","7":"first","8":"instock","9":"shipping-taxable","10":"product-type-simple"},"_links":{"self":[{"href":"https:\/\/uj.adatbank.ro\/lexikon\/wp-json\/wp\/v2\/product\/21828","targetHints":{"allow":["GET"]}}],"collection":[{"href":"https:\/\/uj.adatbank.ro\/lexikon\/wp-json\/wp\/v2\/product"}],"about":[{"href":"https:\/\/uj.adatbank.ro\/lexikon\/wp-json\/wp\/v2\/types\/product"}],"replies":[{"embeddable":true,"href":"https:\/\/uj.adatbank.ro\/lexikon\/wp-json\/wp\/v2\/comments?post=21828"}],"wp:attachment":[{"href":"https:\/\/uj.adatbank.ro\/lexikon\/wp-json\/wp\/v2\/media?parent=21828"}],"wp:term":[{"taxonomy":"product_brand","embeddable":true,"href":"https:\/\/uj.adatbank.ro\/lexikon\/wp-json\/wp\/v2\/product_brand?post=21828"},{"taxonomy":"product_cat","embeddable":true,"href":"https:\/\/uj.adatbank.ro\/lexikon\/wp-json\/wp\/v2\/product_cat?post=21828"},{"taxonomy":"product_tag","embeddable":true,"href":"https:\/\/uj.adatbank.ro\/lexikon\/wp-json\/wp\/v2\/product_tag?post=21828"}],"curies":[{"name":"wp","href":"https:\/\/api.w.org\/{rel}","templated":true}]}}