{"id":21829,"date":"2025-07-22T19:39:12","date_gmt":"2025-07-22T17:39:12","guid":{"rendered":"https:\/\/uj.adatbank.ro\/lexikon\/termek\/szekely-mihaly-%c2%a7\/"},"modified":"2025-07-22T19:39:12","modified_gmt":"2025-07-22T17:39:12","slug":"szekely-mihaly-%c2%a7","status":"publish","type":"product","link":"https:\/\/uj.adatbank.ro\/lexikon\/termek\/szekely-mihaly-%c2%a7\/","title":{"rendered":"SZ\u00c9KELY Mih\u00e1ly, \u00a7"},"content":{"rendered":"<p>Nyom\u00e1t, 1933. j\u00fan. 28., \u2020 Debrecen, 2009.: orvos. \u2013 Feles\u00e9ge: Sz\u00e9kely Erzs\u00e9bet v\u00e9d\u0151n\u0151. Gyermekeik: Katalin (1970\u2013), Mih\u00e1ly (1972\u2013). \u2013 Mv.-en a Bolyai L\u00edc.-ban (1953) \u00e9s a MOGYI-n (1959) v\u00e9gzett. A kezdetekben orvos volt Sz\u0151demeteren, \u00c9rendr\u00e9n Szatm\u00e1r megy\u00e9ben (1959. okt.. 15.\u2013). Saj\u00e1t k\u00e9r\u00e9s\u00e9re k\u00f6rorvos volt Cs\u00edkfalv\u00e1n (1961. nov. 1. \u2013 1983. dec. 12.). \u00c1ltal\u00e1nos szakorvosi vizsg\u00e1t tett (1971). Cs\u00edkfalv\u00e1nak orvosi rendel\u0151t tervezett \u00e9s \u00e9p\u00edtettek. Kit\u00fcntetett orvos c. kapott k\u00e9tszer (1967, 1976). \u00c1ttelep\u00fclt Mo.-ra (1983. dec.\u2013), orvosk\u00e9nt dolgozott nyugd\u00edjaz\u00e1s\u00e1ig (1996), majd f\u00e9l praxissal h\u00e1ziorvos (2003-ig). <br \/><strong>Irod.:<\/strong> Cs\u00edkfalva; Nagy L.<\/br><\/p>\n","protected":false},"excerpt":{"rendered":"<p>Nyom\u00e1t, 1933. j\u00fan. 28., \u2020 Debrecen, 2009.: orvos. \u2013 Feles\u00e9ge: Sz\u00e9kely Erzs\u00e9bet v\u00e9d\u0151n\u0151. Gyermekeik: Katalin (1970\u2013), Mih\u00e1ly (1972\u2013). \u2013 Mv.-en a Bolyai L\u00edc.-ban (1953) \u00e9s a MOGYI-n (1959) v\u00e9gzett. A kezdetekben orvos volt Sz\u0151demeteren, \u00c9rendr\u00e9n Szatm\u00e1r megy\u00e9ben (1959. okt.. 15.\u2013). Saj\u00e1t k\u00e9r\u00e9s\u00e9re k\u00f6rorvos volt Cs\u00edkfalv\u00e1n (1961. nov. 1. \u2013 1983. dec. 12.). \u00c1ltal\u00e1nos szakorvosi vizsg\u00e1t [&hellip;]<\/p>\n","protected":false},"featured_media":0,"comment_status":"open","ping_status":"closed","template":"","meta":[],"product_brand":[],"product_cat":[137],"product_tag":[],"class_list":{"0":"post-21829","1":"product","2":"type-product","3":"status-publish","5":"product_cat-maros-megyei-eletrajzi-lexikon","7":"first","8":"instock","9":"shipping-taxable","10":"product-type-simple"},"_links":{"self":[{"href":"https:\/\/uj.adatbank.ro\/lexikon\/wp-json\/wp\/v2\/product\/21829","targetHints":{"allow":["GET"]}}],"collection":[{"href":"https:\/\/uj.adatbank.ro\/lexikon\/wp-json\/wp\/v2\/product"}],"about":[{"href":"https:\/\/uj.adatbank.ro\/lexikon\/wp-json\/wp\/v2\/types\/product"}],"replies":[{"embeddable":true,"href":"https:\/\/uj.adatbank.ro\/lexikon\/wp-json\/wp\/v2\/comments?post=21829"}],"wp:attachment":[{"href":"https:\/\/uj.adatbank.ro\/lexikon\/wp-json\/wp\/v2\/media?parent=21829"}],"wp:term":[{"taxonomy":"product_brand","embeddable":true,"href":"https:\/\/uj.adatbank.ro\/lexikon\/wp-json\/wp\/v2\/product_brand?post=21829"},{"taxonomy":"product_cat","embeddable":true,"href":"https:\/\/uj.adatbank.ro\/lexikon\/wp-json\/wp\/v2\/product_cat?post=21829"},{"taxonomy":"product_tag","embeddable":true,"href":"https:\/\/uj.adatbank.ro\/lexikon\/wp-json\/wp\/v2\/product_tag?post=21829"}],"curies":[{"name":"wp","href":"https:\/\/api.w.org\/{rel}","templated":true}]}}