{"id":2183,"date":"2025-06-28T12:06:16","date_gmt":"2025-06-28T10:06:16","guid":{"rendered":"https:\/\/uj.adatbank.ro\/lexikon\/termek\/banffy-istvan-losonczi-br\/"},"modified":"2025-06-28T12:06:16","modified_gmt":"2025-06-28T10:06:16","slug":"banffy-istvan-losonczi-br","status":"publish","type":"product","link":"https:\/\/uj.adatbank.ro\/lexikon\/termek\/banffy-istvan-losonczi-br\/","title":{"rendered":"B\u00c1NFFY Istv\u00e1n, losonczi br."},"content":{"rendered":"<p>Magyarkir\u00e1lyfalva, 1780. m\u00e1j. 7. \u2020 Magyarkir\u00e1lyfalva, 1830. szept. 17.: f\u00f6ldbirtokos. \u2013 B. J\u00f3zsef (1742\u20131794) \u00e9s osdolai gr. Kuun Katalin (1761. szept. 12. m\u00e1rc. 28.) fia. Feles\u00e9ge m\u00e1rkus- \u00e9s batizfalvi M\u00e1ri\u00e1ssy \u00c1gnes. (M. J\u00f3zsef m. kir. lovaskapit\u00e1ny \u00e9s gr. Kuun M\u00e1ria le\u00e1nya.). Fiaik: S\u00e1muel (1801\u20131859) \u00e9s J\u00e1nos. <br \/><strong>Irod.:<\/strong> Gudenus<\/br><\/p>\n","protected":false},"excerpt":{"rendered":"<p>Magyarkir\u00e1lyfalva, 1780. m\u00e1j. 7. \u2020 Magyarkir\u00e1lyfalva, 1830. szept. 17.: f\u00f6ldbirtokos. \u2013 B. J\u00f3zsef (1742\u20131794) \u00e9s osdolai gr. Kuun Katalin (1761. szept. 12. m\u00e1rc. 28.) fia. Feles\u00e9ge m\u00e1rkus- \u00e9s batizfalvi M\u00e1ri\u00e1ssy \u00c1gnes. (M. J\u00f3zsef m. kir. lovaskapit\u00e1ny \u00e9s gr. Kuun M\u00e1ria le\u00e1nya.). Fiaik: S\u00e1muel (1801\u20131859) \u00e9s J\u00e1nos. Irod.: Gudenus<\/p>\n","protected":false},"featured_media":0,"comment_status":"open","ping_status":"closed","template":"","meta":[],"product_brand":[],"product_cat":[137],"product_tag":[],"class_list":{"0":"post-2183","1":"product","2":"type-product","3":"status-publish","5":"product_cat-maros-megyei-eletrajzi-lexikon","7":"first","8":"instock","9":"shipping-taxable","10":"product-type-simple"},"_links":{"self":[{"href":"https:\/\/uj.adatbank.ro\/lexikon\/wp-json\/wp\/v2\/product\/2183","targetHints":{"allow":["GET"]}}],"collection":[{"href":"https:\/\/uj.adatbank.ro\/lexikon\/wp-json\/wp\/v2\/product"}],"about":[{"href":"https:\/\/uj.adatbank.ro\/lexikon\/wp-json\/wp\/v2\/types\/product"}],"replies":[{"embeddable":true,"href":"https:\/\/uj.adatbank.ro\/lexikon\/wp-json\/wp\/v2\/comments?post=2183"}],"wp:attachment":[{"href":"https:\/\/uj.adatbank.ro\/lexikon\/wp-json\/wp\/v2\/media?parent=2183"}],"wp:term":[{"taxonomy":"product_brand","embeddable":true,"href":"https:\/\/uj.adatbank.ro\/lexikon\/wp-json\/wp\/v2\/product_brand?post=2183"},{"taxonomy":"product_cat","embeddable":true,"href":"https:\/\/uj.adatbank.ro\/lexikon\/wp-json\/wp\/v2\/product_cat?post=2183"},{"taxonomy":"product_tag","embeddable":true,"href":"https:\/\/uj.adatbank.ro\/lexikon\/wp-json\/wp\/v2\/product_tag?post=2183"}],"curies":[{"name":"wp","href":"https:\/\/api.w.org\/{rel}","templated":true}]}}