{"id":21830,"date":"2025-07-22T19:39:13","date_gmt":"2025-07-22T17:39:13","guid":{"rendered":"https:\/\/uj.adatbank.ro\/lexikon\/termek\/szekely-miklos\/"},"modified":"2025-07-22T19:39:13","modified_gmt":"2025-07-22T17:39:13","slug":"szekely-miklos","status":"publish","type":"product","link":"https:\/\/uj.adatbank.ro\/lexikon\/termek\/szekely-miklos\/","title":{"rendered":"SZ\u00c9KELY Mikl\u00f3s"},"content":{"rendered":"<p>Maros\u00fajv\u00e1r, 1882.,\u00a0\u2020?: mozdonyvezet\u0151. \u2013 A lakatosiparban szabadult fel, majd a M\u00c1V-hoz ker\u00fclt (1908), ahol 31 \u00e9vig szolg\u00e1lt mint mozdonyvezet\u0151. Mv.-en is \u00e9lt. A hazafias \u00e9s kultur\u00e1lis egyes\u00fcletek t\u00e1mogat\u00f3ja volt. <br \/><strong>Irod.:<\/strong> Sz\u00e9kelyf\u00f6ld \u00ed. k.<\/br><\/p>\n","protected":false},"excerpt":{"rendered":"<p>Maros\u00fajv\u00e1r, 1882.,\u00a0\u2020?: mozdonyvezet\u0151. \u2013 A lakatosiparban szabadult fel, majd a M\u00c1V-hoz ker\u00fclt (1908), ahol 31 \u00e9vig szolg\u00e1lt mint mozdonyvezet\u0151. Mv.-en is \u00e9lt. A hazafias \u00e9s kultur\u00e1lis egyes\u00fcletek t\u00e1mogat\u00f3ja volt. Irod.: Sz\u00e9kelyf\u00f6ld \u00ed. k.<\/p>\n","protected":false},"featured_media":0,"comment_status":"open","ping_status":"closed","template":"","meta":[],"product_brand":[],"product_cat":[137],"product_tag":[],"class_list":{"0":"post-21830","1":"product","2":"type-product","3":"status-publish","5":"product_cat-maros-megyei-eletrajzi-lexikon","7":"first","8":"instock","9":"shipping-taxable","10":"product-type-simple"},"_links":{"self":[{"href":"https:\/\/uj.adatbank.ro\/lexikon\/wp-json\/wp\/v2\/product\/21830","targetHints":{"allow":["GET"]}}],"collection":[{"href":"https:\/\/uj.adatbank.ro\/lexikon\/wp-json\/wp\/v2\/product"}],"about":[{"href":"https:\/\/uj.adatbank.ro\/lexikon\/wp-json\/wp\/v2\/types\/product"}],"replies":[{"embeddable":true,"href":"https:\/\/uj.adatbank.ro\/lexikon\/wp-json\/wp\/v2\/comments?post=21830"}],"wp:attachment":[{"href":"https:\/\/uj.adatbank.ro\/lexikon\/wp-json\/wp\/v2\/media?parent=21830"}],"wp:term":[{"taxonomy":"product_brand","embeddable":true,"href":"https:\/\/uj.adatbank.ro\/lexikon\/wp-json\/wp\/v2\/product_brand?post=21830"},{"taxonomy":"product_cat","embeddable":true,"href":"https:\/\/uj.adatbank.ro\/lexikon\/wp-json\/wp\/v2\/product_cat?post=21830"},{"taxonomy":"product_tag","embeddable":true,"href":"https:\/\/uj.adatbank.ro\/lexikon\/wp-json\/wp\/v2\/product_tag?post=21830"}],"curies":[{"name":"wp","href":"https:\/\/api.w.org\/{rel}","templated":true}]}}