{"id":21832,"date":"2025-07-22T19:39:17","date_gmt":"2025-07-22T17:39:17","guid":{"rendered":"https:\/\/uj.adatbank.ro\/lexikon\/termek\/szekely-miklos-3\/"},"modified":"2025-07-22T19:39:17","modified_gmt":"2025-07-22T17:39:17","slug":"szekely-miklos-3","status":"publish","type":"product","link":"https:\/\/uj.adatbank.ro\/lexikon\/termek\/szekely-miklos-3\/","title":{"rendered":"SZ\u00c9KELY Mikl\u00f3s"},"content":{"rendered":"<p>Maross\u00e1rpatak, 1904., \u2020?: gazd\u00e1lkod\u00f3. \u2013 Iskol\u00e1i elv\u00e9gz\u00e9se ut\u00e1n apj\u00e1t\u00f3l tanult gazd\u00e1lkodni, majd \u00f6n\u00e1ll\u00f3 lett (1927). A Tejsz\u00f6vetkezet \u00e9s a Hangya ig. tagja, tekint\u00e9lyes polg\u00e1ra volt a k\u00f6zs\u00e9gnek. <br \/><strong>Irod.:<\/strong> Sz\u00e9kelyf\u00f6ld \u00ed. k.<\/br><\/p>\n","protected":false},"excerpt":{"rendered":"<p>Maross\u00e1rpatak, 1904., \u2020?: gazd\u00e1lkod\u00f3. \u2013 Iskol\u00e1i elv\u00e9gz\u00e9se ut\u00e1n apj\u00e1t\u00f3l tanult gazd\u00e1lkodni, majd \u00f6n\u00e1ll\u00f3 lett (1927). A Tejsz\u00f6vetkezet \u00e9s a Hangya ig. tagja, tekint\u00e9lyes polg\u00e1ra volt a k\u00f6zs\u00e9gnek. Irod.: Sz\u00e9kelyf\u00f6ld \u00ed. k.<\/p>\n","protected":false},"featured_media":0,"comment_status":"open","ping_status":"closed","template":"","meta":[],"product_brand":[],"product_cat":[137],"product_tag":[],"class_list":{"0":"post-21832","1":"product","2":"type-product","3":"status-publish","5":"product_cat-maros-megyei-eletrajzi-lexikon","7":"first","8":"instock","9":"shipping-taxable","10":"product-type-simple"},"_links":{"self":[{"href":"https:\/\/uj.adatbank.ro\/lexikon\/wp-json\/wp\/v2\/product\/21832","targetHints":{"allow":["GET"]}}],"collection":[{"href":"https:\/\/uj.adatbank.ro\/lexikon\/wp-json\/wp\/v2\/product"}],"about":[{"href":"https:\/\/uj.adatbank.ro\/lexikon\/wp-json\/wp\/v2\/types\/product"}],"replies":[{"embeddable":true,"href":"https:\/\/uj.adatbank.ro\/lexikon\/wp-json\/wp\/v2\/comments?post=21832"}],"wp:attachment":[{"href":"https:\/\/uj.adatbank.ro\/lexikon\/wp-json\/wp\/v2\/media?parent=21832"}],"wp:term":[{"taxonomy":"product_brand","embeddable":true,"href":"https:\/\/uj.adatbank.ro\/lexikon\/wp-json\/wp\/v2\/product_brand?post=21832"},{"taxonomy":"product_cat","embeddable":true,"href":"https:\/\/uj.adatbank.ro\/lexikon\/wp-json\/wp\/v2\/product_cat?post=21832"},{"taxonomy":"product_tag","embeddable":true,"href":"https:\/\/uj.adatbank.ro\/lexikon\/wp-json\/wp\/v2\/product_tag?post=21832"}],"curies":[{"name":"wp","href":"https:\/\/api.w.org\/{rel}","templated":true}]}}