{"id":21834,"date":"2025-07-22T19:39:22","date_gmt":"2025-07-22T17:39:22","guid":{"rendered":"https:\/\/uj.adatbank.ro\/lexikon\/termek\/szekely-miklos-id\/"},"modified":"2025-07-22T19:39:22","modified_gmt":"2025-07-22T17:39:22","slug":"szekely-miklos-id","status":"publish","type":"product","link":"https:\/\/uj.adatbank.ro\/lexikon\/termek\/szekely-miklos-id\/","title":{"rendered":"SZ\u00c9KELY Mikl\u00f3s, id"},"content":{"rendered":"<p>Maross\u00e1rpatak, 1867., \u2020?: gazd\u00e1lkod\u00f3. \u2013 \u00d6n\u00e1ll\u00f3 gazda Maross\u00e1rparakon (1890\u2013). A MP tagja, a Hangya fel\u00fcgyel\u0151je, \u00e9s a Tejsz\u00f6vetkezet igazgat\u00f3ja volt, egyh\u00e1zmegyei f\u0151gondnok, a presbiterium \u00f6r\u00f6k\u00f6s tagja. <br \/><strong>Irod.:<\/strong> Sz\u00e9kelyf\u00f6ld \u00ed. k.<\/br><\/p>\n","protected":false},"excerpt":{"rendered":"<p>Maross\u00e1rpatak, 1867., \u2020?: gazd\u00e1lkod\u00f3. \u2013 \u00d6n\u00e1ll\u00f3 gazda Maross\u00e1rparakon (1890\u2013). A MP tagja, a Hangya fel\u00fcgyel\u0151je, \u00e9s a Tejsz\u00f6vetkezet igazgat\u00f3ja volt, egyh\u00e1zmegyei f\u0151gondnok, a presbiterium \u00f6r\u00f6k\u00f6s tagja. Irod.: Sz\u00e9kelyf\u00f6ld \u00ed. k.<\/p>\n","protected":false},"featured_media":0,"comment_status":"open","ping_status":"closed","template":"","meta":[],"product_brand":[],"product_cat":[137],"product_tag":[],"class_list":{"0":"post-21834","1":"product","2":"type-product","3":"status-publish","5":"product_cat-maros-megyei-eletrajzi-lexikon","7":"first","8":"instock","9":"shipping-taxable","10":"product-type-simple"},"_links":{"self":[{"href":"https:\/\/uj.adatbank.ro\/lexikon\/wp-json\/wp\/v2\/product\/21834","targetHints":{"allow":["GET"]}}],"collection":[{"href":"https:\/\/uj.adatbank.ro\/lexikon\/wp-json\/wp\/v2\/product"}],"about":[{"href":"https:\/\/uj.adatbank.ro\/lexikon\/wp-json\/wp\/v2\/types\/product"}],"replies":[{"embeddable":true,"href":"https:\/\/uj.adatbank.ro\/lexikon\/wp-json\/wp\/v2\/comments?post=21834"}],"wp:attachment":[{"href":"https:\/\/uj.adatbank.ro\/lexikon\/wp-json\/wp\/v2\/media?parent=21834"}],"wp:term":[{"taxonomy":"product_brand","embeddable":true,"href":"https:\/\/uj.adatbank.ro\/lexikon\/wp-json\/wp\/v2\/product_brand?post=21834"},{"taxonomy":"product_cat","embeddable":true,"href":"https:\/\/uj.adatbank.ro\/lexikon\/wp-json\/wp\/v2\/product_cat?post=21834"},{"taxonomy":"product_tag","embeddable":true,"href":"https:\/\/uj.adatbank.ro\/lexikon\/wp-json\/wp\/v2\/product_tag?post=21834"}],"curies":[{"name":"wp","href":"https:\/\/api.w.org\/{rel}","templated":true}]}}