{"id":21836,"date":"2025-07-22T19:39:25","date_gmt":"2025-07-22T17:39:25","guid":{"rendered":"https:\/\/uj.adatbank.ro\/lexikon\/termek\/szekely-mozes\/"},"modified":"2025-07-22T19:39:25","modified_gmt":"2025-07-22T17:39:25","slug":"szekely-mozes","status":"publish","type":"product","link":"https:\/\/uj.adatbank.ro\/lexikon\/termek\/szekely-mozes\/","title":{"rendered":"SZ\u00c9KELY M\u00f3zes"},"content":{"rendered":"<p>1788. nov. 24., \u2020 1842.: r. k. pap. \u2013 Papp\u00e1 szentelt\u00e9k (1812. j\u00fan. 29). K\u00e1pl\u00e1n Gyulafeh\u00e9rv\u00e1ron (1813). Pl\u00e9b\u00e1nos Felvincen, Szov\u00e1t\u00e1n nyugd\u00edjaz\u00e1s\u00e1ig (1822\u201340). <br \/><strong>Irod.:<\/strong> Ferenczi S\u00e1ndor 2009.<\/br><\/p>\n","protected":false},"excerpt":{"rendered":"<p>1788. nov. 24., \u2020 1842.: r. k. pap. \u2013 Papp\u00e1 szentelt\u00e9k (1812. j\u00fan. 29). K\u00e1pl\u00e1n Gyulafeh\u00e9rv\u00e1ron (1813). Pl\u00e9b\u00e1nos Felvincen, Szov\u00e1t\u00e1n nyugd\u00edjaz\u00e1s\u00e1ig (1822\u201340). Irod.: Ferenczi S\u00e1ndor 2009.<\/p>\n","protected":false},"featured_media":0,"comment_status":"open","ping_status":"closed","template":"","meta":[],"product_brand":[],"product_cat":[137],"product_tag":[],"class_list":{"0":"post-21836","1":"product","2":"type-product","3":"status-publish","5":"product_cat-maros-megyei-eletrajzi-lexikon","7":"first","8":"instock","9":"shipping-taxable","10":"product-type-simple"},"_links":{"self":[{"href":"https:\/\/uj.adatbank.ro\/lexikon\/wp-json\/wp\/v2\/product\/21836","targetHints":{"allow":["GET"]}}],"collection":[{"href":"https:\/\/uj.adatbank.ro\/lexikon\/wp-json\/wp\/v2\/product"}],"about":[{"href":"https:\/\/uj.adatbank.ro\/lexikon\/wp-json\/wp\/v2\/types\/product"}],"replies":[{"embeddable":true,"href":"https:\/\/uj.adatbank.ro\/lexikon\/wp-json\/wp\/v2\/comments?post=21836"}],"wp:attachment":[{"href":"https:\/\/uj.adatbank.ro\/lexikon\/wp-json\/wp\/v2\/media?parent=21836"}],"wp:term":[{"taxonomy":"product_brand","embeddable":true,"href":"https:\/\/uj.adatbank.ro\/lexikon\/wp-json\/wp\/v2\/product_brand?post=21836"},{"taxonomy":"product_cat","embeddable":true,"href":"https:\/\/uj.adatbank.ro\/lexikon\/wp-json\/wp\/v2\/product_cat?post=21836"},{"taxonomy":"product_tag","embeddable":true,"href":"https:\/\/uj.adatbank.ro\/lexikon\/wp-json\/wp\/v2\/product_tag?post=21836"}],"curies":[{"name":"wp","href":"https:\/\/api.w.org\/{rel}","templated":true}]}}