{"id":21837,"date":"2025-07-22T19:39:27","date_gmt":"2025-07-22T17:39:27","guid":{"rendered":"https:\/\/uj.adatbank.ro\/lexikon\/termek\/szekely-mozes-simenfalvi\/"},"modified":"2025-07-22T19:39:27","modified_gmt":"2025-07-22T17:39:27","slug":"szekely-mozes-simenfalvi","status":"publish","type":"product","link":"https:\/\/uj.adatbank.ro\/lexikon\/termek\/szekely-mozes-simenfalvi\/","title":{"rendered":"SZ\u00c9KELY M\u00f3zes, sim\u00e9nfalvi"},"content":{"rendered":"<p>Sz\u00e9kelyudvarhely, 1553.k.\u2020 Brass\u00f3 s\u00edkj\u00e1n, 1603. j\u00fal.: kamaraisp\u00e1n, kapit\u00e1ny, kir\u00e1lyb\u00edr\u00f3, fejedelem. \u2013 Apja J\u00e1nos de\u00e1k, literati J\u00e1nos, sz\u00e9kely l\u00f3f\u0151 (\u2020\u00a01591. okt. ), Udvarhelysz\u00e9k jegyz\u0151je (1556), a s\u00f3falvi s\u00f3kamra isp\u00e1nja (1568). Testv\u00e9rei: Istv\u00e1n, J\u00e1nos, P\u00e9ter. Feles\u00e9ge: 1.Bodoni Bal\u00e1zs Erzs\u00e9bet (esk\u00fcv\u0151, 1584. dec. 27.) (\u2020 1585) a homor\u00f3dszentp\u00e1li Kornis Anna, Kornis Farkas le\u00e1nya.. \u2013 Fiatalon apja mellett s\u00f3keresked\u0151, majd katon\u00e1nak \u00e1llt B\u00e1thory Istv\u00e1n hadsereg\u00e9be (1575). R\u00e9szt vett a B\u00e1thori Istv\u00e1n fejedelem Bekes G\u00e1sp\u00e1r ellen v\u00edvott harc\u00e1ban (1575. j\u00fan. 1.-j\u00fal. 9.), a d\u00f6nt\u0151 \u00fctk\u00f6zetben Kerel\u0151szentp\u00e1ln\u00e1l az udvari lovass\u00e1got \u00e9s a gyalogos test\u0151r\u00f6ket vez\u00e9nyelte. Kornis Farkassal egy\u00fctt elk\u00eds\u00e9rte B\u00e1thorit Lengyelo.-ba (1576) \u00e9s itt sikeresen r\u00e9szt vett az oroszok elleni harcokban, B\u00e1thori Istv\u00e1n \u201eszentelt vit\u00e9zz\u00e9\u201d avatta \u00e9s c\u00edmert adom\u00e1nyozott neki. S\u00f3falvi s\u00f3kamar\u00e1s (1583). B\u00e1thori Zsigmondt\u00f3l birtokokat kapott (1583. j\u00fan. 10.) L\u00f6v\u00e9t\u00e9n, Sim\u00e9nfalv\u00e1n, K\u00f6r\u00f6s\u00f6n, Segesv\u00e1rsz\u00e9kben, majd L\u00f6v\u00e9t\u00e9n a kincst\u00e1r kez\u00e9n l\u00e9v\u0151 \u00f6sszes birtokokat \u00e9s tartoz\u00e9kaikat megkapta (1591\u2013). Udvarhelysz\u00e9k kapit\u00e1nya \u00e9s kir\u00e1lyb\u00edr\u00f3ja. T\u00f6bb hadj\u00e1ratba vett r\u00e9szt: P\u00e9ter moldvai vajda ellen (1591), a r\u00e1cok megseg\u00edt\u00e9s\u00e9re k\u00fcldt\u00e9k (1594), a tizen\u00f6t\u00e9ves h\u00e1bor\u00faban (1593\u2013), a t\u00f6r\u00f6k\u00f6k ellen (1598), a schellenbergi csat\u00e1ban alvez\u00e9r (1599. okt. 28). A havasalf\u00f6ldi hadj\u00e1rat ut\u00e1n B\u00e1thori Zsigmond birtokadom\u00e1nyokkal jutalmazta: Bels\u0151-Szolnokban (1597), megkapta Solymos v\u00e1r\u00e1t is (1598. m\u00e1rc. 1.). Mih\u00e1ly vajda oldal\u00e1n (1600), a moldvai hadj\u00e1ratban, az erd\u00e9lyi seregek hadvez\u00e9re, a goroszl\u00f3i csat\u00e1ban (1601. aug. 3.), a Giorgio Basta cs\u00e1sz\u00e1ri gener\u00e1lis helytart\u00f3s\u00e1ga ellen, a Habsburg \u2013 ellenes politika \u00e9l\u00e9re \u00e1llt. Mv.-re menek\u00fclt csal\u00e1dtagjaival a harci esem\u00e9nyek el\u0151l (1599) ez\u00e9rt Mih\u00e1ly vajda megparancsolta katon\u00e1inak, hogy V\u00e1s\u00e1rhelyt ne b\u00e1nts\u00e1k., majd Lengyelo.-ba menek\u00fclt \u00e9s B\u00e1thori Zsigmond \u00fajabb visszat\u00e9r\u00e9s\u00e9t k\u00e9sz\u00edtette el\u0151. Basta vezet\u00e9s\u00e9vel a cs\u00e1sz\u00e1ri had, az erd\u00e9lyi felkel\u0151k t\u00e1mogat\u00e1s\u00e1val Miriszl\u00f3n\u00e1l sz\u00e9tverte Mih\u00e1ly vajda sereg\u00e9t (1600. szept. 18.). A marossz\u00e9ki sz\u00e9kely hadak hozz\u00e1 csatlakoztak (1603), aki Ny\u00e1r\u00e1dt\u0151n\u00e9l tart\u00f3zkodott \u00e9s a v\u00e1rost\u00f3l \u00e9lelmet k\u00e9rt. C\u00e9lja volt egy f\u00fcggetlen erd\u00e9lyi fejedelems\u00e9g megalap\u00edt\u00e1sa. Erd\u00e9ly fejedelme (1603. m\u00e1j. 1. vagy 9.\u2013), eg\u00e9sz udvar\u00e1val unit. vall\u00e1s\u00fa volt. Basta az \u00e1ltala nemr\u00e9g tr\u00f3nra jutatott Radu \u015eerban havasalf\u00f6ldi vajd\u00e1val \u00f6sszefogva a Brass\u00f3 mellett v\u00edvott zernyesti csat\u00e1ban megverte sereg\u00e9t, elesett \u00e9s vele egy\u00fctt az erd\u00e9lyi nemess\u00e9g sz\u00edne java is (1603. j\u00fal. 17.). Sz\u00e9kely M\u00f3zes utca l\u00e9tezett Mv.-en (1934\u20131941). <br \/><strong>Irod.:<\/strong> Horn Ildik\u00f3: Erd\u00e9lyi unit.16. sz.; Id\u0151t\u00e1r 1.; K\u00e9nosi\u2013Uzoni 2.; Mih\u00e1ly J\u00e1nos: Sz. M. (\u00d6r\u00f6ks\u00e9g\u00fcnk, 2. sz., 2007); Vigh; Sz\u00e9kelys\u00e9g t\u00f6rt.<\/br><\/p>\n","protected":false},"excerpt":{"rendered":"<p>Sz\u00e9kelyudvarhely, 1553.k.\u2020 Brass\u00f3 s\u00edkj\u00e1n, 1603. j\u00fal.: kamaraisp\u00e1n, kapit\u00e1ny, kir\u00e1lyb\u00edr\u00f3, fejedelem. \u2013 Apja J\u00e1nos de\u00e1k, literati J\u00e1nos, sz\u00e9kely l\u00f3f\u0151 (\u2020\u00a01591. okt. ), Udvarhelysz\u00e9k jegyz\u0151je (1556), a s\u00f3falvi s\u00f3kamra isp\u00e1nja (1568). Testv\u00e9rei: Istv\u00e1n, J\u00e1nos, P\u00e9ter. Feles\u00e9ge: 1.Bodoni Bal\u00e1zs Erzs\u00e9bet (esk\u00fcv\u0151, 1584. dec. 27.) (\u2020 1585) a homor\u00f3dszentp\u00e1li Kornis Anna, Kornis Farkas le\u00e1nya.. \u2013 Fiatalon apja mellett s\u00f3keresked\u0151, [&hellip;]<\/p>\n","protected":false},"featured_media":0,"comment_status":"open","ping_status":"closed","template":"","meta":[],"product_brand":[],"product_cat":[137],"product_tag":[],"class_list":{"0":"post-21837","1":"product","2":"type-product","3":"status-publish","5":"product_cat-maros-megyei-eletrajzi-lexikon","7":"first","8":"instock","9":"shipping-taxable","10":"product-type-simple"},"_links":{"self":[{"href":"https:\/\/uj.adatbank.ro\/lexikon\/wp-json\/wp\/v2\/product\/21837","targetHints":{"allow":["GET"]}}],"collection":[{"href":"https:\/\/uj.adatbank.ro\/lexikon\/wp-json\/wp\/v2\/product"}],"about":[{"href":"https:\/\/uj.adatbank.ro\/lexikon\/wp-json\/wp\/v2\/types\/product"}],"replies":[{"embeddable":true,"href":"https:\/\/uj.adatbank.ro\/lexikon\/wp-json\/wp\/v2\/comments?post=21837"}],"wp:attachment":[{"href":"https:\/\/uj.adatbank.ro\/lexikon\/wp-json\/wp\/v2\/media?parent=21837"}],"wp:term":[{"taxonomy":"product_brand","embeddable":true,"href":"https:\/\/uj.adatbank.ro\/lexikon\/wp-json\/wp\/v2\/product_brand?post=21837"},{"taxonomy":"product_cat","embeddable":true,"href":"https:\/\/uj.adatbank.ro\/lexikon\/wp-json\/wp\/v2\/product_cat?post=21837"},{"taxonomy":"product_tag","embeddable":true,"href":"https:\/\/uj.adatbank.ro\/lexikon\/wp-json\/wp\/v2\/product_tag?post=21837"}],"curies":[{"name":"wp","href":"https:\/\/api.w.org\/{rel}","templated":true}]}}